{"id":182,"date":"2014-08-16T11:08:55","date_gmt":"2014-08-16T09:08:55","guid":{"rendered":"http:\/\/vinivaldi.langhe.net\/?page_id=182"},"modified":"2021-12-07T14:23:01","modified_gmt":"2021-12-07T13:23:01","slug":"betrieb","status":"publish","type":"page","link":"https:\/\/www.vinivaldi.com\/weine\/betrieb\/","title":{"rendered":"Betrieb"},"content":{"rendered":"<p>Der Betrieb: ein Besuch des Ortes, an dem der Wein entsteht\u00a0Andrea Ivaldi, das j\u00fcngste Familienmitglied, \u00f6ffnet den Weinliebhabern das Tor zu seinem Betrieb und zeigt ihnen, wie der Wein, die Frucht eines Anbaujahres voll Hingabe und Leidenschaft, entsteht.<br \/>\nVon den Weinbergen bis zum Weinkeller wird Sie Familie Ivaldi den Weg, auf dem der traditionelle Wein entsteht, begleiten. Entlang der Farben, Aromen, Landschaften und Verkostungen.<\/p>\n<p>Das Weingut Ivaldi Dario befindet sich in einer klimatisch perfekt f\u00fcr den Weinanbau geeigneten Region, die sich schon seit f\u00fcnf Jahrhunderten dem Winzertum widmet. Nicht zuf\u00e4lliig ist Nizza Monferrato die Grundlage der sogennanten Unterzone \u201cNizza\u201d, die eine h\u00f6here Barbera Qualit\u00e4t garantiert.<\/p>\n<h2>Weingut<\/h2>\n<div id='gallery-1' class='gallery galleryid-182 gallery-columns-3 gallery-size-medium'><dl class='gallery-item'>\n\t\t\t<dt class='gallery-icon landscape'>\n\t\t\t\t<a href='https:\/\/www.vinivaldi.com\/weine\/wp-content\/uploads\/2021\/05\/andrea-ivaldi-wine-maker-nizza-monferrato-italy-.jpg'><img loading=\"lazy\" decoding=\"async\" width=\"800\" height=\"800\" src=\"https:\/\/www.vinivaldi.com\/weine\/wp-content\/uploads\/2021\/05\/andrea-ivaldi-wine-maker-nizza-monferrato-italy-.jpg\" class=\"attachment-medium size-medium\" alt=\"\" srcset=\"https:\/\/www.vinivaldi.com\/weine\/wp-content\/uploads\/2021\/05\/andrea-ivaldi-wine-maker-nizza-monferrato-italy-.jpg 800w, https:\/\/www.vinivaldi.com\/weine\/wp-content\/uploads\/2021\/05\/andrea-ivaldi-wine-maker-nizza-monferrato-italy--300x300.jpg 300w, https:\/\/www.vinivaldi.com\/weine\/wp-content\/uploads\/2021\/05\/andrea-ivaldi-wine-maker-nizza-monferrato-italy--600x600.jpg 600w, https:\/\/www.vinivaldi.com\/weine\/wp-content\/uploads\/2021\/05\/andrea-ivaldi-wine-maker-nizza-monferrato-italy--100x100.jpg 100w\" sizes=\"auto, (max-width: 800px) 100vw, 800px\" \/><\/a>\n\t\t\t<\/dt><\/dl><dl class='gallery-item'>\n\t\t\t<dt class='gallery-icon landscape'>\n\t\t\t\t<a href='https:\/\/www.vinivaldi.com\/weine\/wp-content\/uploads\/2021\/05\/003andrea-ivaldi-enologo-nizza-monferrato-4.jpg'><img loading=\"lazy\" decoding=\"async\" width=\"667\" height=\"667\" src=\"https:\/\/www.vinivaldi.com\/weine\/wp-content\/uploads\/2021\/05\/003andrea-ivaldi-enologo-nizza-monferrato-4.jpg\" class=\"attachment-medium size-medium\" alt=\"\" srcset=\"https:\/\/www.vinivaldi.com\/weine\/wp-content\/uploads\/2021\/05\/003andrea-ivaldi-enologo-nizza-monferrato-4.jpg 667w, https:\/\/www.vinivaldi.com\/weine\/wp-content\/uploads\/2021\/05\/003andrea-ivaldi-enologo-nizza-monferrato-4-300x300.jpg 300w, https:\/\/www.vinivaldi.com\/weine\/wp-content\/uploads\/2021\/05\/003andrea-ivaldi-enologo-nizza-monferrato-4-600x600.jpg 600w, https:\/\/www.vinivaldi.com\/weine\/wp-content\/uploads\/2021\/05\/003andrea-ivaldi-enologo-nizza-monferrato-4-100x100.jpg 100w\" sizes=\"auto, (max-width: 667px) 100vw, 667px\" \/><\/a>\n\t\t\t<\/dt><\/dl><dl class='gallery-item'>\n\t\t\t<dt class='gallery-icon landscape'>\n\t\t\t\t<a href='https:\/\/www.vinivaldi.com\/weine\/wp-content\/uploads\/2021\/05\/004-enologo-vini-piemontesi-6.jpg'><img loading=\"lazy\" decoding=\"async\" width=\"667\" height=\"667\" src=\"https:\/\/www.vinivaldi.com\/weine\/wp-content\/uploads\/2021\/05\/004-enologo-vini-piemontesi-6.jpg\" class=\"attachment-medium size-medium\" alt=\"\" srcset=\"https:\/\/www.vinivaldi.com\/weine\/wp-content\/uploads\/2021\/05\/004-enologo-vini-piemontesi-6.jpg 667w, https:\/\/www.vinivaldi.com\/weine\/wp-content\/uploads\/2021\/05\/004-enologo-vini-piemontesi-6-300x300.jpg 300w, https:\/\/www.vinivaldi.com\/weine\/wp-content\/uploads\/2021\/05\/004-enologo-vini-piemontesi-6-600x600.jpg 600w, https:\/\/www.vinivaldi.com\/weine\/wp-content\/uploads\/2021\/05\/004-enologo-vini-piemontesi-6-100x100.jpg 100w\" sizes=\"auto, (max-width: 667px) 100vw, 667px\" \/><\/a>\n\t\t\t<\/dt><\/dl><br style=\"clear: both\" \/>\n\t\t<\/div>\n\n<p>Seit vier Generationen widmet sich die <strong>Familie Ivaldi<\/strong> der Weinproduktion: in der Zeit hat sich die Liebe zum Land nicht ver\u00e4ndert, die Technologie konnte jedoch die Produktqualit\u00e4t verbessern und trotzdem die traditionellen Merkmale behalten.<\/p>\n<div id='gallery-2' class='gallery galleryid-182 gallery-columns-3 gallery-size-medium'><dl class='gallery-item'>\n\t\t\t<dt class='gallery-icon landscape'>\n\t\t\t\t<a href='https:\/\/www.vinivaldi.com\/weine\/wp-content\/uploads\/2021\/05\/018-vigneti-basso-piemonte-2.jpg'><img loading=\"lazy\" decoding=\"async\" width=\"1000\" height=\"667\" src=\"https:\/\/www.vinivaldi.com\/weine\/wp-content\/uploads\/2021\/05\/018-vigneti-basso-piemonte-2.jpg\" class=\"attachment-medium size-medium\" alt=\"\" srcset=\"https:\/\/www.vinivaldi.com\/weine\/wp-content\/uploads\/2021\/05\/018-vigneti-basso-piemonte-2.jpg 1000w, https:\/\/www.vinivaldi.com\/weine\/wp-content\/uploads\/2021\/05\/018-vigneti-basso-piemonte-2-600x400.jpg 600w\" sizes=\"auto, (max-width: 1000px) 100vw, 1000px\" \/><\/a>\n\t\t\t<\/dt><\/dl><dl class='gallery-item'>\n\t\t\t<dt class='gallery-icon landscape'>\n\t\t\t\t<a href='https:\/\/www.vinivaldi.com\/weine\/wp-content\/uploads\/2021\/05\/020-magnifiche-colline-patrimonio-unesco-monferrato-3.jpg'><img loading=\"lazy\" decoding=\"async\" width=\"1000\" height=\"667\" src=\"https:\/\/www.vinivaldi.com\/weine\/wp-content\/uploads\/2021\/05\/020-magnifiche-colline-patrimonio-unesco-monferrato-3.jpg\" class=\"attachment-medium size-medium\" alt=\"\" srcset=\"https:\/\/www.vinivaldi.com\/weine\/wp-content\/uploads\/2021\/05\/020-magnifiche-colline-patrimonio-unesco-monferrato-3.jpg 1000w, https:\/\/www.vinivaldi.com\/weine\/wp-content\/uploads\/2021\/05\/020-magnifiche-colline-patrimonio-unesco-monferrato-3-600x400.jpg 600w\" sizes=\"auto, (max-width: 1000px) 100vw, 1000px\" \/><\/a>\n\t\t\t<\/dt><\/dl><dl class='gallery-item'>\n\t\t\t<dt class='gallery-icon landscape'>\n\t\t\t\t<a href='https:\/\/www.vinivaldi.com\/weine\/wp-content\/uploads\/2021\/05\/017-azienda-ivaldi-nizza-monferrato-at-2.jpg'><img loading=\"lazy\" decoding=\"async\" width=\"1000\" height=\"667\" src=\"https:\/\/www.vinivaldi.com\/weine\/wp-content\/uploads\/2021\/05\/017-azienda-ivaldi-nizza-monferrato-at-2.jpg\" class=\"attachment-medium size-medium\" alt=\"\" srcset=\"https:\/\/www.vinivaldi.com\/weine\/wp-content\/uploads\/2021\/05\/017-azienda-ivaldi-nizza-monferrato-at-2.jpg 1000w, https:\/\/www.vinivaldi.com\/weine\/wp-content\/uploads\/2021\/05\/017-azienda-ivaldi-nizza-monferrato-at-2-600x400.jpg 600w\" sizes=\"auto, (max-width: 1000px) 100vw, 1000px\" \/><\/a>\n\t\t\t<\/dt><\/dl><br style=\"clear: both\" \/>\n\t\t<\/div>\n\n<p>Die Familie Ivaldi pflegt 8 Hektar, die sich teilweise in Nizza Monferrato und teilweise im nahen Castel Boglione befinden. Die Lage der Weinberge auf windigen H\u00fcgeln verspricht jedes Jahr reife und gesunde Fr\u00fcchte, unterst\u00fctzt von traditionellen Weinbautechnicken auf einem weinrebenfreundlichen Lehmboden. Neben dem bekannten Barbera-Wein wird auch Moscato D\u2019Asti, der beliebteste s\u00fc\u00dfe Wein Italiens als auch Dolcetto, Freisa, Chardonnay und Favorita produziert.<\/p>\n<div id='gallery-3' class='gallery galleryid-182 gallery-columns-4 gallery-size-medium'><dl class='gallery-item'>\n\t\t\t<dt class='gallery-icon portrait'>\n\t\t\t\t<a href='https:\/\/www.vinivaldi.com\/weine\/wp-content\/uploads\/2021\/05\/4.jpg'><img loading=\"lazy\" decoding=\"async\" width=\"768\" height=\"1024\" src=\"https:\/\/www.vinivaldi.com\/weine\/wp-content\/uploads\/2021\/05\/4.jpg\" class=\"attachment-medium size-medium\" alt=\"\" srcset=\"https:\/\/www.vinivaldi.com\/weine\/wp-content\/uploads\/2021\/05\/4.jpg 768w, https:\/\/www.vinivaldi.com\/weine\/wp-content\/uploads\/2021\/05\/4-600x800.jpg 600w\" sizes=\"auto, (max-width: 768px) 100vw, 768px\" \/><\/a>\n\t\t\t<\/dt><\/dl><dl class='gallery-item'>\n\t\t\t<dt class='gallery-icon portrait'>\n\t\t\t\t<a href='https:\/\/www.vinivaldi.com\/weine\/wp-content\/uploads\/2021\/05\/3.jpg'><img loading=\"lazy\" decoding=\"async\" width=\"795\" height=\"1024\" src=\"https:\/\/www.vinivaldi.com\/weine\/wp-content\/uploads\/2021\/05\/3.jpg\" class=\"attachment-medium size-medium\" alt=\"\" srcset=\"https:\/\/www.vinivaldi.com\/weine\/wp-content\/uploads\/2021\/05\/3.jpg 795w, https:\/\/www.vinivaldi.com\/weine\/wp-content\/uploads\/2021\/05\/3-600x773.jpg 600w\" sizes=\"auto, (max-width: 795px) 100vw, 795px\" \/><\/a>\n\t\t\t<\/dt><\/dl><dl class='gallery-item'>\n\t\t\t<dt class='gallery-icon portrait'>\n\t\t\t\t<a href='https:\/\/www.vinivaldi.com\/weine\/wp-content\/uploads\/2021\/05\/1.jpg'><img loading=\"lazy\" decoding=\"async\" width=\"785\" height=\"1024\" src=\"https:\/\/www.vinivaldi.com\/weine\/wp-content\/uploads\/2021\/05\/1.jpg\" class=\"attachment-medium size-medium\" alt=\"\" srcset=\"https:\/\/www.vinivaldi.com\/weine\/wp-content\/uploads\/2021\/05\/1.jpg 785w, https:\/\/www.vinivaldi.com\/weine\/wp-content\/uploads\/2021\/05\/1-600x783.jpg 600w\" sizes=\"auto, (max-width: 785px) 100vw, 785px\" \/><\/a>\n\t\t\t<\/dt><\/dl><dl class='gallery-item'>\n\t\t\t<dt class='gallery-icon portrait'>\n\t\t\t\t<a href='https:\/\/www.vinivaldi.com\/weine\/wp-content\/uploads\/2021\/05\/2.jpg'><img loading=\"lazy\" decoding=\"async\" width=\"776\" height=\"1024\" src=\"https:\/\/www.vinivaldi.com\/weine\/wp-content\/uploads\/2021\/05\/2.jpg\" class=\"attachment-medium size-medium\" alt=\"\" srcset=\"https:\/\/www.vinivaldi.com\/weine\/wp-content\/uploads\/2021\/05\/2.jpg 776w, https:\/\/www.vinivaldi.com\/weine\/wp-content\/uploads\/2021\/05\/2-600x792.jpg 600w\" sizes=\"auto, (max-width: 776px) 100vw, 776px\" \/><\/a>\n\t\t\t<\/dt><\/dl><br style=\"clear: both\" \/>\n\t\t<\/div>\n\n<p>Der Weinanbau wird in jeder Phase pers\u00f6nlich von der ganzen Familie Ivaldi mit Sorgfalt und Hingabe betrieben. Die produzierten Weine sind einzigartig durch die spezifischen Eigenschaften der Weinreben. In der Flasche oder in der Korbflasche, wie es den Bauern der Vergangenheit gefiel, entstehen die Weine von Ivaldi aus der Vorliebe f\u00fcr die traditionellen Noten jeder Weinrebe.<\/p>\n<div id='gallery-4' class='gallery galleryid-182 gallery-columns-3 gallery-size-medium'><dl class='gallery-item'>\n\t\t\t<dt class='gallery-icon landscape'>\n\t\t\t\t<a href='https:\/\/www.vinivaldi.com\/weine\/wp-content\/uploads\/2021\/05\/foglia-vite-apice-vegetativo.jpg'><img loading=\"lazy\" decoding=\"async\" width=\"800\" height=\"800\" src=\"https:\/\/www.vinivaldi.com\/weine\/wp-content\/uploads\/2021\/05\/foglia-vite-apice-vegetativo.jpg\" class=\"attachment-medium size-medium\" alt=\"\" srcset=\"https:\/\/www.vinivaldi.com\/weine\/wp-content\/uploads\/2021\/05\/foglia-vite-apice-vegetativo.jpg 800w, https:\/\/www.vinivaldi.com\/weine\/wp-content\/uploads\/2021\/05\/foglia-vite-apice-vegetativo-300x300.jpg 300w, https:\/\/www.vinivaldi.com\/weine\/wp-content\/uploads\/2021\/05\/foglia-vite-apice-vegetativo-600x600.jpg 600w, https:\/\/www.vinivaldi.com\/weine\/wp-content\/uploads\/2021\/05\/foglia-vite-apice-vegetativo-100x100.jpg 100w\" sizes=\"auto, (max-width: 800px) 100vw, 800px\" \/><\/a>\n\t\t\t<\/dt><\/dl><dl class='gallery-item'>\n\t\t\t<dt class='gallery-icon landscape'>\n\t\t\t\t<a href='https:\/\/www.vinivaldi.com\/weine\/wp-content\/uploads\/2021\/05\/vigneti-aprile2021-nizza-monferrato.jpg'><img loading=\"lazy\" decoding=\"async\" width=\"875\" height=\"875\" src=\"https:\/\/www.vinivaldi.com\/weine\/wp-content\/uploads\/2021\/05\/vigneti-aprile2021-nizza-monferrato.jpg\" class=\"attachment-medium size-medium\" alt=\"\" srcset=\"https:\/\/www.vinivaldi.com\/weine\/wp-content\/uploads\/2021\/05\/vigneti-aprile2021-nizza-monferrato.jpg 875w, https:\/\/www.vinivaldi.com\/weine\/wp-content\/uploads\/2021\/05\/vigneti-aprile2021-nizza-monferrato-300x300.jpg 300w, https:\/\/www.vinivaldi.com\/weine\/wp-content\/uploads\/2021\/05\/vigneti-aprile2021-nizza-monferrato-600x600.jpg 600w, https:\/\/www.vinivaldi.com\/weine\/wp-content\/uploads\/2021\/05\/vigneti-aprile2021-nizza-monferrato-100x100.jpg 100w\" sizes=\"auto, (max-width: 875px) 100vw, 875px\" \/><\/a>\n\t\t\t<\/dt><\/dl><dl class='gallery-item'>\n\t\t\t<dt class='gallery-icon landscape'>\n\t\t\t\t<a href='https:\/\/www.vinivaldi.com\/weine\/wp-content\/uploads\/2021\/05\/foglie.jpg'><img loading=\"lazy\" decoding=\"async\" width=\"800\" height=\"800\" src=\"https:\/\/www.vinivaldi.com\/weine\/wp-content\/uploads\/2021\/05\/foglie.jpg\" class=\"attachment-medium size-medium\" alt=\"\" srcset=\"https:\/\/www.vinivaldi.com\/weine\/wp-content\/uploads\/2021\/05\/foglie.jpg 800w, https:\/\/www.vinivaldi.com\/weine\/wp-content\/uploads\/2021\/05\/foglie-300x300.jpg 300w, https:\/\/www.vinivaldi.com\/weine\/wp-content\/uploads\/2021\/05\/foglie-600x600.jpg 600w, https:\/\/www.vinivaldi.com\/weine\/wp-content\/uploads\/2021\/05\/foglie-100x100.jpg 100w\" sizes=\"auto, (max-width: 800px) 100vw, 800px\" \/><\/a>\n\t\t\t<\/dt><\/dl><br style=\"clear: both\" \/>\n\t\t<\/div>\n\n<p>Das Holz, wenn es ins Spiel kommt, wird vorsichtig benutzt um die Weine weicher zu machen aber ohne die Parfums und Geschmacksrichtungen der Ursprungstrauben zu entarten.<\/p>\n<div id='gallery-5' class='gallery galleryid-182 gallery-columns-3 gallery-size-medium'><dl class='gallery-item'>\n\t\t\t<dt class='gallery-icon landscape'>\n\t\t\t\t<a href='https:\/\/www.vinivaldi.com\/weine\/wp-content\/uploads\/2021\/05\/010-vini-monferrato-affinamento-3.jpg'><img loading=\"lazy\" decoding=\"async\" width=\"1000\" height=\"667\" src=\"https:\/\/www.vinivaldi.com\/weine\/wp-content\/uploads\/2021\/05\/010-vini-monferrato-affinamento-3.jpg\" class=\"attachment-medium size-medium\" alt=\"\" srcset=\"https:\/\/www.vinivaldi.com\/weine\/wp-content\/uploads\/2021\/05\/010-vini-monferrato-affinamento-3.jpg 1000w, https:\/\/www.vinivaldi.com\/weine\/wp-content\/uploads\/2021\/05\/010-vini-monferrato-affinamento-3-600x400.jpg 600w\" sizes=\"auto, (max-width: 1000px) 100vw, 1000px\" \/><\/a>\n\t\t\t<\/dt><\/dl><dl class='gallery-item'>\n\t\t\t<dt class='gallery-icon landscape'>\n\t\t\t\t<a href='https:\/\/www.vinivaldi.com\/weine\/wp-content\/uploads\/2021\/05\/011-barbera-asti-docg-ivaldi-dario-3.jpg'><img loading=\"lazy\" decoding=\"async\" width=\"1000\" height=\"667\" src=\"https:\/\/www.vinivaldi.com\/weine\/wp-content\/uploads\/2021\/05\/011-barbera-asti-docg-ivaldi-dario-3.jpg\" class=\"attachment-medium size-medium\" alt=\"\" srcset=\"https:\/\/www.vinivaldi.com\/weine\/wp-content\/uploads\/2021\/05\/011-barbera-asti-docg-ivaldi-dario-3.jpg 1000w, https:\/\/www.vinivaldi.com\/weine\/wp-content\/uploads\/2021\/05\/011-barbera-asti-docg-ivaldi-dario-3-600x400.jpg 600w\" sizes=\"auto, (max-width: 1000px) 100vw, 1000px\" \/><\/a>\n\t\t\t<\/dt><\/dl><dl class='gallery-item'>\n\t\t\t<dt class='gallery-icon landscape'>\n\t\t\t\t<a href='https:\/\/www.vinivaldi.com\/weine\/wp-content\/uploads\/2021\/05\/botte-grande-per-affinamento-barbera-nizza.jpg'><img loading=\"lazy\" decoding=\"async\" width=\"1000\" height=\"667\" src=\"https:\/\/www.vinivaldi.com\/weine\/wp-content\/uploads\/2021\/05\/botte-grande-per-affinamento-barbera-nizza.jpg\" class=\"attachment-medium size-medium\" alt=\"\" srcset=\"https:\/\/www.vinivaldi.com\/weine\/wp-content\/uploads\/2021\/05\/botte-grande-per-affinamento-barbera-nizza.jpg 1000w, https:\/\/www.vinivaldi.com\/weine\/wp-content\/uploads\/2021\/05\/botte-grande-per-affinamento-barbera-nizza-600x400.jpg 600w\" sizes=\"auto, (max-width: 1000px) 100vw, 1000px\" \/><\/a>\n\t\t\t<\/dt><\/dl><br style=\"clear: both\" \/>\n\t\t<\/div>\n\n<h2><\/h2>\n","protected":false},"excerpt":{"rendered":"<p>Der Betrieb: ein Besuch des Ortes, an dem der Wein entsteht\u00a0Andrea Ivaldi, das j\u00fcngste Familienmitglied, \u00f6ffnet den Weinliebhabern das Tor zu seinem Betrieb und zeigt ihnen, wie der Wein, die Frucht eines Anbaujahres voll Hingabe und Leidenschaft, entsteht. Von den Weinbergen bis zum Weinkeller wird Sie Familie Ivaldi den Weg, auf dem der traditionelle Wein [&hellip;]<\/p>\n","protected":false},"author":1,"featured_media":0,"parent":0,"menu_order":1,"comment_status":"open","ping_status":"closed","template":"","meta":{"_genesis_hide_title":false,"_genesis_hide_breadcrumbs":false,"_genesis_hide_singular_image":false,"_genesis_hide_footer_widgets":false,"_genesis_custom_body_class":"","_genesis_custom_post_class":"","_genesis_layout":"","footnotes":""},"class_list":{"0":"post-182","1":"page","2":"type-page","3":"status-publish","5":"entry","6":"has-post-thumbnail"},"yoast_head":"<!-- This site is optimized with the Yoast SEO plugin v26.7 - https:\/\/yoast.com\/wordpress\/plugins\/seo\/ -->\n<title>Weingut: Weine at Piedmont, Nizza Monferrato, Italien<\/title>\n<meta name=\"description\" content=\"Von den Weinbergen bis zum Weinkeller wird Sie Familie Ivaldi den Weg, auf dem der traditionelle Wein entsteht, begleiten. Entlang der Farben, Aromen, Landschaften und Verkostungen.\" \/>\n<meta name=\"robots\" content=\"index, follow, max-snippet:-1, max-image-preview:large, max-video-preview:-1\" \/>\n<link rel=\"canonical\" href=\"https:\/\/www.vinivaldi.com\/weine\/betrieb\/\" \/>\n<meta property=\"og:locale\" content=\"de_DE\" \/>\n<meta property=\"og:type\" content=\"article\" \/>\n<meta property=\"og:title\" content=\"Weingut: Weine at Piedmont, Nizza Monferrato, Italien\" \/>\n<meta property=\"og:description\" content=\"Von den Weinbergen bis zum Weinkeller wird Sie Familie Ivaldi den Weg, auf dem der traditionelle Wein entsteht, begleiten. Entlang der Farben, Aromen, Landschaften und Verkostungen.\" \/>\n<meta property=\"og:url\" content=\"https:\/\/www.vinivaldi.com\/weine\/betrieb\/\" \/>\n<meta property=\"og:site_name\" content=\"Landwirtschaftlicher Betrieb Ivaldi Dario von Ivaldi Andrea\" \/>\n<meta property=\"article:publisher\" content=\"https:\/\/www.facebook.com\/vinidelmonferrato\/\" \/>\n<meta property=\"article:modified_time\" content=\"2021-12-07T13:23:01+00:00\" \/>\n<meta property=\"og:image\" content=\"https:\/\/www.vinivaldi.com\/weine\/wp-content\/uploads\/2021\/05\/andrea-ivaldi-wine-maker-nizza-monferrato-italy-.jpg\" \/>\n<meta name=\"twitter:card\" content=\"summary_large_image\" \/>\n<meta name=\"twitter:label1\" content=\"Gesch\u00e4tzte Lesezeit\" \/>\n\t<meta name=\"twitter:data1\" content=\"2\u00a0Minuten\" \/>\n<script type=\"application\/ld+json\" class=\"yoast-schema-graph\">{\"@context\":\"https:\/\/schema.org\",\"@graph\":[{\"@type\":\"WebPage\",\"@id\":\"https:\/\/www.vinivaldi.com\/weine\/betrieb\/\",\"url\":\"https:\/\/www.vinivaldi.com\/weine\/betrieb\/\",\"name\":\"Weingut: Weine at Piedmont, Nizza Monferrato, Italien\",\"isPartOf\":{\"@id\":\"https:\/\/www.vinivaldi.com\/weine\/#website\"},\"datePublished\":\"2014-08-16T09:08:55+00:00\",\"dateModified\":\"2021-12-07T13:23:01+00:00\",\"description\":\"Von den Weinbergen bis zum Weinkeller wird Sie Familie Ivaldi den Weg, auf dem der traditionelle Wein entsteht, begleiten. Entlang der Farben, Aromen, Landschaften und Verkostungen.\",\"breadcrumb\":{\"@id\":\"https:\/\/www.vinivaldi.com\/weine\/betrieb\/#breadcrumb\"},\"inLanguage\":\"de\",\"potentialAction\":[{\"@type\":\"ReadAction\",\"target\":[\"https:\/\/www.vinivaldi.com\/weine\/betrieb\/\"]}]},{\"@type\":\"BreadcrumbList\",\"@id\":\"https:\/\/www.vinivaldi.com\/weine\/betrieb\/#breadcrumb\",\"itemListElement\":[{\"@type\":\"ListItem\",\"position\":1,\"name\":\"Home\",\"item\":\"https:\/\/www.vinivaldi.com\/weine\/\"},{\"@type\":\"ListItem\",\"position\":2,\"name\":\"Betrieb\"}]},{\"@type\":\"WebSite\",\"@id\":\"https:\/\/www.vinivaldi.com\/weine\/#website\",\"url\":\"https:\/\/www.vinivaldi.com\/weine\/\",\"name\":\"Landwirtschaftlicher Betrieb Ivaldi Dario von Ivaldi Andrea\",\"description\":\"\",\"potentialAction\":[{\"@type\":\"SearchAction\",\"target\":{\"@type\":\"EntryPoint\",\"urlTemplate\":\"https:\/\/www.vinivaldi.com\/weine\/?s={search_term_string}\"},\"query-input\":{\"@type\":\"PropertyValueSpecification\",\"valueRequired\":true,\"valueName\":\"search_term_string\"}}],\"inLanguage\":\"de\"}]}<\/script>\n<!-- \/ Yoast SEO plugin. -->","yoast_head_json":{"title":"Weingut: Weine at Piedmont, Nizza Monferrato, Italien","description":"Von den Weinbergen bis zum Weinkeller wird Sie Familie Ivaldi den Weg, auf dem der traditionelle Wein entsteht, begleiten. Entlang der Farben, Aromen, Landschaften und Verkostungen.","robots":{"index":"index","follow":"follow","max-snippet":"max-snippet:-1","max-image-preview":"max-image-preview:large","max-video-preview":"max-video-preview:-1"},"canonical":"https:\/\/www.vinivaldi.com\/weine\/betrieb\/","og_locale":"de_DE","og_type":"article","og_title":"Weingut: Weine at Piedmont, Nizza Monferrato, Italien","og_description":"Von den Weinbergen bis zum Weinkeller wird Sie Familie Ivaldi den Weg, auf dem der traditionelle Wein entsteht, begleiten. Entlang der Farben, Aromen, Landschaften und Verkostungen.","og_url":"https:\/\/www.vinivaldi.com\/weine\/betrieb\/","og_site_name":"Landwirtschaftlicher Betrieb Ivaldi Dario von Ivaldi Andrea","article_publisher":"https:\/\/www.facebook.com\/vinidelmonferrato\/","article_modified_time":"2021-12-07T13:23:01+00:00","og_image":[{"url":"https:\/\/www.vinivaldi.com\/weine\/wp-content\/uploads\/2021\/05\/andrea-ivaldi-wine-maker-nizza-monferrato-italy-.jpg","type":"","width":"","height":""}],"twitter_card":"summary_large_image","twitter_misc":{"Gesch\u00e4tzte Lesezeit":"2\u00a0Minuten"},"schema":{"@context":"https:\/\/schema.org","@graph":[{"@type":"WebPage","@id":"https:\/\/www.vinivaldi.com\/weine\/betrieb\/","url":"https:\/\/www.vinivaldi.com\/weine\/betrieb\/","name":"Weingut: Weine at Piedmont, Nizza Monferrato, Italien","isPartOf":{"@id":"https:\/\/www.vinivaldi.com\/weine\/#website"},"datePublished":"2014-08-16T09:08:55+00:00","dateModified":"2021-12-07T13:23:01+00:00","description":"Von den Weinbergen bis zum Weinkeller wird Sie Familie Ivaldi den Weg, auf dem der traditionelle Wein entsteht, begleiten. Entlang der Farben, Aromen, Landschaften und Verkostungen.","breadcrumb":{"@id":"https:\/\/www.vinivaldi.com\/weine\/betrieb\/#breadcrumb"},"inLanguage":"de","potentialAction":[{"@type":"ReadAction","target":["https:\/\/www.vinivaldi.com\/weine\/betrieb\/"]}]},{"@type":"BreadcrumbList","@id":"https:\/\/www.vinivaldi.com\/weine\/betrieb\/#breadcrumb","itemListElement":[{"@type":"ListItem","position":1,"name":"Home","item":"https:\/\/www.vinivaldi.com\/weine\/"},{"@type":"ListItem","position":2,"name":"Betrieb"}]},{"@type":"WebSite","@id":"https:\/\/www.vinivaldi.com\/weine\/#website","url":"https:\/\/www.vinivaldi.com\/weine\/","name":"Landwirtschaftlicher Betrieb Ivaldi Dario von Ivaldi Andrea","description":"","potentialAction":[{"@type":"SearchAction","target":{"@type":"EntryPoint","urlTemplate":"https:\/\/www.vinivaldi.com\/weine\/?s={search_term_string}"},"query-input":{"@type":"PropertyValueSpecification","valueRequired":true,"valueName":"search_term_string"}}],"inLanguage":"de"}]}},"_links":{"self":[{"href":"https:\/\/www.vinivaldi.com\/weine\/wp-json\/wp\/v2\/pages\/182","targetHints":{"allow":["GET"]}}],"collection":[{"href":"https:\/\/www.vinivaldi.com\/weine\/wp-json\/wp\/v2\/pages"}],"about":[{"href":"https:\/\/www.vinivaldi.com\/weine\/wp-json\/wp\/v2\/types\/page"}],"author":[{"embeddable":true,"href":"https:\/\/www.vinivaldi.com\/weine\/wp-json\/wp\/v2\/users\/1"}],"replies":[{"embeddable":true,"href":"https:\/\/www.vinivaldi.com\/weine\/wp-json\/wp\/v2\/comments?post=182"}],"version-history":[{"count":8,"href":"https:\/\/www.vinivaldi.com\/weine\/wp-json\/wp\/v2\/pages\/182\/revisions"}],"predecessor-version":[{"id":1892,"href":"https:\/\/www.vinivaldi.com\/weine\/wp-json\/wp\/v2\/pages\/182\/revisions\/1892"}],"wp:attachment":[{"href":"https:\/\/www.vinivaldi.com\/weine\/wp-json\/wp\/v2\/media?parent=182"}],"curies":[{"name":"wp","href":"https:\/\/api.w.org\/{rel}","templated":true}]}}