{"id":2,"date":"2016-02-23T13:52:12","date_gmt":"2016-02-23T12:52:12","guid":{"rendered":"http:\/\/vinivaldi.com\/weine\/?page_id=2"},"modified":"2021-05-27T17:42:31","modified_gmt":"2021-05-27T15:42:31","slug":"home","status":"publish","type":"page","link":"https:\/\/www.vinivaldi.com\/weine\/","title":{"rendered":"Home"},"content":{"rendered":"<h1>Ivaldi Dario&#8217;s Unser Betrieb<\/h1>\n<p>Der landwirtschaftliche Betrieb Ivaldi Dario befindet sich in einem Gebiet, das unter den Weinliebhabern wegen seines historischen Weinbaupotentials, verbunden mit dem Barbera, bekannt ist. Es ist n\u00e4mlich genau in Nizza Monferrato, wo der Barbera d&#8217;Asti seinen besten Weincharakter hervorbringt, dank der g\u00fcnstigen Boden- und Klimaverh\u00e4ltnisse, und einer \u00fcber 5 Jahrhunderte alten Weintradition. Seit drei Generationen widmet sich Familie Ivaldi dem Weinanbau, besonders von dieser Rebsorte.<\/p>\n<p>&nbsp;<\/p>\n<h2>Unsere Weine<\/h2>\n<p>Neben dem Barbera kultiviert und produziert das Unternehmen auch die Sorten Moscato d&#8217;Asti, Dolcetto, Freisa, Chardonnay und Favorita. Die hergestellten Weine sind seri\u00f6se Weine, die die charakteristischen Eigenschaften der Reben preisgeben und jedes Mal alle Akzente der unterschiedlichen Weinlesen ausdr\u00fccken. Ob in der Flasche oder im Glasballon, die Ivaldi Weine entstehen aus der Vorliebe f\u00fcr die traditionellen Noten jedes einzelnen Rebstocks heraus.<\/p>\n<p>&nbsp;<\/p>\n<p>&nbsp;<\/p>\n<h3>Die Weinberget<\/h3>\n<p>Die Weine stammen ausschlie\u00dflich von den Trauben, die auf den Weinbergen des Betriebs kultiviert werden. Die Weinberge erstrecken sich auf zw\u00f6lf Hektar Land. Auf dem gr\u00f6\u00dften Teil der Anbaufl\u00e4che w\u00e4chst Barbera, auf einem weiteren Teil w\u00e4chst Moscato und auf kleineren Teilen wachsen Dolcetto, Brachetto d\u2019Acqui Cortese, Favorita, Freisa und Chardonnay. Die Anbaumethode und Reberziehung ist die typische piemonteser Art, das hei\u00dft der Guyot-Schnitt.<\/p>\n<p>&nbsp;<\/p>\n<h5>Den Betrieb besuchen<\/h5>\n<p>Der landwirtschaftliche Betrieb Ivaldi ist f\u00fcr alle offen, die die Orte entdecken und die Personen kennenlernen wollen, die hinter der Produktion der typischen Weine des Monferrato stehen. Es sind einige Rundg\u00e4nge vorgesehen, die \u00fcber die Weinberge und durch den Weinkeller f\u00fchren, sodass nicht nur die Aspekte des Anbaus, sondern auch die \u00f6nologischen Aspekte tiefer betrachtet werden k\u00f6nnen. Der Besuch wird begleitet von einer Weinprobe im Betrieb. Die Weine k\u00f6nnen vor Ort gekauft und direkt zu Hause empfangen werden.<\/p>\n<p>&nbsp;<\/p>\n<div id=\"gtx-trans\" style=\"position: absolute; left: -88px; top: 743.469px;\">\n<div class=\"gtx-trans-icon\"><\/div>\n<\/div>\n","protected":false},"excerpt":{"rendered":"<p>Ivaldi Dario&#8217;s Unser Betrieb Der landwirtschaftliche Betrieb Ivaldi Dario befindet sich in einem Gebiet, das unter den Weinliebhabern wegen seines historischen Weinbaupotentials, verbunden mit dem Barbera, bekannt ist. Es ist n\u00e4mlich genau in Nizza Monferrato, wo der Barbera d&#8217;Asti seinen besten Weincharakter hervorbringt, dank der g\u00fcnstigen Boden- und Klimaverh\u00e4ltnisse, und einer \u00fcber 5 Jahrhunderte alten [&hellip;]<\/p>\n","protected":false},"author":1,"featured_media":0,"parent":0,"menu_order":0,"comment_status":"closed","ping_status":"closed","template":"","meta":{"_genesis_hide_title":false,"_genesis_hide_breadcrumbs":false,"_genesis_hide_singular_image":false,"_genesis_hide_footer_widgets":false,"_genesis_custom_body_class":"","_genesis_custom_post_class":"","_genesis_layout":"","footnotes":""},"class_list":{"0":"post-2","1":"page","2":"type-page","3":"status-publish","5":"entry"},"yoast_head":"<!-- This site is optimized with the Yoast SEO plugin v26.7 - https:\/\/yoast.com\/wordpress\/plugins\/seo\/ -->\n<title>Weine Barbera, Piedmont, Italy - Nizza Monferrato<\/title>\n<meta name=\"description\" content=\"ist n\u00e4mlich genau in Nizza Monferrato, wo der Barbera d&#039;Asti seinen besten Weincharakter hervorbringt, dank der g\u00fcnstigen Boden- und Klimaverh\u00e4ltnisse, und einer \u00fcber 5 Jahrhunderte alten Weintradition\" \/>\n<meta name=\"robots\" content=\"index, follow, max-snippet:-1, max-image-preview:large, max-video-preview:-1\" \/>\n<link rel=\"canonical\" href=\"https:\/\/www.vinivaldi.com\/weine\/\" \/>\n<meta property=\"og:locale\" content=\"de_DE\" \/>\n<meta property=\"og:type\" content=\"article\" \/>\n<meta property=\"og:title\" content=\"Weine Barbera, Piedmont, Italy - Nizza Monferrato\" \/>\n<meta property=\"og:description\" content=\"ist n\u00e4mlich genau in Nizza Monferrato, wo der Barbera d&#039;Asti seinen besten Weincharakter hervorbringt, dank der g\u00fcnstigen Boden- und Klimaverh\u00e4ltnisse, und einer \u00fcber 5 Jahrhunderte alten Weintradition\" \/>\n<meta property=\"og:url\" content=\"https:\/\/www.vinivaldi.com\/weine\/\" \/>\n<meta property=\"og:site_name\" content=\"Landwirtschaftlicher Betrieb Ivaldi Dario von Ivaldi Andrea\" \/>\n<meta property=\"article:publisher\" content=\"https:\/\/www.facebook.com\/vinidelmonferrato\/\" \/>\n<meta property=\"article:modified_time\" content=\"2021-05-27T15:42:31+00:00\" \/>\n<meta name=\"twitter:card\" content=\"summary_large_image\" \/>\n<meta name=\"twitter:label1\" content=\"Gesch\u00e4tzte Lesezeit\" \/>\n\t<meta name=\"twitter:data1\" content=\"2\u00a0Minuten\" \/>\n<script type=\"application\/ld+json\" class=\"yoast-schema-graph\">{\"@context\":\"https:\/\/schema.org\",\"@graph\":[{\"@type\":\"WebPage\",\"@id\":\"https:\/\/www.vinivaldi.com\/weine\/\",\"url\":\"https:\/\/www.vinivaldi.com\/weine\/\",\"name\":\"Weine Barbera, Piedmont, Italy - Nizza Monferrato\",\"isPartOf\":{\"@id\":\"https:\/\/www.vinivaldi.com\/weine\/#website\"},\"datePublished\":\"2016-02-23T12:52:12+00:00\",\"dateModified\":\"2021-05-27T15:42:31+00:00\",\"description\":\"ist n\u00e4mlich genau in Nizza Monferrato, wo der Barbera d'Asti seinen besten Weincharakter hervorbringt, dank der g\u00fcnstigen Boden- und Klimaverh\u00e4ltnisse, und einer \u00fcber 5 Jahrhunderte alten Weintradition\",\"breadcrumb\":{\"@id\":\"https:\/\/www.vinivaldi.com\/weine\/#breadcrumb\"},\"inLanguage\":\"de\",\"potentialAction\":[{\"@type\":\"ReadAction\",\"target\":[\"https:\/\/www.vinivaldi.com\/weine\/\"]}]},{\"@type\":\"BreadcrumbList\",\"@id\":\"https:\/\/www.vinivaldi.com\/weine\/#breadcrumb\",\"itemListElement\":[{\"@type\":\"ListItem\",\"position\":1,\"name\":\"Home\",\"item\":\"https:\/\/www.vinivaldi.com\/weine\/\"},{\"@type\":\"ListItem\",\"position\":2,\"name\":\"Home\"}]},{\"@type\":\"WebSite\",\"@id\":\"https:\/\/www.vinivaldi.com\/weine\/#website\",\"url\":\"https:\/\/www.vinivaldi.com\/weine\/\",\"name\":\"Landwirtschaftlicher Betrieb Ivaldi Dario von Ivaldi Andrea\",\"description\":\"\",\"potentialAction\":[{\"@type\":\"SearchAction\",\"target\":{\"@type\":\"EntryPoint\",\"urlTemplate\":\"https:\/\/www.vinivaldi.com\/weine\/?s={search_term_string}\"},\"query-input\":{\"@type\":\"PropertyValueSpecification\",\"valueRequired\":true,\"valueName\":\"search_term_string\"}}],\"inLanguage\":\"de\"}]}<\/script>\n<!-- \/ Yoast SEO plugin. -->","yoast_head_json":{"title":"Weine Barbera, Piedmont, Italy - Nizza Monferrato","description":"ist n\u00e4mlich genau in Nizza Monferrato, wo der Barbera d'Asti seinen besten Weincharakter hervorbringt, dank der g\u00fcnstigen Boden- und Klimaverh\u00e4ltnisse, und einer \u00fcber 5 Jahrhunderte alten Weintradition","robots":{"index":"index","follow":"follow","max-snippet":"max-snippet:-1","max-image-preview":"max-image-preview:large","max-video-preview":"max-video-preview:-1"},"canonical":"https:\/\/www.vinivaldi.com\/weine\/","og_locale":"de_DE","og_type":"article","og_title":"Weine Barbera, Piedmont, Italy - Nizza Monferrato","og_description":"ist n\u00e4mlich genau in Nizza Monferrato, wo der Barbera d'Asti seinen besten Weincharakter hervorbringt, dank der g\u00fcnstigen Boden- und Klimaverh\u00e4ltnisse, und einer \u00fcber 5 Jahrhunderte alten Weintradition","og_url":"https:\/\/www.vinivaldi.com\/weine\/","og_site_name":"Landwirtschaftlicher Betrieb Ivaldi Dario von Ivaldi Andrea","article_publisher":"https:\/\/www.facebook.com\/vinidelmonferrato\/","article_modified_time":"2021-05-27T15:42:31+00:00","twitter_card":"summary_large_image","twitter_misc":{"Gesch\u00e4tzte Lesezeit":"2\u00a0Minuten"},"schema":{"@context":"https:\/\/schema.org","@graph":[{"@type":"WebPage","@id":"https:\/\/www.vinivaldi.com\/weine\/","url":"https:\/\/www.vinivaldi.com\/weine\/","name":"Weine Barbera, Piedmont, Italy - Nizza Monferrato","isPartOf":{"@id":"https:\/\/www.vinivaldi.com\/weine\/#website"},"datePublished":"2016-02-23T12:52:12+00:00","dateModified":"2021-05-27T15:42:31+00:00","description":"ist n\u00e4mlich genau in Nizza Monferrato, wo der Barbera d'Asti seinen besten Weincharakter hervorbringt, dank der g\u00fcnstigen Boden- und Klimaverh\u00e4ltnisse, und einer \u00fcber 5 Jahrhunderte alten Weintradition","breadcrumb":{"@id":"https:\/\/www.vinivaldi.com\/weine\/#breadcrumb"},"inLanguage":"de","potentialAction":[{"@type":"ReadAction","target":["https:\/\/www.vinivaldi.com\/weine\/"]}]},{"@type":"BreadcrumbList","@id":"https:\/\/www.vinivaldi.com\/weine\/#breadcrumb","itemListElement":[{"@type":"ListItem","position":1,"name":"Home","item":"https:\/\/www.vinivaldi.com\/weine\/"},{"@type":"ListItem","position":2,"name":"Home"}]},{"@type":"WebSite","@id":"https:\/\/www.vinivaldi.com\/weine\/#website","url":"https:\/\/www.vinivaldi.com\/weine\/","name":"Landwirtschaftlicher Betrieb Ivaldi Dario von Ivaldi Andrea","description":"","potentialAction":[{"@type":"SearchAction","target":{"@type":"EntryPoint","urlTemplate":"https:\/\/www.vinivaldi.com\/weine\/?s={search_term_string}"},"query-input":{"@type":"PropertyValueSpecification","valueRequired":true,"valueName":"search_term_string"}}],"inLanguage":"de"}]}},"_links":{"self":[{"href":"https:\/\/www.vinivaldi.com\/weine\/wp-json\/wp\/v2\/pages\/2","targetHints":{"allow":["GET"]}}],"collection":[{"href":"https:\/\/www.vinivaldi.com\/weine\/wp-json\/wp\/v2\/pages"}],"about":[{"href":"https:\/\/www.vinivaldi.com\/weine\/wp-json\/wp\/v2\/types\/page"}],"author":[{"embeddable":true,"href":"https:\/\/www.vinivaldi.com\/weine\/wp-json\/wp\/v2\/users\/1"}],"replies":[{"embeddable":true,"href":"https:\/\/www.vinivaldi.com\/weine\/wp-json\/wp\/v2\/comments?post=2"}],"version-history":[{"count":4,"href":"https:\/\/www.vinivaldi.com\/weine\/wp-json\/wp\/v2\/pages\/2\/revisions"}],"predecessor-version":[{"id":1874,"href":"https:\/\/www.vinivaldi.com\/weine\/wp-json\/wp\/v2\/pages\/2\/revisions\/1874"}],"wp:attachment":[{"href":"https:\/\/www.vinivaldi.com\/weine\/wp-json\/wp\/v2\/media?parent=2"}],"curies":[{"name":"wp","href":"https:\/\/api.w.org\/{rel}","templated":true}]}}