{"id":22,"date":"2014-07-08T22:24:08","date_gmt":"2014-07-08T20:24:08","guid":{"rendered":"http:\/\/vinivaldi.langhe.net\/?page_id=22"},"modified":"2023-05-19T16:38:26","modified_gmt":"2023-05-19T14:38:26","slug":"den-betrieb-besuchen","status":"publish","type":"page","link":"https:\/\/www.vinivaldi.com\/weine\/den-betrieb-besuchen\/","title":{"rendered":"Den Betrieb besuchen"},"content":{"rendered":"<p>Gerne \u00f6ffnen wir unsere T\u00fcren f\u00fcr unsere G\u00e4ste, die uns herzlich willkommen sind.<\/p>\n<div id='gallery-1' class='gallery galleryid-22 gallery-columns-2 gallery-size-medium'><dl class='gallery-item'>\n\t\t\t<dt class='gallery-icon landscape'>\n\t\t\t\t<a href='https:\/\/www.vinivaldi.com\/weine\/wp-content\/uploads\/2021\/05\/vigne-con-soffioni.jpg'><img loading=\"lazy\" decoding=\"async\" width=\"1000\" height=\"562\" src=\"https:\/\/www.vinivaldi.com\/weine\/wp-content\/uploads\/2021\/05\/vigne-con-soffioni.jpg\" class=\"attachment-medium size-medium\" alt=\"\" srcset=\"https:\/\/www.vinivaldi.com\/weine\/wp-content\/uploads\/2021\/05\/vigne-con-soffioni.jpg 1000w, https:\/\/www.vinivaldi.com\/weine\/wp-content\/uploads\/2021\/05\/vigne-con-soffioni-600x337.jpg 600w\" sizes=\"auto, (max-width: 1000px) 100vw, 1000px\" \/><\/a>\n\t\t\t<\/dt><\/dl><dl class='gallery-item'>\n\t\t\t<dt class='gallery-icon landscape'>\n\t\t\t\t<a href='https:\/\/www.vinivaldi.com\/weine\/wp-content\/uploads\/2021\/05\/degustazione-in-cantina-1.jpg'><img loading=\"lazy\" decoding=\"async\" width=\"1000\" height=\"562\" src=\"https:\/\/www.vinivaldi.com\/weine\/wp-content\/uploads\/2021\/05\/degustazione-in-cantina-1.jpg\" class=\"attachment-medium size-medium\" alt=\"\" srcset=\"https:\/\/www.vinivaldi.com\/weine\/wp-content\/uploads\/2021\/05\/degustazione-in-cantina-1.jpg 1000w, https:\/\/www.vinivaldi.com\/weine\/wp-content\/uploads\/2021\/05\/degustazione-in-cantina-1-600x337.jpg 600w\" sizes=\"auto, (max-width: 1000px) 100vw, 1000px\" \/><\/a>\n\t\t\t<\/dt><\/dl><br style=\"clear: both\" \/>\n\t\t<\/div>\n\n<p>RUNDGANG UND VERKOSTUNG<\/p>\n<p>Beim Rundgang k\u00f6nnen die Weinberge und der Weinkeller besichtigt werden.<\/p>\n<p>Auf Wunsch sprechen wir \u00fcber die einzelnen Arbeitsphasen und geben gerne tieferen Einblick in die Weinzubereitung.<\/p>\n<p>Zu den Produkten, die w\u00e4hrend des Besuchs verkostet und zu g\u00fcnstigen Preisen erworben werden k\u00f6nnen, geh\u00f6ren die Flaschenweine:<\/p>\n<ul class=\"uldeipost\">\n<li><strong>Monferrato Bianco<\/strong><\/li>\n<li><strong>Piemonte Chardonnay\u00a0<\/strong><\/li>\n<li><strong>Dolcetto d&#8217;Asti\u00a0<\/strong><\/li>\n<li><strong>Barbera del Monferrato<\/strong><\/li>\n<li><strong>Barbera d&#8217;Asti<\/strong><\/li>\n<li><strong>Barbera d&#8217;Asti Superiore Nizza<\/strong><\/li>\n<li><strong>Moscato d&#8217;Asti<\/strong><\/li>\n<li><strong>Brachetto d&#8217;Acqui<\/strong><\/li>\n<\/ul>\n<div id='gallery-2' class='gallery galleryid-22 gallery-columns-2 gallery-size-medium'><dl class='gallery-item'>\n\t\t\t<dt class='gallery-icon landscape'>\n\t\t\t\t<a href='https:\/\/www.vinivaldi.com\/weine\/wp-content\/uploads\/2021\/05\/moscato-ros-du-sul-nizza-monferrato-ivaldi.jpg'><img loading=\"lazy\" decoding=\"async\" width=\"765\" height=\"510\" src=\"https:\/\/www.vinivaldi.com\/weine\/wp-content\/uploads\/2021\/05\/moscato-ros-du-sul-nizza-monferrato-ivaldi.jpg\" class=\"attachment-medium size-medium\" alt=\"\" srcset=\"https:\/\/www.vinivaldi.com\/weine\/wp-content\/uploads\/2021\/05\/moscato-ros-du-sul-nizza-monferrato-ivaldi.jpg 765w, https:\/\/www.vinivaldi.com\/weine\/wp-content\/uploads\/2021\/05\/moscato-ros-du-sul-nizza-monferrato-ivaldi-600x400.jpg 600w\" sizes=\"auto, (max-width: 765px) 100vw, 765px\" \/><\/a>\n\t\t\t<\/dt><\/dl><dl class='gallery-item'>\n\t\t\t<dt class='gallery-icon landscape'>\n\t\t\t\t<a href='https:\/\/www.vinivaldi.com\/weine\/wp-content\/uploads\/2021\/05\/botti-di-cemento.jpg'><img loading=\"lazy\" decoding=\"async\" width=\"1000\" height=\"667\" src=\"https:\/\/www.vinivaldi.com\/weine\/wp-content\/uploads\/2021\/05\/botti-di-cemento.jpg\" class=\"attachment-medium size-medium\" alt=\"\" srcset=\"https:\/\/www.vinivaldi.com\/weine\/wp-content\/uploads\/2021\/05\/botti-di-cemento.jpg 1000w, https:\/\/www.vinivaldi.com\/weine\/wp-content\/uploads\/2021\/05\/botti-di-cemento-600x400.jpg 600w\" sizes=\"auto, (max-width: 1000px) 100vw, 1000px\" \/><\/a>\n\t\t\t<\/dt><\/dl><br style=\"clear: both\" \/>\n\t\t<\/div>\n\n<p>als auch die losen Weine aus dem Glasballon:<\/p>\n<ul class=\"uldeipost\">\n<li><strong>Cortese<\/strong><\/li>\n<li><strong>Chardonnay<\/strong><\/li>\n<li><strong>Dolcetto<\/strong><\/li>\n<li><strong>Barbera<\/strong><\/li>\n<li><strong>Freisa<\/strong><\/li>\n<\/ul>\n<p>Sie k\u00f6nnen die Weine direkt w\u00e4hrend Ihres Besuchs erwerben, mit der M\u00f6glichkeit, diese nach Absprache direkt nach Hause geliefert zu bekommen.<\/p>\n<h3>TYPOLOGIE DES BESUCHS<\/h3>\n<p style=\"text-align: center;\"><strong>Kostenpflichtiger Besuch: 20 Euro<\/strong><br \/>\nl\u00e4ngerer Besuch des Betriebs mit Verkostung aller hergestellten Weine (nach Wahl des Kunden).<br \/>\nEs ist m\u00f6glich bar oder mit Kreditkarte zu zahlen.<\/p>\n<div id='gallery-3' class='gallery galleryid-22 gallery-columns-2 gallery-size-medium'><dl class='gallery-item'>\n\t\t\t<dt class='gallery-icon landscape'>\n\t\t\t\t<a href='https:\/\/www.vinivaldi.com\/weine\/wp-content\/uploads\/2021\/05\/vendemmia.jpg'><img loading=\"lazy\" decoding=\"async\" width=\"1000\" height=\"667\" src=\"https:\/\/www.vinivaldi.com\/weine\/wp-content\/uploads\/2021\/05\/vendemmia.jpg\" class=\"attachment-medium size-medium\" alt=\"\" srcset=\"https:\/\/www.vinivaldi.com\/weine\/wp-content\/uploads\/2021\/05\/vendemmia.jpg 1000w, https:\/\/www.vinivaldi.com\/weine\/wp-content\/uploads\/2021\/05\/vendemmia-600x400.jpg 600w\" sizes=\"auto, (max-width: 1000px) 100vw, 1000px\" \/><\/a>\n\t\t\t<\/dt><\/dl><dl class='gallery-item'>\n\t\t\t<dt class='gallery-icon landscape'>\n\t\t\t\t<a href='https:\/\/www.vinivaldi.com\/weine\/wp-content\/uploads\/2021\/05\/nizza.jpg'><img loading=\"lazy\" decoding=\"async\" width=\"765\" height=\"510\" src=\"https:\/\/www.vinivaldi.com\/weine\/wp-content\/uploads\/2021\/05\/nizza.jpg\" class=\"attachment-medium size-medium\" alt=\"\" srcset=\"https:\/\/www.vinivaldi.com\/weine\/wp-content\/uploads\/2021\/05\/nizza.jpg 765w, https:\/\/www.vinivaldi.com\/weine\/wp-content\/uploads\/2021\/05\/nizza-600x400.jpg 600w\" sizes=\"auto, (max-width: 765px) 100vw, 765px\" \/><\/a>\n\t\t\t<\/dt><\/dl><br style=\"clear: both\" \/>\n\t\t<\/div>\n\n<h3>WEITERE INFORMATIONEN UND LEISTUNGEN<\/h3>\n<ul class=\"uldeipost\">\n<li>H\u00f6chstbesucherzahl: bis zu 50 Personen. Die Weinproben k\u00f6nnen sowohl im Freien, im Weinkeller als auch in der kleinen Taverne vorgenommen werden. Kleine Haustiere sind gestattet.<br \/>\nGesprochene Sprachen: Italienisch, Englisch, Franz\u00f6sisch.<br \/>\nGro\u00dfer Parkplatz (15 Autos, Bus, Minivan, Campingwagen, etc.)<br \/>\nZutritt f\u00fcr Haustiere: ja.<br \/>\nBesuchszeiten: sowohl unter der Woche als auch am Wochenende. Die Uhrzeit ist 9 \u2013 12 Uhr und 15 \u2013 19 Uhr, auf Anfrage kann jedoch eine andere Uhrzeit vereinbart werden.<br \/>\nStrukturelle Hindernisse: wir weisen darauf hin, dass der Weinkeller \u00fcber ein paar Stufen erreicht wird.<\/li>\n<\/ul>\n<p>F\u00fcllen Sie dieses einfache Formular aus, um Ihren Kellerbesuch auf unserem Bauernhof zu buchen.<\/p>\n\n<div class=\"wpcf7 no-js\" id=\"wpcf7-f1905-o1\" lang=\"de-DE\" dir=\"ltr\" data-wpcf7-id=\"1905\">\n<div class=\"screen-reader-response\"><p role=\"status\" aria-live=\"polite\" aria-atomic=\"true\"><\/p> <ul><\/ul><\/div>\n<form action=\"\/weine\/wp-json\/wp\/v2\/pages\/22#wpcf7-f1905-o1\" method=\"post\" class=\"wpcf7-form init\" aria-label=\"Kontaktformular\" novalidate=\"novalidate\" data-status=\"init\">\n<fieldset class=\"hidden-fields-container\"><input type=\"hidden\" name=\"_wpcf7\" value=\"1905\" \/><input type=\"hidden\" name=\"_wpcf7_version\" value=\"6.1.4\" \/><input type=\"hidden\" name=\"_wpcf7_locale\" value=\"de_DE\" \/><input type=\"hidden\" name=\"_wpcf7_unit_tag\" value=\"wpcf7-f1905-o1\" \/><input type=\"hidden\" name=\"_wpcf7_container_post\" value=\"0\" \/><input type=\"hidden\" name=\"_wpcf7_posted_data_hash\" value=\"\" \/><input type=\"hidden\" name=\"_wpcf7_recaptcha_response\" value=\"\" \/>\n<\/fieldset>\n<p><span class=\"wpcf7-form-control-wrap\" data-name=\"your-name\"><input size=\"40\" maxlength=\"400\" class=\"wpcf7-form-control wpcf7-text wpcf7-validates-as-required\" aria-required=\"true\" aria-invalid=\"false\" placeholder=\"Vorname\" value=\"\" type=\"text\" name=\"your-name\" \/><\/span>\n<\/p>\n<p><span class=\"wpcf7-form-control-wrap\" data-name=\"your-email\"><input size=\"40\" maxlength=\"400\" class=\"wpcf7-form-control wpcf7-email wpcf7-validates-as-required wpcf7-text wpcf7-validates-as-email\" aria-required=\"true\" aria-invalid=\"false\" placeholder=\"Email\" value=\"\" type=\"email\" name=\"your-email\" \/><\/span>\n<\/p>\n<p><span class=\"wpcf7-form-control-wrap\" data-name=\"your-tel\"><input size=\"40\" maxlength=\"400\" class=\"wpcf7-form-control wpcf7-text\" aria-invalid=\"false\" placeholder=\"Telefon\" value=\"\" type=\"text\" name=\"your-tel\" \/><\/span>\n<\/p>\n<p>Datum, an dem Sie uns besuchen m\u00f6chten*\n<\/p>\n<p><span class=\"wpcf7-form-control-wrap\" data-name=\"date-10\"><input class=\"wpcf7-form-control wpcf7-date wpcf7-validates-as-date\" aria-invalid=\"false\" value=\"\" type=\"date\" name=\"date-10\" \/><\/span>\n<\/p>\n<p><span class=\"wpcf7-form-control-wrap\" data-name=\"your-message\"><textarea cols=\"40\" rows=\"10\" maxlength=\"2000\" class=\"wpcf7-form-control wpcf7-textarea\" aria-invalid=\"false\" placeholder=\"Wie viele seid ihr? Wann kommst du an?\" name=\"your-message\"><\/textarea><\/span>\n<\/p>\n<p><span class=\"wpcf7-form-control-wrap\" data-name=\"acceptance-326\"><span class=\"wpcf7-form-control wpcf7-acceptance\"><span class=\"wpcf7-list-item\"><input type=\"checkbox\" name=\"acceptance-326\" value=\"1\" aria-invalid=\"false\" \/><\/span><\/span><\/span><span style=\"font-size:130%; color:red; font-weight:bold;\">Ich stimme der \u00dcbermittlung meiner Daten zu - <a href=\"https:\/\/www.vinivaldi.com\/weine\/privacy\/\">Privacy policy<\/a><\/span>\n<\/p>\n<p><input class=\"wpcf7-form-control wpcf7-submit has-spinner\" type=\"submit\" value=\"Anfrage senden\" \/>\n<\/p><div class=\"wpcf7-response-output\" aria-hidden=\"true\"><\/div>\n<\/form>\n<\/div>\n\n<p style=\"text-align: center;\"><strong>WENN SIE DEN WEINKELLER BESUCHEN, K\u00d6NNEN SIE SICH EINEN RABATT VON 10% AUF IHRE ZUK\u00dcNFTIGEN EINK\u00c4UFE IM ONLINESHOP SICHERN!<\/strong><\/p>\n<div id='gallery-4' class='gallery galleryid-22 gallery-columns-2 gallery-size-medium'><dl class='gallery-item'>\n\t\t\t<dt class='gallery-icon landscape'>\n\t\t\t\t<a href='https:\/\/www.vinivaldi.com\/weine\/wp-content\/uploads\/2021\/05\/botti-legno-affinamento-vini.jpg'><img loading=\"lazy\" decoding=\"async\" width=\"1000\" height=\"562\" src=\"https:\/\/www.vinivaldi.com\/weine\/wp-content\/uploads\/2021\/05\/botti-legno-affinamento-vini.jpg\" class=\"attachment-medium size-medium\" alt=\"\" srcset=\"https:\/\/www.vinivaldi.com\/weine\/wp-content\/uploads\/2021\/05\/botti-legno-affinamento-vini.jpg 1000w, https:\/\/www.vinivaldi.com\/weine\/wp-content\/uploads\/2021\/05\/botti-legno-affinamento-vini-600x337.jpg 600w\" sizes=\"auto, (max-width: 1000px) 100vw, 1000px\" \/><\/a>\n\t\t\t<\/dt><\/dl><dl class='gallery-item'>\n\t\t\t<dt class='gallery-icon landscape'>\n\t\t\t\t<a href='https:\/\/www.vinivaldi.com\/weine\/wp-content\/uploads\/2021\/05\/logo-su-scatola.jpg'><img loading=\"lazy\" decoding=\"async\" width=\"1000\" height=\"562\" src=\"https:\/\/www.vinivaldi.com\/weine\/wp-content\/uploads\/2021\/05\/logo-su-scatola.jpg\" class=\"attachment-medium size-medium\" alt=\"\" srcset=\"https:\/\/www.vinivaldi.com\/weine\/wp-content\/uploads\/2021\/05\/logo-su-scatola.jpg 1000w, https:\/\/www.vinivaldi.com\/weine\/wp-content\/uploads\/2021\/05\/logo-su-scatola-600x337.jpg 600w\" sizes=\"auto, (max-width: 1000px) 100vw, 1000px\" \/><\/a>\n\t\t\t<\/dt><\/dl><br style=\"clear: both\" \/>\n\t\t<\/div>\n\n<div id=\"gtx-trans\" style=\"position: absolute; left: 875px; top: 2505.64px;\">\n<div class=\"gtx-trans-icon\"><\/div>\n<\/div>\n","protected":false},"excerpt":{"rendered":"<p>Gerne \u00f6ffnen wir unsere T\u00fcren f\u00fcr unsere G\u00e4ste, die uns herzlich willkommen sind. RUNDGANG UND VERKOSTUNG Beim Rundgang k\u00f6nnen die Weinberge und der Weinkeller besichtigt werden. Auf Wunsch sprechen wir \u00fcber die einzelnen Arbeitsphasen und geben gerne tieferen Einblick in die Weinzubereitung. Zu den Produkten, die w\u00e4hrend des Besuchs verkostet und zu g\u00fcnstigen Preisen erworben [&hellip;]<\/p>\n","protected":false},"author":1,"featured_media":0,"parent":0,"menu_order":4,"comment_status":"open","ping_status":"closed","template":"","meta":{"_genesis_hide_title":false,"_genesis_hide_breadcrumbs":false,"_genesis_hide_singular_image":false,"_genesis_hide_footer_widgets":false,"_genesis_custom_body_class":"","_genesis_custom_post_class":"","_genesis_layout":"","footnotes":""},"class_list":{"0":"post-22","1":"page","2":"type-page","3":"status-publish","5":"entry","6":"has-post-thumbnail"},"yoast_head":"<!-- This site is optimized with the Yoast SEO plugin v26.7 - https:\/\/yoast.com\/wordpress\/plugins\/seo\/ -->\n<title>Den Betrieb besuchen Nizza Monferrato,Barbera Weine, Italy<\/title>\n<meta name=\"description\" content=\"Kostenpflichtiger Besuch: 5 \u20ac Besuch des Weinkellers mit zwei Verkostungen - Kostenpflichtiger Besuch: 10 \u20ac l\u00e4ngerer Besuch des Betriebs mit Verkostung aller hergestellten Weine\" \/>\n<meta name=\"robots\" content=\"index, follow, max-snippet:-1, max-image-preview:large, max-video-preview:-1\" \/>\n<link rel=\"canonical\" href=\"https:\/\/www.vinivaldi.com\/weine\/den-betrieb-besuchen\/\" \/>\n<meta property=\"og:locale\" content=\"de_DE\" \/>\n<meta property=\"og:type\" content=\"article\" \/>\n<meta property=\"og:title\" content=\"Den Betrieb besuchen Nizza Monferrato,Barbera Weine, Italy\" \/>\n<meta property=\"og:description\" content=\"Kostenpflichtiger Besuch: 5 \u20ac Besuch des Weinkellers mit zwei Verkostungen - Kostenpflichtiger Besuch: 10 \u20ac l\u00e4ngerer Besuch des Betriebs mit Verkostung aller hergestellten Weine\" \/>\n<meta property=\"og:url\" content=\"https:\/\/www.vinivaldi.com\/weine\/den-betrieb-besuchen\/\" \/>\n<meta property=\"og:site_name\" content=\"Landwirtschaftlicher Betrieb Ivaldi Dario von Ivaldi Andrea\" \/>\n<meta property=\"article:publisher\" content=\"https:\/\/www.facebook.com\/vinidelmonferrato\/\" \/>\n<meta property=\"article:modified_time\" content=\"2023-05-19T14:38:26+00:00\" \/>\n<meta property=\"og:image\" content=\"https:\/\/www.vinivaldi.com\/weine\/wp-content\/uploads\/2021\/05\/vigne-con-soffioni.jpg\" \/>\n<meta name=\"twitter:card\" content=\"summary_large_image\" \/>\n<meta name=\"twitter:label1\" content=\"Gesch\u00e4tzte Lesezeit\" \/>\n\t<meta name=\"twitter:data1\" content=\"2\u00a0Minuten\" \/>\n<script type=\"application\/ld+json\" class=\"yoast-schema-graph\">{\"@context\":\"https:\/\/schema.org\",\"@graph\":[{\"@type\":\"WebPage\",\"@id\":\"https:\/\/www.vinivaldi.com\/weine\/den-betrieb-besuchen\/\",\"url\":\"https:\/\/www.vinivaldi.com\/weine\/den-betrieb-besuchen\/\",\"name\":\"Den Betrieb besuchen Nizza Monferrato,Barbera Weine, Italy\",\"isPartOf\":{\"@id\":\"https:\/\/www.vinivaldi.com\/weine\/#website\"},\"datePublished\":\"2014-07-08T20:24:08+00:00\",\"dateModified\":\"2023-05-19T14:38:26+00:00\",\"description\":\"Kostenpflichtiger Besuch: 5 \u20ac Besuch des Weinkellers mit zwei Verkostungen - Kostenpflichtiger Besuch: 10 \u20ac l\u00e4ngerer Besuch des Betriebs mit Verkostung aller hergestellten Weine\",\"breadcrumb\":{\"@id\":\"https:\/\/www.vinivaldi.com\/weine\/den-betrieb-besuchen\/#breadcrumb\"},\"inLanguage\":\"de\",\"potentialAction\":[{\"@type\":\"ReadAction\",\"target\":[\"https:\/\/www.vinivaldi.com\/weine\/den-betrieb-besuchen\/\"]}]},{\"@type\":\"BreadcrumbList\",\"@id\":\"https:\/\/www.vinivaldi.com\/weine\/den-betrieb-besuchen\/#breadcrumb\",\"itemListElement\":[{\"@type\":\"ListItem\",\"position\":1,\"name\":\"Home\",\"item\":\"https:\/\/www.vinivaldi.com\/weine\/\"},{\"@type\":\"ListItem\",\"position\":2,\"name\":\"Den Betrieb besuchen\"}]},{\"@type\":\"WebSite\",\"@id\":\"https:\/\/www.vinivaldi.com\/weine\/#website\",\"url\":\"https:\/\/www.vinivaldi.com\/weine\/\",\"name\":\"Landwirtschaftlicher Betrieb Ivaldi Dario von Ivaldi Andrea\",\"description\":\"\",\"potentialAction\":[{\"@type\":\"SearchAction\",\"target\":{\"@type\":\"EntryPoint\",\"urlTemplate\":\"https:\/\/www.vinivaldi.com\/weine\/?s={search_term_string}\"},\"query-input\":{\"@type\":\"PropertyValueSpecification\",\"valueRequired\":true,\"valueName\":\"search_term_string\"}}],\"inLanguage\":\"de\"}]}<\/script>\n<!-- \/ Yoast SEO plugin. -->","yoast_head_json":{"title":"Den Betrieb besuchen Nizza Monferrato,Barbera Weine, Italy","description":"Kostenpflichtiger Besuch: 5 \u20ac Besuch des Weinkellers mit zwei Verkostungen - Kostenpflichtiger Besuch: 10 \u20ac l\u00e4ngerer Besuch des Betriebs mit Verkostung aller hergestellten Weine","robots":{"index":"index","follow":"follow","max-snippet":"max-snippet:-1","max-image-preview":"max-image-preview:large","max-video-preview":"max-video-preview:-1"},"canonical":"https:\/\/www.vinivaldi.com\/weine\/den-betrieb-besuchen\/","og_locale":"de_DE","og_type":"article","og_title":"Den Betrieb besuchen Nizza Monferrato,Barbera Weine, Italy","og_description":"Kostenpflichtiger Besuch: 5 \u20ac Besuch des Weinkellers mit zwei Verkostungen - Kostenpflichtiger Besuch: 10 \u20ac l\u00e4ngerer Besuch des Betriebs mit Verkostung aller hergestellten Weine","og_url":"https:\/\/www.vinivaldi.com\/weine\/den-betrieb-besuchen\/","og_site_name":"Landwirtschaftlicher Betrieb Ivaldi Dario von Ivaldi Andrea","article_publisher":"https:\/\/www.facebook.com\/vinidelmonferrato\/","article_modified_time":"2023-05-19T14:38:26+00:00","og_image":[{"url":"https:\/\/www.vinivaldi.com\/weine\/wp-content\/uploads\/2021\/05\/vigne-con-soffioni.jpg","type":"","width":"","height":""}],"twitter_card":"summary_large_image","twitter_misc":{"Gesch\u00e4tzte Lesezeit":"2\u00a0Minuten"},"schema":{"@context":"https:\/\/schema.org","@graph":[{"@type":"WebPage","@id":"https:\/\/www.vinivaldi.com\/weine\/den-betrieb-besuchen\/","url":"https:\/\/www.vinivaldi.com\/weine\/den-betrieb-besuchen\/","name":"Den Betrieb besuchen Nizza Monferrato,Barbera Weine, Italy","isPartOf":{"@id":"https:\/\/www.vinivaldi.com\/weine\/#website"},"datePublished":"2014-07-08T20:24:08+00:00","dateModified":"2023-05-19T14:38:26+00:00","description":"Kostenpflichtiger Besuch: 5 \u20ac Besuch des Weinkellers mit zwei Verkostungen - Kostenpflichtiger Besuch: 10 \u20ac l\u00e4ngerer Besuch des Betriebs mit Verkostung aller hergestellten Weine","breadcrumb":{"@id":"https:\/\/www.vinivaldi.com\/weine\/den-betrieb-besuchen\/#breadcrumb"},"inLanguage":"de","potentialAction":[{"@type":"ReadAction","target":["https:\/\/www.vinivaldi.com\/weine\/den-betrieb-besuchen\/"]}]},{"@type":"BreadcrumbList","@id":"https:\/\/www.vinivaldi.com\/weine\/den-betrieb-besuchen\/#breadcrumb","itemListElement":[{"@type":"ListItem","position":1,"name":"Home","item":"https:\/\/www.vinivaldi.com\/weine\/"},{"@type":"ListItem","position":2,"name":"Den Betrieb besuchen"}]},{"@type":"WebSite","@id":"https:\/\/www.vinivaldi.com\/weine\/#website","url":"https:\/\/www.vinivaldi.com\/weine\/","name":"Landwirtschaftlicher Betrieb Ivaldi Dario von Ivaldi Andrea","description":"","potentialAction":[{"@type":"SearchAction","target":{"@type":"EntryPoint","urlTemplate":"https:\/\/www.vinivaldi.com\/weine\/?s={search_term_string}"},"query-input":{"@type":"PropertyValueSpecification","valueRequired":true,"valueName":"search_term_string"}}],"inLanguage":"de"}]}},"_links":{"self":[{"href":"https:\/\/www.vinivaldi.com\/weine\/wp-json\/wp\/v2\/pages\/22","targetHints":{"allow":["GET"]}}],"collection":[{"href":"https:\/\/www.vinivaldi.com\/weine\/wp-json\/wp\/v2\/pages"}],"about":[{"href":"https:\/\/www.vinivaldi.com\/weine\/wp-json\/wp\/v2\/types\/page"}],"author":[{"embeddable":true,"href":"https:\/\/www.vinivaldi.com\/weine\/wp-json\/wp\/v2\/users\/1"}],"replies":[{"embeddable":true,"href":"https:\/\/www.vinivaldi.com\/weine\/wp-json\/wp\/v2\/comments?post=22"}],"version-history":[{"count":14,"href":"https:\/\/www.vinivaldi.com\/weine\/wp-json\/wp\/v2\/pages\/22\/revisions"}],"predecessor-version":[{"id":1915,"href":"https:\/\/www.vinivaldi.com\/weine\/wp-json\/wp\/v2\/pages\/22\/revisions\/1915"}],"wp:attachment":[{"href":"https:\/\/www.vinivaldi.com\/weine\/wp-json\/wp\/v2\/media?parent=22"}],"curies":[{"name":"wp","href":"https:\/\/api.w.org\/{rel}","templated":true}]}}