{"id":741,"date":"2014-11-25T21:52:01","date_gmt":"2014-11-25T20:52:01","guid":{"rendered":"http:\/\/vinivaldi.com\/weine\/?page_id=741"},"modified":"2022-01-06T19:22:53","modified_gmt":"2022-01-06T18:22:53","slug":"privacy","status":"publish","type":"page","link":"https:\/\/www.vinivaldi.com\/weine\/privacy\/","title":{"rendered":"Privacy"},"content":{"rendered":"<h2>Informationen zum Datenschutz gem\u00e4\u00df Gesetzesverordnung Nr. 196 vom 30\/06\/2003<\/h2>\n<p>Die erhobenen personenbezogenen Daten werden von dem Unternehmen Azienda Agricola Dario Ivaldi di Ivaldi Andrea auch unter Zuhilfenahme elektronischer und\/oder automatisierter Mittel f\u00fcr den internen Gebrauch und f\u00fcr die Kommunikation in Bezug auf organisierte Initiativen und Kampagnen verwendet. Die Verarbeitung der Daten erfolgt mit Verfahren, die maximale Sicherheit und Vertraulichkeit der Informationen gew\u00e4hrleisten, in \u00dcbereinstimmung mit den technischen Vorschriften \u00fcber Mindestsicherheitsma\u00dfnahmen, Anhang B des Datenschutzgesetzes.<br \/>\nDie Daten werden weder an Dritte weitergegeben, noch ins Ausland gesendet. Die Bereitstellung von Daten ist freiwillig; jedoch bewirkt eine Verweigerung der Angaben die Unm\u00f6glichkeit f\u00fcr das Unternehmen Azienda Agricola Dario Ivaldi di Ivaldi Andrea, anschlie\u00dfende Kontakte herzustellen, einschlie\u00dflich der Abwicklung von Bestellungen.<\/p>\n<h3>Tr\u00e4ger der Verarbeitung der Daten ist<\/h3>\n<p>Azienda Agricola Ivaldi Dario di Ivaldi Andrea<br \/>\nStrada Scrimaglio 17, 14049 Nizza Monferrato (AT)<br \/>\nE-Mail: info@vinivaldi.it<br \/>\nTel: +390141721101; Mobiltel.: +393384379410<br \/>\nP.IVA\/USt-IDNr.: 01481160057<\/p>\n<p>in der Person des gesetzlichen Vertreters.<br \/>\nLaut Gesetz zum Schutz personenbezogener Daten GV Nr. 196 vom 30\/06\/2003 hat die betroffene Person das Recht, ihre Daten zu \u00e4ndern, indem sie deren Korrektur, Sperrung oder L\u00f6schung durch Kontaktaufnahme unter der E-Mail-Adresse info@vinivaldi.it fordert.<\/p>\n<h4>Cookie-Richtlinien<\/h4>\n<p>Cookies sind kleine Textdateien, die Websites auf Ihrem Computer oder einem mobiles Ger\u00e4t speichern, w\u00e4hrend Sie sie besuchen.<br \/>\nMit Hilfe von Cookies erinnert die Website sich an Ihre Handlungen und Einstellungen (z.B. Anmelden, Sprache, Schriftgr\u00f6\u00dfe und andere Displayeinstellungen), so dass Sie diese nicht erneut eingeben m\u00fcssen, wenn Sie die Website wieder besuchen oder von Seite zu Seite navigieren.<\/p>\n<div class=\"cambiacookie\"><a href=\"https:\/\/www.vinivaldi.com\/weine\/#gdpr_cookie_modal\">Modify cookies setting<\/a><\/div>\n<h2>COOKIES FROM THIS SITE:<\/h2>\n<ul>\n<li><strong>Cookies WordPress \u2013 Navigation Cookies<\/strong>\u00a0\u2013 These cookies have the exclusive function of recognition of users logged on allowing navigation even in restricted areas.<\/li>\n<li><strong>Cloudflare Cookies \u2013 strettamente necessari<\/strong><br \/>\n__cflb | __cf_bm | __cf_ob_info | __cf_use_ob | __cfwaitingroom | __cfruid<br \/>\nCloudflare utilizza vari cookie per massimizzare le risorse di rete, gestire il traffico e proteggere i siti dal traffico dannoso.<\/li>\n<li><strong>Cookies di WooCommerce<\/strong>\u00a0\u2013 tali cookies permettono il corretto funzionamento del sistema ecommerce del sito;<br \/>\n<strong>woocommerce_cart_hash<\/strong>\u00a0| session | Helps WooCommerce determine when cart contents\/data changes.<br \/>\n<strong>woocommerce_items_in_cart\u00a0<\/strong>| session | Helps WooCommerce determine when cart contents\/data changes.<br \/>\n<strong>wp_woocommerce_session_\u00a0|\u00a0<\/strong>2 days | Contains a unique code for each customer so that it knows where to find the cart data in the database for each customer.<br \/>\n<strong>woocommerce_recently_viewed<\/strong>\u00a0| session | Powers the\u00a0Recent Viewed Products\u00a0widget.<br \/>\n<strong>store_notice[notice id]<\/strong>\u00a0| session | Allows customers to dismiss the\u00a0Store Notice.<br \/>\n<strong>tk_ai<\/strong>\u00a0| session | Stores a randomly-generated anonymous ID. This is only used within the dashboard (\/wp-admin) area and is used for usage tracking, if enabled.<\/li>\n<li><strong>Google Analytics \u2013 Third Party Cookies<\/strong><br \/>\n<strong>_ga | _gat_gtag | _gid<br \/>\n<\/strong>this site uses this type of web analysis service provided by Google Inc. to obtain statistical information useful for evaluating the use of the website and the activities carried out by the visitor. Google stores the information collected by the cookie on servers that can also be located in the United States. Google reserves the right to transfer the information collected with its cookie to third parties where this is required by law or where the third party processes information on its behalf. Google will not associate your IP address with any other data held by Google in order to obtain a more detailed user profile.<\/li>\n<li><strong>Cookie di Google (prestazione):<\/strong><br \/>\n<strong>__Secure-3PAPISID | __Secure-3PSID | __Secure-3PSIDCC<\/strong><br \/>\nallow you to count visits and traffic sources in order to measure and improve the performance of the Site. They help to know which pages are the most and least popular and to see how visitors move around the Site. These cookies can be deactivated at any time through the appropriate button on this page or through the link \u201eChange cookies settings\u201c on all pages of the site at the foot of the page. These cookies do not collect information on the user\u2019s identity, nor any personal data. The information is treated in an aggregate and anonymous form. If the user does not allow these cookies, the use of the Site will not be affected.<\/li>\n<\/ul>\n<ul>\n<li><strong>Google Maps Cookies<br \/>\nSID | SAPISID | APISID | SSID | SIDCC | HSID | NID | PREF | CONSENT | DV | SEARCH_SAMESITE<br \/>\n<\/strong>This is a map service provided by Google Inc. (\u201cGoogle\u201d) which uses cookies that are stored on the user\u2019s computer to store information and display preferences (such as the zoom level<\/li>\n<\/ul>\n","protected":false},"excerpt":{"rendered":"<p>Informationen zum Datenschutz gem\u00e4\u00df Gesetzesverordnung Nr. 196 vom 30\/06\/2003 Die erhobenen personenbezogenen Daten werden von dem Unternehmen Azienda Agricola Dario Ivaldi di Ivaldi Andrea auch unter Zuhilfenahme elektronischer und\/oder automatisierter Mittel f\u00fcr den internen Gebrauch und f\u00fcr die Kommunikation in Bezug auf organisierte Initiativen und Kampagnen verwendet. Die Verarbeitung der Daten erfolgt mit Verfahren, die [&hellip;]<\/p>\n","protected":false},"author":1,"featured_media":0,"parent":0,"menu_order":0,"comment_status":"open","ping_status":"open","template":"","meta":{"_genesis_hide_title":false,"_genesis_hide_breadcrumbs":false,"_genesis_hide_singular_image":false,"_genesis_hide_footer_widgets":false,"_genesis_custom_body_class":"","_genesis_custom_post_class":"","_genesis_layout":"","footnotes":""},"class_list":{"0":"post-741","1":"page","2":"type-page","3":"status-publish","5":"entry"},"yoast_head":"<!-- This site is optimized with the Yoast SEO plugin v26.7 - https:\/\/yoast.com\/wordpress\/plugins\/seo\/ -->\n<title>Privacy, Azienda Agricola Ivaldi Dario<\/title>\n<meta name=\"robots\" content=\"noindex, follow\" \/>\n<meta property=\"og:locale\" content=\"de_DE\" \/>\n<meta property=\"og:type\" content=\"article\" \/>\n<meta property=\"og:title\" content=\"Privacy, Azienda Agricola Ivaldi Dario\" \/>\n<meta property=\"og:description\" content=\"Informationen zum Datenschutz gem\u00e4\u00df Gesetzesverordnung Nr. 196 vom 30\/06\/2003 Die erhobenen personenbezogenen Daten werden von dem Unternehmen Azienda Agricola Dario Ivaldi di Ivaldi Andrea auch unter Zuhilfenahme elektronischer und\/oder automatisierter Mittel f\u00fcr den internen Gebrauch und f\u00fcr die Kommunikation in Bezug auf organisierte Initiativen und Kampagnen verwendet. Die Verarbeitung der Daten erfolgt mit Verfahren, die [&hellip;]\" \/>\n<meta property=\"og:url\" content=\"https:\/\/www.vinivaldi.com\/weine\/privacy\/\" \/>\n<meta property=\"og:site_name\" content=\"Landwirtschaftlicher Betrieb Ivaldi Dario von Ivaldi Andrea\" \/>\n<meta property=\"article:publisher\" content=\"https:\/\/www.facebook.com\/vinidelmonferrato\/\" \/>\n<meta property=\"article:modified_time\" content=\"2022-01-06T18:22:53+00:00\" \/>\n<meta name=\"twitter:card\" content=\"summary_large_image\" \/>\n<meta name=\"twitter:label1\" content=\"Gesch\u00e4tzte Lesezeit\" \/>\n\t<meta name=\"twitter:data1\" content=\"4\u00a0Minuten\" \/>\n<script type=\"application\/ld+json\" class=\"yoast-schema-graph\">{\"@context\":\"https:\/\/schema.org\",\"@graph\":[{\"@type\":\"WebPage\",\"@id\":\"https:\/\/www.vinivaldi.com\/weine\/privacy\/\",\"url\":\"https:\/\/www.vinivaldi.com\/weine\/privacy\/\",\"name\":\"Privacy, Azienda Agricola Ivaldi Dario\",\"isPartOf\":{\"@id\":\"https:\/\/www.vinivaldi.com\/weine\/#website\"},\"datePublished\":\"2014-11-25T20:52:01+00:00\",\"dateModified\":\"2022-01-06T18:22:53+00:00\",\"breadcrumb\":{\"@id\":\"https:\/\/www.vinivaldi.com\/weine\/privacy\/#breadcrumb\"},\"inLanguage\":\"de\",\"potentialAction\":[{\"@type\":\"ReadAction\",\"target\":[\"https:\/\/www.vinivaldi.com\/weine\/privacy\/\"]}]},{\"@type\":\"BreadcrumbList\",\"@id\":\"https:\/\/www.vinivaldi.com\/weine\/privacy\/#breadcrumb\",\"itemListElement\":[{\"@type\":\"ListItem\",\"position\":1,\"name\":\"Home\",\"item\":\"https:\/\/www.vinivaldi.com\/weine\/\"},{\"@type\":\"ListItem\",\"position\":2,\"name\":\"Privacy\"}]},{\"@type\":\"WebSite\",\"@id\":\"https:\/\/www.vinivaldi.com\/weine\/#website\",\"url\":\"https:\/\/www.vinivaldi.com\/weine\/\",\"name\":\"Landwirtschaftlicher Betrieb Ivaldi Dario von Ivaldi Andrea\",\"description\":\"\",\"potentialAction\":[{\"@type\":\"SearchAction\",\"target\":{\"@type\":\"EntryPoint\",\"urlTemplate\":\"https:\/\/www.vinivaldi.com\/weine\/?s={search_term_string}\"},\"query-input\":{\"@type\":\"PropertyValueSpecification\",\"valueRequired\":true,\"valueName\":\"search_term_string\"}}],\"inLanguage\":\"de\"}]}<\/script>\n<!-- \/ Yoast SEO plugin. -->","yoast_head_json":{"title":"Privacy, Azienda Agricola Ivaldi Dario","robots":{"index":"noindex","follow":"follow"},"og_locale":"de_DE","og_type":"article","og_title":"Privacy, Azienda Agricola Ivaldi Dario","og_description":"Informationen zum Datenschutz gem\u00e4\u00df Gesetzesverordnung Nr. 196 vom 30\/06\/2003 Die erhobenen personenbezogenen Daten werden von dem Unternehmen Azienda Agricola Dario Ivaldi di Ivaldi Andrea auch unter Zuhilfenahme elektronischer und\/oder automatisierter Mittel f\u00fcr den internen Gebrauch und f\u00fcr die Kommunikation in Bezug auf organisierte Initiativen und Kampagnen verwendet. Die Verarbeitung der Daten erfolgt mit Verfahren, die [&hellip;]","og_url":"https:\/\/www.vinivaldi.com\/weine\/privacy\/","og_site_name":"Landwirtschaftlicher Betrieb Ivaldi Dario von Ivaldi Andrea","article_publisher":"https:\/\/www.facebook.com\/vinidelmonferrato\/","article_modified_time":"2022-01-06T18:22:53+00:00","twitter_card":"summary_large_image","twitter_misc":{"Gesch\u00e4tzte Lesezeit":"4\u00a0Minuten"},"schema":{"@context":"https:\/\/schema.org","@graph":[{"@type":"WebPage","@id":"https:\/\/www.vinivaldi.com\/weine\/privacy\/","url":"https:\/\/www.vinivaldi.com\/weine\/privacy\/","name":"Privacy, Azienda Agricola Ivaldi Dario","isPartOf":{"@id":"https:\/\/www.vinivaldi.com\/weine\/#website"},"datePublished":"2014-11-25T20:52:01+00:00","dateModified":"2022-01-06T18:22:53+00:00","breadcrumb":{"@id":"https:\/\/www.vinivaldi.com\/weine\/privacy\/#breadcrumb"},"inLanguage":"de","potentialAction":[{"@type":"ReadAction","target":["https:\/\/www.vinivaldi.com\/weine\/privacy\/"]}]},{"@type":"BreadcrumbList","@id":"https:\/\/www.vinivaldi.com\/weine\/privacy\/#breadcrumb","itemListElement":[{"@type":"ListItem","position":1,"name":"Home","item":"https:\/\/www.vinivaldi.com\/weine\/"},{"@type":"ListItem","position":2,"name":"Privacy"}]},{"@type":"WebSite","@id":"https:\/\/www.vinivaldi.com\/weine\/#website","url":"https:\/\/www.vinivaldi.com\/weine\/","name":"Landwirtschaftlicher Betrieb Ivaldi Dario von Ivaldi Andrea","description":"","potentialAction":[{"@type":"SearchAction","target":{"@type":"EntryPoint","urlTemplate":"https:\/\/www.vinivaldi.com\/weine\/?s={search_term_string}"},"query-input":{"@type":"PropertyValueSpecification","valueRequired":true,"valueName":"search_term_string"}}],"inLanguage":"de"}]}},"_links":{"self":[{"href":"https:\/\/www.vinivaldi.com\/weine\/wp-json\/wp\/v2\/pages\/741","targetHints":{"allow":["GET"]}}],"collection":[{"href":"https:\/\/www.vinivaldi.com\/weine\/wp-json\/wp\/v2\/pages"}],"about":[{"href":"https:\/\/www.vinivaldi.com\/weine\/wp-json\/wp\/v2\/types\/page"}],"author":[{"embeddable":true,"href":"https:\/\/www.vinivaldi.com\/weine\/wp-json\/wp\/v2\/users\/1"}],"replies":[{"embeddable":true,"href":"https:\/\/www.vinivaldi.com\/weine\/wp-json\/wp\/v2\/comments?post=741"}],"version-history":[{"count":3,"href":"https:\/\/www.vinivaldi.com\/weine\/wp-json\/wp\/v2\/pages\/741\/revisions"}],"predecessor-version":[{"id":1897,"href":"https:\/\/www.vinivaldi.com\/weine\/wp-json\/wp\/v2\/pages\/741\/revisions\/1897"}],"wp:attachment":[{"href":"https:\/\/www.vinivaldi.com\/weine\/wp-json\/wp\/v2\/media?parent=741"}],"curies":[{"name":"wp","href":"https:\/\/api.w.org\/{rel}","templated":true}]}}