{"id":760,"date":"2014-12-03T17:52:19","date_gmt":"2014-12-03T16:52:19","guid":{"rendered":"http:\/\/vinivaldi.com\/weine\/?page_id=760"},"modified":"2021-05-27T17:35:23","modified_gmt":"2021-05-27T15:35:23","slug":"so-waren-wir-fruher","status":"publish","type":"page","link":"https:\/\/www.vinivaldi.com\/weine\/betrieb\/so-waren-wir-fruher\/","title":{"rendered":"So waren wir fr\u00fcher&#8230;"},"content":{"rendered":"<div id=\"attachment_761\" style=\"width: 640px\" class=\"wp-caption aligncenter\"><img loading=\"lazy\" decoding=\"async\" aria-describedby=\"caption-attachment-761\" class=\"wp-image-761 size-full\" src=\"https:\/\/vinivaldi.com\/weine\/immagini\/azienda-ivaldi-vini-ieri.jpg\" alt=\"azienda-ivaldi-vini-ieri\" width=\"630\" height=\"420\" \/><p id=\"caption-attachment-761\" class=\"wp-caption-text\"><br \/>Ivaldi\u2019s Family: Ivaldi Guido, his wife Francesca Terzano (Cichina) and the children Pietro and Domenica Ivaldi<\/p><\/div>\n<p>Der landwirtschaftliche Betrieb Dario Ivaldi hat seine Wurzeln nicht nur in den fruchtbaren B\u00f6den guter Weinberge, sondern auch und vor allem in der Geschichte einer Familie, die sich seit Jahrzehnten der Herstellung hervorragender Weine mit Sorgfalt, Hingabe und liebevoller Pflege widmet.<\/p>\n<p>1921 war das Jahr, in dem der Urgro\u00dfvater, Guido Ivaldi, ein Mann von starker und entschlossener Pers\u00f6nlichkeit, das Haus zusammen mit seiner Frau Francesca kaufte, ein Name, der sich gut mit niedlichen Kosenamen verk\u00fcrzen lie\u00df: Cichina war der Spitzname, den sie f\u00fcr den Rest ihres Lebens beibehielt. Und sogar weit dar\u00fcber hinaus. Das Weingut Ivaldi wollte die historische Erinnerung an seine Gr\u00fcndung ehren, indem man eben diesen Namen einem der lebhaftesten und originellsten Weine des Unternehmens verlieh: dieser Barbera del Monferrato DOC, genannt \u201eCichina\u201c, zeigt sich durch seinen fruchtigen, intensiven und anhaltenden Wohlgeruch. Ein Charakterwein, wie man so sch\u00f6n sagt. In Vino Veritas.<\/p>\n<div id='gallery-1' class='gallery galleryid-760 gallery-columns-2 gallery-size-medium'><dl class='gallery-item'>\n\t\t\t<dt class='gallery-icon portrait'>\n\t\t\t\t<a href='https:\/\/www.vinivaldi.com\/weine\/wp-content\/uploads\/2021\/05\/07vini-ivaldi-casssine-storia-2.jpg'><img loading=\"lazy\" decoding=\"async\" width=\"683\" height=\"1024\" src=\"https:\/\/www.vinivaldi.com\/weine\/wp-content\/uploads\/2021\/05\/07vini-ivaldi-casssine-storia-2.jpg\" class=\"attachment-medium size-medium\" alt=\"\" srcset=\"https:\/\/www.vinivaldi.com\/weine\/wp-content\/uploads\/2021\/05\/07vini-ivaldi-casssine-storia-2.jpg 683w, https:\/\/www.vinivaldi.com\/weine\/wp-content\/uploads\/2021\/05\/07vini-ivaldi-casssine-storia-2-600x900.jpg 600w\" sizes=\"auto, (max-width: 683px) 100vw, 683px\" \/><\/a>\n\t\t\t<\/dt><\/dl><dl class='gallery-item'>\n\t\t\t<dt class='gallery-icon portrait'>\n\t\t\t\t<a href='https:\/\/www.vinivaldi.com\/weine\/wp-content\/uploads\/2021\/05\/06vini-ivaldi-casssine-storia-2.jpg'><img loading=\"lazy\" decoding=\"async\" width=\"671\" height=\"1024\" src=\"https:\/\/www.vinivaldi.com\/weine\/wp-content\/uploads\/2021\/05\/06vini-ivaldi-casssine-storia-2.jpg\" class=\"attachment-medium size-medium\" alt=\"\" srcset=\"https:\/\/www.vinivaldi.com\/weine\/wp-content\/uploads\/2021\/05\/06vini-ivaldi-casssine-storia-2.jpg 671w, https:\/\/www.vinivaldi.com\/weine\/wp-content\/uploads\/2021\/05\/06vini-ivaldi-casssine-storia-2-600x916.jpg 600w\" sizes=\"auto, (max-width: 671px) 100vw, 671px\" \/><\/a>\n\t\t\t<\/dt><\/dl><br style=\"clear: both\" \/>\n\t\t<\/div>\n\n<p>Sowohl Guido, als auch sein Sohn Pietro Ivaldi haben ihr ganzes Leben dem Weinbau und der Weinherstellung gewidmet. Aber es war der Enkel Dario, der dann den Grundstein zu etwas legte, was zu einer wahren gesch\u00e4ftlichen Aktivit\u00e4t werden sollte, deren Ziel die Platzierung der exzellenten Weine zun\u00e4chst auf dem heimischen und dann auch auf dem internationalen Markt war. Seine verwitterten, verbrauchten und erfahrenen H\u00e4nde sind hierf\u00fcr ein lebendiges Zeugnis. Und die drei F\u00e4sser aus Stahlbeton, die zusammen mit dem Haus gebaut und in den alten Kellern aufgestellt wurden, stellen das kostbarste Erbe einer Vergangenheit dar, die immer noch Bestand hat.<\/p>\n<div id='gallery-2' class='gallery galleryid-760 gallery-columns-2 gallery-size-medium'><dl class='gallery-item'>\n\t\t\t<dt class='gallery-icon portrait'>\n\t\t\t\t<a href='https:\/\/www.vinivaldi.com\/weine\/wp-content\/uploads\/2021\/05\/04vini-ivaldi-casssine-storia.jpg'><img loading=\"lazy\" decoding=\"async\" width=\"718\" height=\"1024\" src=\"https:\/\/www.vinivaldi.com\/weine\/wp-content\/uploads\/2021\/05\/04vini-ivaldi-casssine-storia.jpg\" class=\"attachment-medium size-medium\" alt=\"\" srcset=\"https:\/\/www.vinivaldi.com\/weine\/wp-content\/uploads\/2021\/05\/04vini-ivaldi-casssine-storia.jpg 718w, https:\/\/www.vinivaldi.com\/weine\/wp-content\/uploads\/2021\/05\/04vini-ivaldi-casssine-storia-600x856.jpg 600w\" sizes=\"auto, (max-width: 718px) 100vw, 718px\" \/><\/a>\n\t\t\t<\/dt><\/dl><dl class='gallery-item'>\n\t\t\t<dt class='gallery-icon portrait'>\n\t\t\t\t<a href='https:\/\/www.vinivaldi.com\/weine\/wp-content\/uploads\/2021\/05\/03vini-ivaldi-casssine-storia.jpg'><img loading=\"lazy\" decoding=\"async\" width=\"721\" height=\"1024\" src=\"https:\/\/www.vinivaldi.com\/weine\/wp-content\/uploads\/2021\/05\/03vini-ivaldi-casssine-storia.jpg\" class=\"attachment-medium size-medium\" alt=\"\" srcset=\"https:\/\/www.vinivaldi.com\/weine\/wp-content\/uploads\/2021\/05\/03vini-ivaldi-casssine-storia.jpg 721w, https:\/\/www.vinivaldi.com\/weine\/wp-content\/uploads\/2021\/05\/03vini-ivaldi-casssine-storia-600x852.jpg 600w\" sizes=\"auto, (max-width: 721px) 100vw, 721px\" \/><\/a>\n\t\t\t<\/dt><\/dl><br style=\"clear: both\" \/>\n\t\t<\/div>\n\n<p>Das Unternehmen wird dank der T\u00e4tigkeit des Sohnes Andrea, dem j\u00fcngsten Spross der Ivaldis, von einem weiteren Anstieg seines Ansehens und seiner Entwicklung begleitet. Andrea graduierte 2001 an der \u00d6nologieschule von Alba und promovierte im Jahr 2007 in \u00d6nologie an der Fakult\u00e4t f\u00fcr Agrarwissenschaften in Grugliasco. Sein Studium und die gesammelten praktischen Erfahrungen in diesem Bereich, haben vereint mit seinem festen Willen dazu beitragen, dem Unternehmen die Dynamik und Modernit\u00e4t zu verleihen, die sich in der Erschlie\u00dfung neuer M\u00e4rkte, der Ausweitung der Kundschaft und der Teilnahme an den renommiertesten Messen konkretisiert. Und all dies nat\u00fcrlich, ohne dabei jemals das kostbare Erbe der Tradition aus den Augen zu verlieren, einem kraftvollen Wegweiser in der heutigen Zeit.<\/p>\n<p>Zu den Weinbergen, den Orten dieser munteren T\u00e4tigkeit, geh\u00f6ren heute sicherlich auch neue L\u00e4ndereien, unvermeidliches Ergebnis st\u00e4ndiger und fruchtbarer Expansion, aber auch und vor allem sind es die alten, der Familie liebgewordenen Weinberge, die auch heute noch entscheidend f\u00fcr das gute Gelingen des Endproduktes sind. Kalkhaltige, harte, aber sehr gro\u00dfz\u00fcgige B\u00f6den. \u201ePiccona\u201c ist einer von diesen, und \u00fcberraschenderweise findet man ihn in einer alten Urkunde aus den zwanziger Jahren. Der Name kommt von seiner unbeugsamen Konsistenz, die an die Festigkeit des Mergel erinnert, so kompakt und schwer, dass er selbst der Spitzhacke widersteht. Und wohl nur ein so schwer zu eroberndes Land konnte einen Nektar von so unsch\u00e4tzbarem Wert spenden.<\/p>\n<div id='gallery-3' class='gallery galleryid-760 gallery-columns-2 gallery-size-medium'><dl class='gallery-item'>\n\t\t\t<dt class='gallery-icon portrait'>\n\t\t\t\t<a href='https:\/\/www.vinivaldi.com\/weine\/wp-content\/uploads\/2021\/05\/02vini-ivaldi-casssine-storia.jpg'><img loading=\"lazy\" decoding=\"async\" width=\"508\" height=\"677\" src=\"https:\/\/www.vinivaldi.com\/weine\/wp-content\/uploads\/2021\/05\/02vini-ivaldi-casssine-storia.jpg\" class=\"attachment-medium size-medium\" alt=\"\" \/><\/a>\n\t\t\t<\/dt><\/dl><dl class='gallery-item'>\n\t\t\t<dt class='gallery-icon portrait'>\n\t\t\t\t<a href='https:\/\/www.vinivaldi.com\/weine\/wp-content\/uploads\/2021\/05\/1vini-ivaldi-casssine-storia.jpg'><img loading=\"lazy\" decoding=\"async\" width=\"508\" height=\"677\" src=\"https:\/\/www.vinivaldi.com\/weine\/wp-content\/uploads\/2021\/05\/1vini-ivaldi-casssine-storia.jpg\" class=\"attachment-medium size-medium\" alt=\"\" \/><\/a>\n\t\t\t<\/dt><\/dl><br style=\"clear: both\" \/>\n\t\t<\/div>\n\n<div id=\"gtx-trans\" style=\"position: absolute; left: -86px; top: 3161.98px;\">\n<div class=\"gtx-trans-icon\"><\/div>\n<\/div>\n","protected":false},"excerpt":{"rendered":"<p>Der landwirtschaftliche Betrieb Dario Ivaldi hat seine Wurzeln nicht nur in den fruchtbaren B\u00f6den guter Weinberge, sondern auch und vor allem in der Geschichte einer Familie, die sich seit Jahrzehnten der Herstellung hervorragender Weine mit Sorgfalt, Hingabe und liebevoller Pflege widmet. 1921 war das Jahr, in dem der Urgro\u00dfvater, Guido Ivaldi, ein Mann von starker [&hellip;]<\/p>\n","protected":false},"author":1,"featured_media":0,"parent":182,"menu_order":0,"comment_status":"open","ping_status":"closed","template":"","meta":{"_genesis_hide_title":false,"_genesis_hide_breadcrumbs":false,"_genesis_hide_singular_image":false,"_genesis_hide_footer_widgets":false,"_genesis_custom_body_class":"","_genesis_custom_post_class":"","_genesis_layout":"","footnotes":""},"class_list":{"0":"post-760","1":"page","2":"type-page","3":"status-publish","5":"entry","6":"has-post-thumbnail"},"yoast_head":"<!-- This site is optimized with the Yoast SEO plugin v26.7 - https:\/\/yoast.com\/wordpress\/plugins\/seo\/ -->\n<title>Winery in Italy, zienda Agricola Ivaldi Dario di Ivaldi Andrea<\/title>\n<meta name=\"description\" content=\"Affonda le proprie radici non solo in un terreno fertile di buoni vigneti, storia di una famiglia che, da decenni, si dedica alla produzione di ottimi vini\" \/>\n<meta name=\"robots\" content=\"index, follow, max-snippet:-1, max-image-preview:large, max-video-preview:-1\" \/>\n<link rel=\"canonical\" href=\"https:\/\/www.vinivaldi.com\/weine\/betrieb\/so-waren-wir-fruher\/\" \/>\n<meta property=\"og:locale\" content=\"de_DE\" \/>\n<meta property=\"og:type\" content=\"article\" \/>\n<meta property=\"og:title\" content=\"Winery in Italy, zienda Agricola Ivaldi Dario di Ivaldi Andrea\" \/>\n<meta property=\"og:description\" content=\"Affonda le proprie radici non solo in un terreno fertile di buoni vigneti, storia di una famiglia che, da decenni, si dedica alla produzione di ottimi vini\" \/>\n<meta property=\"og:url\" content=\"https:\/\/www.vinivaldi.com\/weine\/betrieb\/so-waren-wir-fruher\/\" \/>\n<meta property=\"og:site_name\" content=\"Landwirtschaftlicher Betrieb Ivaldi Dario von Ivaldi Andrea\" \/>\n<meta property=\"article:publisher\" content=\"https:\/\/www.facebook.com\/vinidelmonferrato\/\" \/>\n<meta property=\"article:modified_time\" content=\"2021-05-27T15:35:23+00:00\" \/>\n<meta property=\"og:image\" content=\"https:\/\/www.vinivaldi.com\/weine\/wp-content\/uploads\/2021\/05\/07vini-ivaldi-casssine-storia-2.jpg\" \/>\n<meta name=\"twitter:card\" content=\"summary_large_image\" \/>\n<meta name=\"twitter:label1\" content=\"Gesch\u00e4tzte Lesezeit\" \/>\n\t<meta name=\"twitter:data1\" content=\"3\u00a0Minuten\" \/>\n<script type=\"application\/ld+json\" class=\"yoast-schema-graph\">{\"@context\":\"https:\/\/schema.org\",\"@graph\":[{\"@type\":\"WebPage\",\"@id\":\"https:\/\/www.vinivaldi.com\/weine\/betrieb\/so-waren-wir-fruher\/\",\"url\":\"https:\/\/www.vinivaldi.com\/weine\/betrieb\/so-waren-wir-fruher\/\",\"name\":\"Winery in Italy, zienda Agricola Ivaldi Dario di Ivaldi Andrea\",\"isPartOf\":{\"@id\":\"https:\/\/www.vinivaldi.com\/weine\/#website\"},\"primaryImageOfPage\":{\"@id\":\"https:\/\/www.vinivaldi.com\/weine\/betrieb\/so-waren-wir-fruher\/#primaryimage\"},\"image\":{\"@id\":\"https:\/\/www.vinivaldi.com\/weine\/betrieb\/so-waren-wir-fruher\/#primaryimage\"},\"thumbnailUrl\":\"https:\/\/vinivaldi.com\/weine\/immagini\/azienda-ivaldi-vini-ieri.jpg\",\"datePublished\":\"2014-12-03T16:52:19+00:00\",\"dateModified\":\"2021-05-27T15:35:23+00:00\",\"description\":\"Affonda le proprie radici non solo in un terreno fertile di buoni vigneti, storia di una famiglia che, da decenni, si dedica alla produzione di ottimi vini\",\"breadcrumb\":{\"@id\":\"https:\/\/www.vinivaldi.com\/weine\/betrieb\/so-waren-wir-fruher\/#breadcrumb\"},\"inLanguage\":\"de\",\"potentialAction\":[{\"@type\":\"ReadAction\",\"target\":[\"https:\/\/www.vinivaldi.com\/weine\/betrieb\/so-waren-wir-fruher\/\"]}]},{\"@type\":\"ImageObject\",\"inLanguage\":\"de\",\"@id\":\"https:\/\/www.vinivaldi.com\/weine\/betrieb\/so-waren-wir-fruher\/#primaryimage\",\"url\":\"https:\/\/vinivaldi.com\/weine\/immagini\/azienda-ivaldi-vini-ieri.jpg\",\"contentUrl\":\"https:\/\/vinivaldi.com\/weine\/immagini\/azienda-ivaldi-vini-ieri.jpg\"},{\"@type\":\"BreadcrumbList\",\"@id\":\"https:\/\/www.vinivaldi.com\/weine\/betrieb\/so-waren-wir-fruher\/#breadcrumb\",\"itemListElement\":[{\"@type\":\"ListItem\",\"position\":1,\"name\":\"Home\",\"item\":\"https:\/\/www.vinivaldi.com\/weine\/\"},{\"@type\":\"ListItem\",\"position\":2,\"name\":\"Betrieb\",\"item\":\"https:\/\/www.vinivaldi.com\/weine\/betrieb\/\"},{\"@type\":\"ListItem\",\"position\":3,\"name\":\"So waren wir fr\u00fcher&#8230;\"}]},{\"@type\":\"WebSite\",\"@id\":\"https:\/\/www.vinivaldi.com\/weine\/#website\",\"url\":\"https:\/\/www.vinivaldi.com\/weine\/\",\"name\":\"Landwirtschaftlicher Betrieb Ivaldi Dario von Ivaldi Andrea\",\"description\":\"\",\"potentialAction\":[{\"@type\":\"SearchAction\",\"target\":{\"@type\":\"EntryPoint\",\"urlTemplate\":\"https:\/\/www.vinivaldi.com\/weine\/?s={search_term_string}\"},\"query-input\":{\"@type\":\"PropertyValueSpecification\",\"valueRequired\":true,\"valueName\":\"search_term_string\"}}],\"inLanguage\":\"de\"}]}<\/script>\n<!-- \/ Yoast SEO plugin. -->","yoast_head_json":{"title":"Winery in Italy, zienda Agricola Ivaldi Dario di Ivaldi Andrea","description":"Affonda le proprie radici non solo in un terreno fertile di buoni vigneti, storia di una famiglia che, da decenni, si dedica alla produzione di ottimi vini","robots":{"index":"index","follow":"follow","max-snippet":"max-snippet:-1","max-image-preview":"max-image-preview:large","max-video-preview":"max-video-preview:-1"},"canonical":"https:\/\/www.vinivaldi.com\/weine\/betrieb\/so-waren-wir-fruher\/","og_locale":"de_DE","og_type":"article","og_title":"Winery in Italy, zienda Agricola Ivaldi Dario di Ivaldi Andrea","og_description":"Affonda le proprie radici non solo in un terreno fertile di buoni vigneti, storia di una famiglia che, da decenni, si dedica alla produzione di ottimi vini","og_url":"https:\/\/www.vinivaldi.com\/weine\/betrieb\/so-waren-wir-fruher\/","og_site_name":"Landwirtschaftlicher Betrieb Ivaldi Dario von Ivaldi Andrea","article_publisher":"https:\/\/www.facebook.com\/vinidelmonferrato\/","article_modified_time":"2021-05-27T15:35:23+00:00","og_image":[{"url":"https:\/\/www.vinivaldi.com\/weine\/wp-content\/uploads\/2021\/05\/07vini-ivaldi-casssine-storia-2.jpg","type":"","width":"","height":""}],"twitter_card":"summary_large_image","twitter_misc":{"Gesch\u00e4tzte Lesezeit":"3\u00a0Minuten"},"schema":{"@context":"https:\/\/schema.org","@graph":[{"@type":"WebPage","@id":"https:\/\/www.vinivaldi.com\/weine\/betrieb\/so-waren-wir-fruher\/","url":"https:\/\/www.vinivaldi.com\/weine\/betrieb\/so-waren-wir-fruher\/","name":"Winery in Italy, zienda Agricola Ivaldi Dario di Ivaldi Andrea","isPartOf":{"@id":"https:\/\/www.vinivaldi.com\/weine\/#website"},"primaryImageOfPage":{"@id":"https:\/\/www.vinivaldi.com\/weine\/betrieb\/so-waren-wir-fruher\/#primaryimage"},"image":{"@id":"https:\/\/www.vinivaldi.com\/weine\/betrieb\/so-waren-wir-fruher\/#primaryimage"},"thumbnailUrl":"https:\/\/vinivaldi.com\/weine\/immagini\/azienda-ivaldi-vini-ieri.jpg","datePublished":"2014-12-03T16:52:19+00:00","dateModified":"2021-05-27T15:35:23+00:00","description":"Affonda le proprie radici non solo in un terreno fertile di buoni vigneti, storia di una famiglia che, da decenni, si dedica alla produzione di ottimi vini","breadcrumb":{"@id":"https:\/\/www.vinivaldi.com\/weine\/betrieb\/so-waren-wir-fruher\/#breadcrumb"},"inLanguage":"de","potentialAction":[{"@type":"ReadAction","target":["https:\/\/www.vinivaldi.com\/weine\/betrieb\/so-waren-wir-fruher\/"]}]},{"@type":"ImageObject","inLanguage":"de","@id":"https:\/\/www.vinivaldi.com\/weine\/betrieb\/so-waren-wir-fruher\/#primaryimage","url":"https:\/\/vinivaldi.com\/weine\/immagini\/azienda-ivaldi-vini-ieri.jpg","contentUrl":"https:\/\/vinivaldi.com\/weine\/immagini\/azienda-ivaldi-vini-ieri.jpg"},{"@type":"BreadcrumbList","@id":"https:\/\/www.vinivaldi.com\/weine\/betrieb\/so-waren-wir-fruher\/#breadcrumb","itemListElement":[{"@type":"ListItem","position":1,"name":"Home","item":"https:\/\/www.vinivaldi.com\/weine\/"},{"@type":"ListItem","position":2,"name":"Betrieb","item":"https:\/\/www.vinivaldi.com\/weine\/betrieb\/"},{"@type":"ListItem","position":3,"name":"So waren wir fr\u00fcher&#8230;"}]},{"@type":"WebSite","@id":"https:\/\/www.vinivaldi.com\/weine\/#website","url":"https:\/\/www.vinivaldi.com\/weine\/","name":"Landwirtschaftlicher Betrieb Ivaldi Dario von Ivaldi Andrea","description":"","potentialAction":[{"@type":"SearchAction","target":{"@type":"EntryPoint","urlTemplate":"https:\/\/www.vinivaldi.com\/weine\/?s={search_term_string}"},"query-input":{"@type":"PropertyValueSpecification","valueRequired":true,"valueName":"search_term_string"}}],"inLanguage":"de"}]}},"_links":{"self":[{"href":"https:\/\/www.vinivaldi.com\/weine\/wp-json\/wp\/v2\/pages\/760","targetHints":{"allow":["GET"]}}],"collection":[{"href":"https:\/\/www.vinivaldi.com\/weine\/wp-json\/wp\/v2\/pages"}],"about":[{"href":"https:\/\/www.vinivaldi.com\/weine\/wp-json\/wp\/v2\/types\/page"}],"author":[{"embeddable":true,"href":"https:\/\/www.vinivaldi.com\/weine\/wp-json\/wp\/v2\/users\/1"}],"replies":[{"embeddable":true,"href":"https:\/\/www.vinivaldi.com\/weine\/wp-json\/wp\/v2\/comments?post=760"}],"version-history":[{"count":5,"href":"https:\/\/www.vinivaldi.com\/weine\/wp-json\/wp\/v2\/pages\/760\/revisions"}],"predecessor-version":[{"id":1852,"href":"https:\/\/www.vinivaldi.com\/weine\/wp-json\/wp\/v2\/pages\/760\/revisions\/1852"}],"up":[{"embeddable":true,"href":"https:\/\/www.vinivaldi.com\/weine\/wp-json\/wp\/v2\/pages\/182"}],"wp:attachment":[{"href":"https:\/\/www.vinivaldi.com\/weine\/wp-json\/wp\/v2\/media?parent=760"}],"curies":[{"name":"wp","href":"https:\/\/api.w.org\/{rel}","templated":true}]}}