{"id":101,"date":"2014-07-12T10:03:31","date_gmt":"2014-07-12T08:03:31","guid":{"rendered":"http:\/\/vinivaldi.langhe.net\/?post_type=product&#038;p=101"},"modified":"2025-11-13T17:34:06","modified_gmt":"2025-11-13T16:34:06","slug":"brachetto-dacqui-docg","status":"publish","type":"product","link":"https:\/\/www.vinivaldi.com\/weine\/produkt\/brachetto-dacqui-docg\/","title":{"rendered":"Brachetto d&#8217;Acqui DOCG"},"content":{"rendered":"<h2>Anmerkungen bei der Weinprobe<\/h2>\n<p>Der Brachetto d\u2019Acqui ist ein wohlduftender und aromatischer Wein mit dem Bukett und den Farben einer roten Rose. Er schmeckt s\u00fc\u00df, frisch, delikat mit einem geringen Tanningehalt. Einmalig in seiner Art.<\/p>\n<p>Optimal zu Erdbeeren, Pl\u00e4tzchen und Desserts.<\/p>\n<p>&nbsp;<\/p>\n<h2>Weinbereitung<\/h2>\n<p><strong>Methode<\/strong>: die Trauben werden gepresst und von den Stielen befreit, dann erfolgt die Maischeg\u00e4rung f\u00fcr 4 Tage bis 2\/3 des Alkohols vergoren wurde, sodass die Farbe und s\u00fc\u00dfen Tannine extrahiert wurden. Anschlie\u00dfend wird der Wein gefiltert, um den G\u00e4rprozess zu stoppen. Danach erfolgt die zweite G\u00e4rung (meist in Flaschen) zur Schaumbildung, bis ein ungef\u00e4hrer Alkoholgehalt von 6 vol erreicht wird.<br \/>\n<strong>Temperatur<\/strong>: 18\/20\u00b0C<br \/>\n<strong>Dauer<\/strong>: 3\/5 Tage<br \/>\n<strong>Malolaktische G\u00e4rung<\/strong>: nein<br \/>\n<strong>Mindestlagerzeit in Flasche<\/strong>: 1 Monat<\/p>\n<h2>Flasche<\/h2>\n<p><strong>Leergewicht Flasche<\/strong>: 500 g<strong><br \/>\n<\/strong><strong>Reifungspotential<\/strong>: 2 Jahre<strong><br \/>\nKorkengr\u00f6\u00dfe<\/strong>: 26\u00d744<strong><br \/>\nKorkenmaterial<\/strong>: nat\u00fcrlicher Kork<strong><br \/>\nFlaschentyp<\/strong>: traditionelle Burgunderflasche<\/p>\n<h2>Weinberg<\/h2>\n<p><strong>%\u00a0Trauben\/ Rebsorte<\/strong>: Brachetto<strong><br \/>\nBoden<\/strong>: lehmig<strong><br \/>\nAusrichtung<\/strong>: s\u00fcd\u00f6stlich<strong><br \/>\nAnbaumethode<\/strong>: konventionell<strong><br \/>\nAnpflanzung<\/strong>: 1998<strong><br \/>\nArt der Weinernte<\/strong>: per Hand<\/p>\n","protected":false},"excerpt":{"rendered":"<ul>\n<li><strong>Name des Produkts<\/strong>: SUSBEL<\/li>\n<li><strong>Rebsorte<\/strong>: Brachetto<\/li>\n<li><strong>Ursprungsbezeichnung<\/strong>: Brachetto d\u2019Acqui<\/li>\n<li><strong>Klassifizierung<\/strong>: DOCG<\/li>\n<li><strong>Farbe<\/strong>: rot<\/li>\n<li><strong>Typologie<\/strong>: s\u00fc\u00df-prickelnd<\/li>\n<li><strong>Flasche<\/strong>: 75 cl<\/li>\n<li><strong>Ort\/Region\/Land<\/strong>: Nizza Monferrato \/ Piemont \/ Italien<\/li>\n<li><strong>Alkoholgehalt<\/strong>: 6,5%<\/li>\n<li><strong>Rests\u00fc\u00dfe<\/strong>: 116 g\/l<\/li>\n<li><strong>Enth\u00e4lt Sulfite<\/strong><\/li>\n<\/ul>\n","protected":false},"featured_media":1821,"comment_status":"closed","ping_status":"closed","template":"","meta":{"_genesis_hide_title":false,"_genesis_hide_breadcrumbs":false,"_genesis_hide_singular_image":false,"_genesis_hide_footer_widgets":false,"_genesis_custom_body_class":"","_genesis_custom_post_class":"","_genesis_layout":""},"product_brand":[],"product_cat":[24,14],"product_tag":[],"class_list":{"0":"post-101","1":"product","2":"type-product","3":"status-publish","4":"has-post-thumbnail","6":"product_cat-all-wines","7":"product_cat-sweet-wines","8":"entry","10":"first","11":"instock","12":"featured","13":"taxable","14":"shipping-taxable","15":"product-type-simple"},"yoast_head":"<!-- This site is optimized with the Yoast SEO plugin v26.7 - https:\/\/yoast.com\/wordpress\/plugins\/seo\/ -->\n<title>Brachetto d&#039;Acqui DOCG, Italian Weine<\/title>\n<meta name=\"description\" content=\"Der Brachetto d\u2019Acqui ist ein wohlduftender und aromatischer Wein mit dem Bukett und den Farben einer roten Rose. Optimal zu Erdbeeren und Desserts.\" \/>\n<meta name=\"robots\" content=\"index, follow, max-snippet:-1, max-image-preview:large, max-video-preview:-1\" \/>\n<link rel=\"canonical\" href=\"https:\/\/www.vinivaldi.com\/weine\/produkt\/brachetto-dacqui-docg\/\" \/>\n<meta property=\"og:locale\" content=\"de_DE\" \/>\n<meta property=\"og:type\" content=\"article\" \/>\n<meta property=\"og:title\" content=\"Brachetto d&#039;Acqui DOCG, Italian Weine\" \/>\n<meta property=\"og:description\" content=\"Der Brachetto d\u2019Acqui ist ein wohlduftender und aromatischer Wein mit dem Bukett und den Farben einer roten Rose. Optimal zu Erdbeeren und Desserts.\" \/>\n<meta property=\"og:url\" content=\"https:\/\/www.vinivaldi.com\/weine\/produkt\/brachetto-dacqui-docg\/\" \/>\n<meta property=\"og:site_name\" content=\"Landwirtschaftlicher Betrieb Ivaldi Dario von Ivaldi Andrea\" \/>\n<meta property=\"article:publisher\" content=\"https:\/\/www.facebook.com\/vinidelmonferrato\/\" \/>\n<meta property=\"article:modified_time\" content=\"2025-11-13T16:34:06+00:00\" \/>\n<meta property=\"og:image\" content=\"https:\/\/www.vinivaldi.com\/weine\/wp-content\/uploads\/2020\/04\/sus-bel.jpg\" \/>\n\t<meta property=\"og:image:width\" content=\"920\" \/>\n\t<meta property=\"og:image:height\" content=\"920\" \/>\n\t<meta property=\"og:image:type\" content=\"image\/jpeg\" \/>\n<meta name=\"twitter:card\" content=\"summary_large_image\" \/>\n<meta name=\"twitter:label1\" content=\"Gesch\u00e4tzte Lesezeit\" \/>\n\t<meta name=\"twitter:data1\" content=\"1\u00a0Minute\" \/>\n<script type=\"application\/ld+json\" class=\"yoast-schema-graph\">{\"@context\":\"https:\/\/schema.org\",\"@graph\":[{\"@type\":\"WebPage\",\"@id\":\"https:\/\/www.vinivaldi.com\/weine\/produkt\/brachetto-dacqui-docg\/\",\"url\":\"https:\/\/www.vinivaldi.com\/weine\/produkt\/brachetto-dacqui-docg\/\",\"name\":\"Brachetto d'Acqui DOCG, Italian Weine\",\"isPartOf\":{\"@id\":\"https:\/\/www.vinivaldi.com\/weine\/#website\"},\"primaryImageOfPage\":{\"@id\":\"https:\/\/www.vinivaldi.com\/weine\/produkt\/brachetto-dacqui-docg\/#primaryimage\"},\"image\":{\"@id\":\"https:\/\/www.vinivaldi.com\/weine\/produkt\/brachetto-dacqui-docg\/#primaryimage\"},\"thumbnailUrl\":\"https:\/\/www.vinivaldi.com\/weine\/wp-content\/uploads\/2020\/04\/sus-bel.jpg\",\"datePublished\":\"2014-07-12T08:03:31+00:00\",\"dateModified\":\"2025-11-13T16:34:06+00:00\",\"description\":\"Der Brachetto d\u2019Acqui ist ein wohlduftender und aromatischer Wein mit dem Bukett und den Farben einer roten Rose. Optimal zu Erdbeeren und Desserts.\",\"breadcrumb\":{\"@id\":\"https:\/\/www.vinivaldi.com\/weine\/produkt\/brachetto-dacqui-docg\/#breadcrumb\"},\"inLanguage\":\"de\",\"potentialAction\":[{\"@type\":\"ReadAction\",\"target\":[\"https:\/\/www.vinivaldi.com\/weine\/produkt\/brachetto-dacqui-docg\/\"]}]},{\"@type\":\"ImageObject\",\"inLanguage\":\"de\",\"@id\":\"https:\/\/www.vinivaldi.com\/weine\/produkt\/brachetto-dacqui-docg\/#primaryimage\",\"url\":\"https:\/\/www.vinivaldi.com\/weine\/wp-content\/uploads\/2020\/04\/sus-bel.jpg\",\"contentUrl\":\"https:\/\/www.vinivaldi.com\/weine\/wp-content\/uploads\/2020\/04\/sus-bel.jpg\",\"width\":920,\"height\":920,\"caption\":\"sus-bel BRACHETTO\"},{\"@type\":\"BreadcrumbList\",\"@id\":\"https:\/\/www.vinivaldi.com\/weine\/produkt\/brachetto-dacqui-docg\/#breadcrumb\",\"itemListElement\":[{\"@type\":\"ListItem\",\"position\":1,\"name\":\"Home\",\"item\":\"https:\/\/www.vinivaldi.com\/weine\/\"},{\"@type\":\"ListItem\",\"position\":2,\"name\":\"Shop\",\"item\":\"https:\/\/www.vinivaldi.com\/weine\/negozio\/\"},{\"@type\":\"ListItem\",\"position\":3,\"name\":\"Brachetto d&#8217;Acqui DOCG\"}]},{\"@type\":\"WebSite\",\"@id\":\"https:\/\/www.vinivaldi.com\/weine\/#website\",\"url\":\"https:\/\/www.vinivaldi.com\/weine\/\",\"name\":\"Landwirtschaftlicher Betrieb Ivaldi Dario von Ivaldi Andrea\",\"description\":\"\",\"potentialAction\":[{\"@type\":\"SearchAction\",\"target\":{\"@type\":\"EntryPoint\",\"urlTemplate\":\"https:\/\/www.vinivaldi.com\/weine\/?s={search_term_string}\"},\"query-input\":{\"@type\":\"PropertyValueSpecification\",\"valueRequired\":true,\"valueName\":\"search_term_string\"}}],\"inLanguage\":\"de\"}]}<\/script>\n<!-- \/ Yoast SEO plugin. -->","yoast_head_json":{"title":"Brachetto d'Acqui DOCG, Italian Weine","description":"Der Brachetto d\u2019Acqui ist ein wohlduftender und aromatischer Wein mit dem Bukett und den Farben einer roten Rose. Optimal zu Erdbeeren und Desserts.","robots":{"index":"index","follow":"follow","max-snippet":"max-snippet:-1","max-image-preview":"max-image-preview:large","max-video-preview":"max-video-preview:-1"},"canonical":"https:\/\/www.vinivaldi.com\/weine\/produkt\/brachetto-dacqui-docg\/","og_locale":"de_DE","og_type":"article","og_title":"Brachetto d'Acqui DOCG, Italian Weine","og_description":"Der Brachetto d\u2019Acqui ist ein wohlduftender und aromatischer Wein mit dem Bukett und den Farben einer roten Rose. Optimal zu Erdbeeren und Desserts.","og_url":"https:\/\/www.vinivaldi.com\/weine\/produkt\/brachetto-dacqui-docg\/","og_site_name":"Landwirtschaftlicher Betrieb Ivaldi Dario von Ivaldi Andrea","article_publisher":"https:\/\/www.facebook.com\/vinidelmonferrato\/","article_modified_time":"2025-11-13T16:34:06+00:00","og_image":[{"width":920,"height":920,"url":"https:\/\/www.vinivaldi.com\/weine\/wp-content\/uploads\/2020\/04\/sus-bel.jpg","type":"image\/jpeg"}],"twitter_card":"summary_large_image","twitter_misc":{"Gesch\u00e4tzte Lesezeit":"1\u00a0Minute"},"schema":{"@context":"https:\/\/schema.org","@graph":[{"@type":"WebPage","@id":"https:\/\/www.vinivaldi.com\/weine\/produkt\/brachetto-dacqui-docg\/","url":"https:\/\/www.vinivaldi.com\/weine\/produkt\/brachetto-dacqui-docg\/","name":"Brachetto d'Acqui DOCG, Italian Weine","isPartOf":{"@id":"https:\/\/www.vinivaldi.com\/weine\/#website"},"primaryImageOfPage":{"@id":"https:\/\/www.vinivaldi.com\/weine\/produkt\/brachetto-dacqui-docg\/#primaryimage"},"image":{"@id":"https:\/\/www.vinivaldi.com\/weine\/produkt\/brachetto-dacqui-docg\/#primaryimage"},"thumbnailUrl":"https:\/\/www.vinivaldi.com\/weine\/wp-content\/uploads\/2020\/04\/sus-bel.jpg","datePublished":"2014-07-12T08:03:31+00:00","dateModified":"2025-11-13T16:34:06+00:00","description":"Der Brachetto d\u2019Acqui ist ein wohlduftender und aromatischer Wein mit dem Bukett und den Farben einer roten Rose. Optimal zu Erdbeeren und Desserts.","breadcrumb":{"@id":"https:\/\/www.vinivaldi.com\/weine\/produkt\/brachetto-dacqui-docg\/#breadcrumb"},"inLanguage":"de","potentialAction":[{"@type":"ReadAction","target":["https:\/\/www.vinivaldi.com\/weine\/produkt\/brachetto-dacqui-docg\/"]}]},{"@type":"ImageObject","inLanguage":"de","@id":"https:\/\/www.vinivaldi.com\/weine\/produkt\/brachetto-dacqui-docg\/#primaryimage","url":"https:\/\/www.vinivaldi.com\/weine\/wp-content\/uploads\/2020\/04\/sus-bel.jpg","contentUrl":"https:\/\/www.vinivaldi.com\/weine\/wp-content\/uploads\/2020\/04\/sus-bel.jpg","width":920,"height":920,"caption":"sus-bel BRACHETTO"},{"@type":"BreadcrumbList","@id":"https:\/\/www.vinivaldi.com\/weine\/produkt\/brachetto-dacqui-docg\/#breadcrumb","itemListElement":[{"@type":"ListItem","position":1,"name":"Home","item":"https:\/\/www.vinivaldi.com\/weine\/"},{"@type":"ListItem","position":2,"name":"Shop","item":"https:\/\/www.vinivaldi.com\/weine\/negozio\/"},{"@type":"ListItem","position":3,"name":"Brachetto d&#8217;Acqui DOCG"}]},{"@type":"WebSite","@id":"https:\/\/www.vinivaldi.com\/weine\/#website","url":"https:\/\/www.vinivaldi.com\/weine\/","name":"Landwirtschaftlicher Betrieb Ivaldi Dario von Ivaldi Andrea","description":"","potentialAction":[{"@type":"SearchAction","target":{"@type":"EntryPoint","urlTemplate":"https:\/\/www.vinivaldi.com\/weine\/?s={search_term_string}"},"query-input":{"@type":"PropertyValueSpecification","valueRequired":true,"valueName":"search_term_string"}}],"inLanguage":"de"}]}},"_links":{"self":[{"href":"https:\/\/www.vinivaldi.com\/weine\/wp-json\/wp\/v2\/product\/101","targetHints":{"allow":["GET"]}}],"collection":[{"href":"https:\/\/www.vinivaldi.com\/weine\/wp-json\/wp\/v2\/product"}],"about":[{"href":"https:\/\/www.vinivaldi.com\/weine\/wp-json\/wp\/v2\/types\/product"}],"replies":[{"embeddable":true,"href":"https:\/\/www.vinivaldi.com\/weine\/wp-json\/wp\/v2\/comments?post=101"}],"wp:featuredmedia":[{"embeddable":true,"href":"https:\/\/www.vinivaldi.com\/weine\/wp-json\/wp\/v2\/media\/1821"}],"wp:attachment":[{"href":"https:\/\/www.vinivaldi.com\/weine\/wp-json\/wp\/v2\/media?parent=101"}],"wp:term":[{"taxonomy":"product_brand","embeddable":true,"href":"https:\/\/www.vinivaldi.com\/weine\/wp-json\/wp\/v2\/product_brand?post=101"},{"taxonomy":"product_cat","embeddable":true,"href":"https:\/\/www.vinivaldi.com\/weine\/wp-json\/wp\/v2\/product_cat?post=101"},{"taxonomy":"product_tag","embeddable":true,"href":"https:\/\/www.vinivaldi.com\/weine\/wp-json\/wp\/v2\/product_tag?post=101"}],"curies":[{"name":"wp","href":"https:\/\/api.w.org\/{rel}","templated":true}]}}