{"id":61,"date":"2017-12-08T10:06:07","date_gmt":"2017-12-08T09:06:07","guid":{"rendered":"http:\/\/vinivaldi.langhe.net\/?post_type=product&#038;p=61"},"modified":"2025-11-13T17:34:01","modified_gmt":"2025-11-13T16:34:01","slug":"barbera-asti-superiore-docg","status":"publish","type":"product","link":"https:\/\/www.vinivaldi.com\/weine\/produkt\/barbera-asti-superiore-docg\/","title":{"rendered":"Nizza Docg (Barbera d&#8217;Asti)"},"content":{"rendered":"<p>Es handelt sich um einen Wein, der aus reinen Barbera-Trauben wird. Die 12-monatige Veredelung im Eichenfass aus Slawonien hilft, das fruchtige Kirscharoma zu bewahren, das ihm eine leicht w\u00fcrzige Note von Eleganz und Langlebigkeit verleiht. Es ist also ein tanninhaltiger, vollmundiger und robuster Wein.<\/p>\n<p>Er passt ideal zu Wildfleisch, kr\u00e4ftigem K\u00e4se und insbesondere zu gerilltem und gekochtem Fleisch vom \u201eBue grasso Piemontese\u201c (fetten piemonteser Rind)<span style=\"line-height: 1.5;\">.<\/span><\/p>\n<h2>Weinbereitung<\/h2>\n<p><strong>Methode<\/strong>: nat\u00fcrliche G\u00e4rung im Betonfass f\u00fcr 20 Tage mit t\u00e4glicher Remontage<br \/>\n<strong>Temperatur<\/strong>: 28\/30 \u00b0 C<br \/>\n<strong>Dauer<\/strong>: 20 Tage<br \/>\n<strong>Malolaktische G\u00e4rung<\/strong>: sofort nach der alkoholischen G\u00e4rung<br \/>\n<strong>Veredelung<\/strong>: 12 Monate in gro\u00dfem Eichenfass aus Slawonien<br \/>\n<strong>Alter der F\u00e4sser<\/strong>: 10 Jahre<br \/>\n<strong>Holzart<\/strong>: Eiche aus Slawonien<br \/>\n<strong>Fasstyp<\/strong>: gro\u00dfes Fass<br \/>\n<strong>R\u00f6stniveau<\/strong>: keines<br \/>\n<strong>Anteil neuer F\u00e4sser<\/strong>: \/<br \/>\n<strong>Lagerzeit im Holz<\/strong>: 12 Monate<br \/>\n<strong>Mindestlagerzeit in Flasche<\/strong>: 1 Jahr<\/p>\n<h2><strong>Flasche<\/strong><\/h2>\n<p><strong>Leergewicht der Flasche<\/strong>: 550 g<br \/>\n<strong>Reifungspotential<\/strong>: \u00fcber 10 Jahre<br \/>\n<strong>Korkengr\u00f6\u00dfe<\/strong>: 24\u00d745<br \/>\n<strong>Korkenmaterial<\/strong>: nat\u00fcrlicher Kork<br \/>\n<strong>Flaschentyp<\/strong>: Bordeaux Torretta<\/p>\n<h2>Weinberg<\/h2>\n<p><strong>%\u00a0Trauben\/ Rebsorte<\/strong>: Barbera 100%<strong><br \/>\nBoden<\/strong>: lehmig\/ kalkhaltig<strong><br \/>\nAusrichtung<\/strong>: s\u00fcdlich<strong><br \/>\nAnbaumethode<\/strong>: konventionell<strong><br \/>\nAnpflanzung<\/strong>: 1965<strong><br \/>\n<\/strong><strong>Art der Weinernte<\/strong>: per Hand<\/p>\n","protected":false},"excerpt":{"rendered":"<ul>\n<li><strong>Name des Produkts<\/strong>: 1613<\/li>\n<li><strong>Rebsorte<\/strong>: Barbera<\/li>\n<li><strong>Ursprungsbezeichnung<\/strong>: Nizza<\/li>\n<li><strong>Klassifizierung<\/strong>: DOCG<\/li>\n<li><strong>Farbe<\/strong>: rot<\/li>\n<li><strong>Typologie<\/strong>: still<\/li>\n<li><strong>Flasche<\/strong>: 75 cl<\/li>\n<li><strong>Ort\/Region\/Land<\/strong>: Nizza Monferrato\/ Piemont \/ Italien<\/li>\n<li><strong>Alkoholgehalt<\/strong>: 14,5%<\/li>\n<li><strong>Rests\u00fc\u00dfe<\/strong>: 0 g\/l<\/li>\n<li><strong>Veredelung<\/strong>: 12 Monate in gro\u00dfem Eichenfass aus Slawonien<\/li>\n<li>Enth\u00e4lt Sulfite<\/li>\n<\/ul>\n","protected":false},"featured_media":1815,"comment_status":"closed","ping_status":"closed","template":"","meta":{"_genesis_hide_title":false,"_genesis_hide_breadcrumbs":false,"_genesis_hide_singular_image":false,"_genesis_hide_footer_widgets":false,"_genesis_custom_body_class":"","_genesis_custom_post_class":"","_genesis_layout":""},"product_brand":[],"product_cat":[24,10],"product_tag":[],"class_list":{"0":"post-61","1":"product","2":"type-product","3":"status-publish","4":"has-post-thumbnail","6":"product_cat-all-wines","7":"product_cat-vini-rossi","8":"entry","10":"first","11":"instock","12":"featured","13":"taxable","14":"shipping-taxable","15":"product-type-simple"},"yoast_head":"<!-- This site is optimized with the Yoast SEO plugin v26.7 - https:\/\/yoast.com\/wordpress\/plugins\/seo\/ -->\n<title>Barbera d&#039;Asti Superiore DOCG 1613 Nizza, Italien Weine<\/title>\n<meta name=\"description\" content=\"selection of Barbera grapes vinified in purity. Aging in Slavonian oak casks 12 months, fruity fragrances of ripe cherries, giving it light spicy notes\" \/>\n<meta name=\"robots\" content=\"index, follow, max-snippet:-1, max-image-preview:large, max-video-preview:-1\" \/>\n<link rel=\"canonical\" href=\"https:\/\/www.vinivaldi.com\/weine\/produkt\/barbera-asti-superiore-docg\/\" \/>\n<meta property=\"og:locale\" content=\"de_DE\" \/>\n<meta property=\"og:type\" content=\"article\" \/>\n<meta property=\"og:title\" content=\"Barbera d&#039;Asti Superiore DOCG 1613 Nizza, Italien Weine\" \/>\n<meta property=\"og:description\" content=\"selection of Barbera grapes vinified in purity. Aging in Slavonian oak casks 12 months, fruity fragrances of ripe cherries, giving it light spicy notes\" \/>\n<meta property=\"og:url\" content=\"https:\/\/www.vinivaldi.com\/weine\/produkt\/barbera-asti-superiore-docg\/\" \/>\n<meta property=\"og:site_name\" content=\"Landwirtschaftlicher Betrieb Ivaldi Dario von Ivaldi Andrea\" \/>\n<meta property=\"article:publisher\" content=\"https:\/\/www.facebook.com\/vinidelmonferrato\/\" \/>\n<meta property=\"article:modified_time\" content=\"2025-11-13T16:34:01+00:00\" \/>\n<meta property=\"og:image\" content=\"https:\/\/www.vinivaldi.com\/weine\/wp-content\/uploads\/2020\/04\/nizza.jpg\" \/>\n\t<meta property=\"og:image:width\" content=\"890\" \/>\n\t<meta property=\"og:image:height\" content=\"890\" \/>\n\t<meta property=\"og:image:type\" content=\"image\/jpeg\" \/>\n<meta name=\"twitter:card\" content=\"summary_large_image\" \/>\n<meta name=\"twitter:label1\" content=\"Gesch\u00e4tzte Lesezeit\" \/>\n\t<meta name=\"twitter:data1\" content=\"2\u00a0Minuten\" \/>\n<script type=\"application\/ld+json\" class=\"yoast-schema-graph\">{\"@context\":\"https:\/\/schema.org\",\"@graph\":[{\"@type\":\"WebPage\",\"@id\":\"https:\/\/www.vinivaldi.com\/weine\/produkt\/barbera-asti-superiore-docg\/\",\"url\":\"https:\/\/www.vinivaldi.com\/weine\/produkt\/barbera-asti-superiore-docg\/\",\"name\":\"Barbera d'Asti Superiore DOCG 1613 Nizza, Italien Weine\",\"isPartOf\":{\"@id\":\"https:\/\/www.vinivaldi.com\/weine\/#website\"},\"primaryImageOfPage\":{\"@id\":\"https:\/\/www.vinivaldi.com\/weine\/produkt\/barbera-asti-superiore-docg\/#primaryimage\"},\"image\":{\"@id\":\"https:\/\/www.vinivaldi.com\/weine\/produkt\/barbera-asti-superiore-docg\/#primaryimage\"},\"thumbnailUrl\":\"https:\/\/www.vinivaldi.com\/weine\/wp-content\/uploads\/2020\/04\/nizza.jpg\",\"datePublished\":\"2017-12-08T09:06:07+00:00\",\"dateModified\":\"2025-11-13T16:34:01+00:00\",\"description\":\"selection of Barbera grapes vinified in purity. Aging in Slavonian oak casks 12 months, fruity fragrances of ripe cherries, giving it light spicy notes\",\"breadcrumb\":{\"@id\":\"https:\/\/www.vinivaldi.com\/weine\/produkt\/barbera-asti-superiore-docg\/#breadcrumb\"},\"inLanguage\":\"de\",\"potentialAction\":[{\"@type\":\"ReadAction\",\"target\":[\"https:\/\/www.vinivaldi.com\/weine\/produkt\/barbera-asti-superiore-docg\/\"]}]},{\"@type\":\"ImageObject\",\"inLanguage\":\"de\",\"@id\":\"https:\/\/www.vinivaldi.com\/weine\/produkt\/barbera-asti-superiore-docg\/#primaryimage\",\"url\":\"https:\/\/www.vinivaldi.com\/weine\/wp-content\/uploads\/2020\/04\/nizza.jpg\",\"contentUrl\":\"https:\/\/www.vinivaldi.com\/weine\/wp-content\/uploads\/2020\/04\/nizza.jpg\",\"width\":890,\"height\":890,\"caption\":\"nizza\"},{\"@type\":\"BreadcrumbList\",\"@id\":\"https:\/\/www.vinivaldi.com\/weine\/produkt\/barbera-asti-superiore-docg\/#breadcrumb\",\"itemListElement\":[{\"@type\":\"ListItem\",\"position\":1,\"name\":\"Home\",\"item\":\"https:\/\/www.vinivaldi.com\/weine\/\"},{\"@type\":\"ListItem\",\"position\":2,\"name\":\"Shop\",\"item\":\"https:\/\/www.vinivaldi.com\/weine\/negozio\/\"},{\"@type\":\"ListItem\",\"position\":3,\"name\":\"Nizza Docg (Barbera d&#8217;Asti)\"}]},{\"@type\":\"WebSite\",\"@id\":\"https:\/\/www.vinivaldi.com\/weine\/#website\",\"url\":\"https:\/\/www.vinivaldi.com\/weine\/\",\"name\":\"Landwirtschaftlicher Betrieb Ivaldi Dario von Ivaldi Andrea\",\"description\":\"\",\"potentialAction\":[{\"@type\":\"SearchAction\",\"target\":{\"@type\":\"EntryPoint\",\"urlTemplate\":\"https:\/\/www.vinivaldi.com\/weine\/?s={search_term_string}\"},\"query-input\":{\"@type\":\"PropertyValueSpecification\",\"valueRequired\":true,\"valueName\":\"search_term_string\"}}],\"inLanguage\":\"de\"}]}<\/script>\n<!-- \/ Yoast SEO plugin. -->","yoast_head_json":{"title":"Barbera d'Asti Superiore DOCG 1613 Nizza, Italien Weine","description":"selection of Barbera grapes vinified in purity. Aging in Slavonian oak casks 12 months, fruity fragrances of ripe cherries, giving it light spicy notes","robots":{"index":"index","follow":"follow","max-snippet":"max-snippet:-1","max-image-preview":"max-image-preview:large","max-video-preview":"max-video-preview:-1"},"canonical":"https:\/\/www.vinivaldi.com\/weine\/produkt\/barbera-asti-superiore-docg\/","og_locale":"de_DE","og_type":"article","og_title":"Barbera d'Asti Superiore DOCG 1613 Nizza, Italien Weine","og_description":"selection of Barbera grapes vinified in purity. Aging in Slavonian oak casks 12 months, fruity fragrances of ripe cherries, giving it light spicy notes","og_url":"https:\/\/www.vinivaldi.com\/weine\/produkt\/barbera-asti-superiore-docg\/","og_site_name":"Landwirtschaftlicher Betrieb Ivaldi Dario von Ivaldi Andrea","article_publisher":"https:\/\/www.facebook.com\/vinidelmonferrato\/","article_modified_time":"2025-11-13T16:34:01+00:00","og_image":[{"width":890,"height":890,"url":"https:\/\/www.vinivaldi.com\/weine\/wp-content\/uploads\/2020\/04\/nizza.jpg","type":"image\/jpeg"}],"twitter_card":"summary_large_image","twitter_misc":{"Gesch\u00e4tzte Lesezeit":"2\u00a0Minuten"},"schema":{"@context":"https:\/\/schema.org","@graph":[{"@type":"WebPage","@id":"https:\/\/www.vinivaldi.com\/weine\/produkt\/barbera-asti-superiore-docg\/","url":"https:\/\/www.vinivaldi.com\/weine\/produkt\/barbera-asti-superiore-docg\/","name":"Barbera d'Asti Superiore DOCG 1613 Nizza, Italien Weine","isPartOf":{"@id":"https:\/\/www.vinivaldi.com\/weine\/#website"},"primaryImageOfPage":{"@id":"https:\/\/www.vinivaldi.com\/weine\/produkt\/barbera-asti-superiore-docg\/#primaryimage"},"image":{"@id":"https:\/\/www.vinivaldi.com\/weine\/produkt\/barbera-asti-superiore-docg\/#primaryimage"},"thumbnailUrl":"https:\/\/www.vinivaldi.com\/weine\/wp-content\/uploads\/2020\/04\/nizza.jpg","datePublished":"2017-12-08T09:06:07+00:00","dateModified":"2025-11-13T16:34:01+00:00","description":"selection of Barbera grapes vinified in purity. Aging in Slavonian oak casks 12 months, fruity fragrances of ripe cherries, giving it light spicy notes","breadcrumb":{"@id":"https:\/\/www.vinivaldi.com\/weine\/produkt\/barbera-asti-superiore-docg\/#breadcrumb"},"inLanguage":"de","potentialAction":[{"@type":"ReadAction","target":["https:\/\/www.vinivaldi.com\/weine\/produkt\/barbera-asti-superiore-docg\/"]}]},{"@type":"ImageObject","inLanguage":"de","@id":"https:\/\/www.vinivaldi.com\/weine\/produkt\/barbera-asti-superiore-docg\/#primaryimage","url":"https:\/\/www.vinivaldi.com\/weine\/wp-content\/uploads\/2020\/04\/nizza.jpg","contentUrl":"https:\/\/www.vinivaldi.com\/weine\/wp-content\/uploads\/2020\/04\/nizza.jpg","width":890,"height":890,"caption":"nizza"},{"@type":"BreadcrumbList","@id":"https:\/\/www.vinivaldi.com\/weine\/produkt\/barbera-asti-superiore-docg\/#breadcrumb","itemListElement":[{"@type":"ListItem","position":1,"name":"Home","item":"https:\/\/www.vinivaldi.com\/weine\/"},{"@type":"ListItem","position":2,"name":"Shop","item":"https:\/\/www.vinivaldi.com\/weine\/negozio\/"},{"@type":"ListItem","position":3,"name":"Nizza Docg (Barbera d&#8217;Asti)"}]},{"@type":"WebSite","@id":"https:\/\/www.vinivaldi.com\/weine\/#website","url":"https:\/\/www.vinivaldi.com\/weine\/","name":"Landwirtschaftlicher Betrieb Ivaldi Dario von Ivaldi Andrea","description":"","potentialAction":[{"@type":"SearchAction","target":{"@type":"EntryPoint","urlTemplate":"https:\/\/www.vinivaldi.com\/weine\/?s={search_term_string}"},"query-input":{"@type":"PropertyValueSpecification","valueRequired":true,"valueName":"search_term_string"}}],"inLanguage":"de"}]}},"_links":{"self":[{"href":"https:\/\/www.vinivaldi.com\/weine\/wp-json\/wp\/v2\/product\/61","targetHints":{"allow":["GET"]}}],"collection":[{"href":"https:\/\/www.vinivaldi.com\/weine\/wp-json\/wp\/v2\/product"}],"about":[{"href":"https:\/\/www.vinivaldi.com\/weine\/wp-json\/wp\/v2\/types\/product"}],"replies":[{"embeddable":true,"href":"https:\/\/www.vinivaldi.com\/weine\/wp-json\/wp\/v2\/comments?post=61"}],"wp:featuredmedia":[{"embeddable":true,"href":"https:\/\/www.vinivaldi.com\/weine\/wp-json\/wp\/v2\/media\/1815"}],"wp:attachment":[{"href":"https:\/\/www.vinivaldi.com\/weine\/wp-json\/wp\/v2\/media?parent=61"}],"wp:term":[{"taxonomy":"product_brand","embeddable":true,"href":"https:\/\/www.vinivaldi.com\/weine\/wp-json\/wp\/v2\/product_brand?post=61"},{"taxonomy":"product_cat","embeddable":true,"href":"https:\/\/www.vinivaldi.com\/weine\/wp-json\/wp\/v2\/product_cat?post=61"},{"taxonomy":"product_tag","embeddable":true,"href":"https:\/\/www.vinivaldi.com\/weine\/wp-json\/wp\/v2\/product_tag?post=61"}],"curies":[{"name":"wp","href":"https:\/\/api.w.org\/{rel}","templated":true}]}}