{"id":68,"date":"2017-12-07T09:39:59","date_gmt":"2017-12-07T08:39:59","guid":{"rendered":"http:\/\/vinivaldi.langhe.net\/?post_type=product&#038;p=68"},"modified":"2025-11-13T17:34:40","modified_gmt":"2025-11-13T16:34:40","slug":"barbera-dasti-docg","status":"publish","type":"product","link":"https:\/\/www.vinivaldi.com\/weine\/produkt\/barbera-dasti-docg\/","title":{"rendered":"Barbera d&#8217;Asti DOCG Piccona"},"content":{"rendered":"<h2>Anmerkungen bei der Weinprobe<\/h2>\n<p>Er ist das Vorzeigeprodukt des Betriebs, ein \u201etraditioneller\u201c Barbera d\u2019Asti, d.h. ein robuster, tanninhaltiger, vollmundiger und warmer Wein mit rubinroter Farbe und granatroten Farbreflexen. Die wahrgenommenen Geruchsmerkmale sind intensiv und fruchtig und erinnern an rote Fr\u00fcchte wie Kirschen und Pflaumen.<\/p>\n<p>Er begleitet vorwiegend Hauptspeisen wie \u201eTajarin ai funghi\u201c , \u201eravioli al plin\u201c und Gerichte mit Rind- oder Schweinefleisch.<\/p>\n<h2>Weinbereitung<\/h2>\n<p><strong>Methode<\/strong>: Verg\u00e4rung im Betonfass f\u00fcr 20 Tage mit t\u00e4glicher Luft-Remontage. Nach der malolaktischen G\u00e4rung ruht der Wein 12 Monate lang in Betonf\u00e4ssern und wird dann in Flaschen abgef\u00fcllt.<br \/>\n<strong>Temperatur<\/strong>: 28 \u00b0C<br \/>\n<strong>Dauer<\/strong>: 20 Tage<br \/>\n<strong>Malolaktische G\u00e4rung<\/strong>: ja<br \/>\n<strong>Veredelung<\/strong>: 12 Monate im Betonfass<br \/>\n<strong>Mindestlagerzeit in Flasche<\/strong>: 1 Jahr<\/p>\n<h2>Flasche<\/h2>\n<p><strong>Leergewicht der Flasche<\/strong>: 500 g<br \/>\n<strong>Reifungspotential<\/strong>: 8 Jahr<br \/>\n<strong>Gr\u00f6\u00dfe des Korkens<\/strong>: 26\u00d745<br \/>\n<strong>Material des Korkens<\/strong>: nat\u00fcrlicher Kork<br \/>\n<strong>Flaschentyp<\/strong>: Bordeaux<\/p>\n<h2>Weinberg<\/h2>\n<p><strong>% Trauben\/ Rebe<\/strong>: Barbera 100%<br \/>\n<strong>Boden<\/strong>: lehmig-kalkhaltig<br \/>\n<strong>Ausrichtung<\/strong>: s\u00fcdlich<br \/>\n<strong>Anbaumethode<\/strong>: konventionell<br \/>\n<strong>Anpflanzung<\/strong>: 1978<br \/>\n<strong>Art der Weinernte<\/strong>: per Hand<\/p>\n<p>&nbsp;<\/p>\n<div id=\"gtx-trans\" style=\"position: absolute; left: -74px; top: 169.719px;\">\n<div class=\"gtx-trans-icon\"><\/div>\n<\/div>\n","protected":false},"excerpt":{"rendered":"<ul>\n<li><strong>Name des Produkts<\/strong>: PICCONA<\/li>\n<li><strong>Rebe<\/strong>: Barbera 100%<\/li>\n<li><strong>Ursprungsbezeichnung<\/strong>: Barbera d\u2019Asti<\/li>\n<li><strong>Klassifizierung<\/strong>: DOCG<\/li>\n<li><strong>Farbe<\/strong>: rot<\/li>\n<li><strong>Typologie<\/strong>: still<\/li>\n<li><strong>Flasche<\/strong>: 75 cl<\/li>\n<li><strong>Ort\/Re<\/strong><strong>gion\/Land<\/strong>: Nizza Monferrato\/ Piemont \/ Italien<\/li>\n<li><strong>Alkoholgehalt<\/strong>: 14%<\/li>\n<li><strong>Rests\u00fc\u00dfe<\/strong>: 2<\/li>\n<li><strong>Veredelung<\/strong>: 1 Jahr im Betonfass<\/li>\n<li><strong>Enth\u00e4lt Sulfite<\/strong><\/li>\n<\/ul>\n","protected":false},"featured_media":1816,"comment_status":"closed","ping_status":"closed","template":"","meta":{"_genesis_hide_title":false,"_genesis_hide_breadcrumbs":false,"_genesis_hide_singular_image":false,"_genesis_hide_footer_widgets":false,"_genesis_custom_body_class":"","_genesis_custom_post_class":"","_genesis_layout":""},"product_brand":[],"product_cat":[24,10],"product_tag":[],"class_list":{"0":"post-68","1":"product","2":"type-product","3":"status-publish","4":"has-post-thumbnail","6":"product_cat-all-wines","7":"product_cat-vini-rossi","8":"entry","10":"first","11":"instock","12":"featured","13":"taxable","14":"shipping-taxable","15":"product-type-simple"},"yoast_head":"<!-- This site is optimized with the Yoast SEO plugin v26.7 - https:\/\/yoast.com\/wordpress\/plugins\/seo\/ -->\n<title>Barbera d&#039;Asti DOCG Piccona, Italien Weine<\/title>\n<meta name=\"description\" content=\"Traditional Barbera d\u2019Asti, tannic, full and warm; ruby red with hints of garnet. The bouquet is intense and fruity, reminiscent of red fruits like cherry\" \/>\n<meta name=\"robots\" content=\"index, follow, max-snippet:-1, max-image-preview:large, max-video-preview:-1\" \/>\n<link rel=\"canonical\" href=\"https:\/\/www.vinivaldi.com\/weine\/produkt\/barbera-dasti-docg\/\" \/>\n<meta property=\"og:locale\" content=\"de_DE\" \/>\n<meta property=\"og:type\" content=\"article\" \/>\n<meta property=\"og:title\" content=\"Barbera d&#039;Asti DOCG Piccona, Italien Weine\" \/>\n<meta property=\"og:description\" content=\"Traditional Barbera d\u2019Asti, tannic, full and warm; ruby red with hints of garnet. The bouquet is intense and fruity, reminiscent of red fruits like cherry\" \/>\n<meta property=\"og:url\" content=\"https:\/\/www.vinivaldi.com\/weine\/produkt\/barbera-dasti-docg\/\" \/>\n<meta property=\"og:site_name\" content=\"Landwirtschaftlicher Betrieb Ivaldi Dario von Ivaldi Andrea\" \/>\n<meta property=\"article:publisher\" content=\"https:\/\/www.facebook.com\/vinidelmonferrato\/\" \/>\n<meta property=\"article:modified_time\" content=\"2025-11-13T16:34:40+00:00\" \/>\n<meta property=\"og:image\" content=\"https:\/\/www.vinivaldi.com\/weine\/wp-content\/uploads\/2020\/04\/piccona-barbera-asti-docg-ivaldi-dario.jpg\" \/>\n\t<meta property=\"og:image:width\" content=\"890\" \/>\n\t<meta property=\"og:image:height\" content=\"890\" \/>\n\t<meta property=\"og:image:type\" content=\"image\/jpeg\" \/>\n<meta name=\"twitter:card\" content=\"summary_large_image\" \/>\n<meta name=\"twitter:label1\" content=\"Gesch\u00e4tzte Lesezeit\" \/>\n\t<meta name=\"twitter:data1\" content=\"1\u00a0Minute\" \/>\n<script type=\"application\/ld+json\" class=\"yoast-schema-graph\">{\"@context\":\"https:\/\/schema.org\",\"@graph\":[{\"@type\":\"WebPage\",\"@id\":\"https:\/\/www.vinivaldi.com\/weine\/produkt\/barbera-dasti-docg\/\",\"url\":\"https:\/\/www.vinivaldi.com\/weine\/produkt\/barbera-dasti-docg\/\",\"name\":\"Barbera d'Asti DOCG Piccona, Italien Weine\",\"isPartOf\":{\"@id\":\"https:\/\/www.vinivaldi.com\/weine\/#website\"},\"primaryImageOfPage\":{\"@id\":\"https:\/\/www.vinivaldi.com\/weine\/produkt\/barbera-dasti-docg\/#primaryimage\"},\"image\":{\"@id\":\"https:\/\/www.vinivaldi.com\/weine\/produkt\/barbera-dasti-docg\/#primaryimage\"},\"thumbnailUrl\":\"https:\/\/www.vinivaldi.com\/weine\/wp-content\/uploads\/2020\/04\/piccona-barbera-asti-docg-ivaldi-dario.jpg\",\"datePublished\":\"2017-12-07T08:39:59+00:00\",\"dateModified\":\"2025-11-13T16:34:40+00:00\",\"description\":\"Traditional Barbera d\u2019Asti, tannic, full and warm; ruby red with hints of garnet. The bouquet is intense and fruity, reminiscent of red fruits like cherry\",\"breadcrumb\":{\"@id\":\"https:\/\/www.vinivaldi.com\/weine\/produkt\/barbera-dasti-docg\/#breadcrumb\"},\"inLanguage\":\"de\",\"potentialAction\":[{\"@type\":\"ReadAction\",\"target\":[\"https:\/\/www.vinivaldi.com\/weine\/produkt\/barbera-dasti-docg\/\"]}]},{\"@type\":\"ImageObject\",\"inLanguage\":\"de\",\"@id\":\"https:\/\/www.vinivaldi.com\/weine\/produkt\/barbera-dasti-docg\/#primaryimage\",\"url\":\"https:\/\/www.vinivaldi.com\/weine\/wp-content\/uploads\/2020\/04\/piccona-barbera-asti-docg-ivaldi-dario.jpg\",\"contentUrl\":\"https:\/\/www.vinivaldi.com\/weine\/wp-content\/uploads\/2020\/04\/piccona-barbera-asti-docg-ivaldi-dario.jpg\",\"width\":890,\"height\":890,\"caption\":\"Piccona Barbera\"},{\"@type\":\"BreadcrumbList\",\"@id\":\"https:\/\/www.vinivaldi.com\/weine\/produkt\/barbera-dasti-docg\/#breadcrumb\",\"itemListElement\":[{\"@type\":\"ListItem\",\"position\":1,\"name\":\"Home\",\"item\":\"https:\/\/www.vinivaldi.com\/weine\/\"},{\"@type\":\"ListItem\",\"position\":2,\"name\":\"Shop\",\"item\":\"https:\/\/www.vinivaldi.com\/weine\/negozio\/\"},{\"@type\":\"ListItem\",\"position\":3,\"name\":\"Barbera d&#8217;Asti DOCG Piccona\"}]},{\"@type\":\"WebSite\",\"@id\":\"https:\/\/www.vinivaldi.com\/weine\/#website\",\"url\":\"https:\/\/www.vinivaldi.com\/weine\/\",\"name\":\"Landwirtschaftlicher Betrieb Ivaldi Dario von Ivaldi Andrea\",\"description\":\"\",\"potentialAction\":[{\"@type\":\"SearchAction\",\"target\":{\"@type\":\"EntryPoint\",\"urlTemplate\":\"https:\/\/www.vinivaldi.com\/weine\/?s={search_term_string}\"},\"query-input\":{\"@type\":\"PropertyValueSpecification\",\"valueRequired\":true,\"valueName\":\"search_term_string\"}}],\"inLanguage\":\"de\"}]}<\/script>\n<!-- \/ Yoast SEO plugin. -->","yoast_head_json":{"title":"Barbera d'Asti DOCG Piccona, Italien Weine","description":"Traditional Barbera d\u2019Asti, tannic, full and warm; ruby red with hints of garnet. The bouquet is intense and fruity, reminiscent of red fruits like cherry","robots":{"index":"index","follow":"follow","max-snippet":"max-snippet:-1","max-image-preview":"max-image-preview:large","max-video-preview":"max-video-preview:-1"},"canonical":"https:\/\/www.vinivaldi.com\/weine\/produkt\/barbera-dasti-docg\/","og_locale":"de_DE","og_type":"article","og_title":"Barbera d'Asti DOCG Piccona, Italien Weine","og_description":"Traditional Barbera d\u2019Asti, tannic, full and warm; ruby red with hints of garnet. The bouquet is intense and fruity, reminiscent of red fruits like cherry","og_url":"https:\/\/www.vinivaldi.com\/weine\/produkt\/barbera-dasti-docg\/","og_site_name":"Landwirtschaftlicher Betrieb Ivaldi Dario von Ivaldi Andrea","article_publisher":"https:\/\/www.facebook.com\/vinidelmonferrato\/","article_modified_time":"2025-11-13T16:34:40+00:00","og_image":[{"width":890,"height":890,"url":"https:\/\/www.vinivaldi.com\/weine\/wp-content\/uploads\/2020\/04\/piccona-barbera-asti-docg-ivaldi-dario.jpg","type":"image\/jpeg"}],"twitter_card":"summary_large_image","twitter_misc":{"Gesch\u00e4tzte Lesezeit":"1\u00a0Minute"},"schema":{"@context":"https:\/\/schema.org","@graph":[{"@type":"WebPage","@id":"https:\/\/www.vinivaldi.com\/weine\/produkt\/barbera-dasti-docg\/","url":"https:\/\/www.vinivaldi.com\/weine\/produkt\/barbera-dasti-docg\/","name":"Barbera d'Asti DOCG Piccona, Italien Weine","isPartOf":{"@id":"https:\/\/www.vinivaldi.com\/weine\/#website"},"primaryImageOfPage":{"@id":"https:\/\/www.vinivaldi.com\/weine\/produkt\/barbera-dasti-docg\/#primaryimage"},"image":{"@id":"https:\/\/www.vinivaldi.com\/weine\/produkt\/barbera-dasti-docg\/#primaryimage"},"thumbnailUrl":"https:\/\/www.vinivaldi.com\/weine\/wp-content\/uploads\/2020\/04\/piccona-barbera-asti-docg-ivaldi-dario.jpg","datePublished":"2017-12-07T08:39:59+00:00","dateModified":"2025-11-13T16:34:40+00:00","description":"Traditional Barbera d\u2019Asti, tannic, full and warm; ruby red with hints of garnet. The bouquet is intense and fruity, reminiscent of red fruits like cherry","breadcrumb":{"@id":"https:\/\/www.vinivaldi.com\/weine\/produkt\/barbera-dasti-docg\/#breadcrumb"},"inLanguage":"de","potentialAction":[{"@type":"ReadAction","target":["https:\/\/www.vinivaldi.com\/weine\/produkt\/barbera-dasti-docg\/"]}]},{"@type":"ImageObject","inLanguage":"de","@id":"https:\/\/www.vinivaldi.com\/weine\/produkt\/barbera-dasti-docg\/#primaryimage","url":"https:\/\/www.vinivaldi.com\/weine\/wp-content\/uploads\/2020\/04\/piccona-barbera-asti-docg-ivaldi-dario.jpg","contentUrl":"https:\/\/www.vinivaldi.com\/weine\/wp-content\/uploads\/2020\/04\/piccona-barbera-asti-docg-ivaldi-dario.jpg","width":890,"height":890,"caption":"Piccona Barbera"},{"@type":"BreadcrumbList","@id":"https:\/\/www.vinivaldi.com\/weine\/produkt\/barbera-dasti-docg\/#breadcrumb","itemListElement":[{"@type":"ListItem","position":1,"name":"Home","item":"https:\/\/www.vinivaldi.com\/weine\/"},{"@type":"ListItem","position":2,"name":"Shop","item":"https:\/\/www.vinivaldi.com\/weine\/negozio\/"},{"@type":"ListItem","position":3,"name":"Barbera d&#8217;Asti DOCG Piccona"}]},{"@type":"WebSite","@id":"https:\/\/www.vinivaldi.com\/weine\/#website","url":"https:\/\/www.vinivaldi.com\/weine\/","name":"Landwirtschaftlicher Betrieb Ivaldi Dario von Ivaldi Andrea","description":"","potentialAction":[{"@type":"SearchAction","target":{"@type":"EntryPoint","urlTemplate":"https:\/\/www.vinivaldi.com\/weine\/?s={search_term_string}"},"query-input":{"@type":"PropertyValueSpecification","valueRequired":true,"valueName":"search_term_string"}}],"inLanguage":"de"}]}},"_links":{"self":[{"href":"https:\/\/www.vinivaldi.com\/weine\/wp-json\/wp\/v2\/product\/68","targetHints":{"allow":["GET"]}}],"collection":[{"href":"https:\/\/www.vinivaldi.com\/weine\/wp-json\/wp\/v2\/product"}],"about":[{"href":"https:\/\/www.vinivaldi.com\/weine\/wp-json\/wp\/v2\/types\/product"}],"replies":[{"embeddable":true,"href":"https:\/\/www.vinivaldi.com\/weine\/wp-json\/wp\/v2\/comments?post=68"}],"wp:featuredmedia":[{"embeddable":true,"href":"https:\/\/www.vinivaldi.com\/weine\/wp-json\/wp\/v2\/media\/1816"}],"wp:attachment":[{"href":"https:\/\/www.vinivaldi.com\/weine\/wp-json\/wp\/v2\/media?parent=68"}],"wp:term":[{"taxonomy":"product_brand","embeddable":true,"href":"https:\/\/www.vinivaldi.com\/weine\/wp-json\/wp\/v2\/product_brand?post=68"},{"taxonomy":"product_cat","embeddable":true,"href":"https:\/\/www.vinivaldi.com\/weine\/wp-json\/wp\/v2\/product_cat?post=68"},{"taxonomy":"product_tag","embeddable":true,"href":"https:\/\/www.vinivaldi.com\/weine\/wp-json\/wp\/v2\/product_tag?post=68"}],"curies":[{"name":"wp","href":"https:\/\/api.w.org\/{rel}","templated":true}]}}