{"id":81,"date":"2014-07-12T10:11:51","date_gmt":"2014-07-12T08:11:51","guid":{"rendered":"http:\/\/vinivaldi.langhe.net\/?post_type=product&#038;p=81"},"modified":"2025-11-13T17:34:30","modified_gmt":"2025-11-13T16:34:30","slug":"dolcetto-asti-doc","status":"publish","type":"product","link":"https:\/\/www.vinivaldi.com\/weine\/produkt\/dolcetto-asti-doc\/","title":{"rendered":"Dolcetto d&#8217;Asti DOC Dap\u00e9n"},"content":{"rendered":"<h2>Anmerkungen bei der Weinprobe<\/h2>\n<p>Der Wein pr\u00e4sentiert sich klar, mit rubinroter Farbe und violettblauen Farbreflexen, seine Duftnote ist fein, weinig und intensiv, w\u00e4hrend sein Geschmack trocken, warm und weich ist, mit einem wohl dosierten Tanningehalt und mandelartigen Nachhall, der typisch f\u00fcr den Dolcetto ist.<\/p>\n<p>Es handelt sich um einen Wein, der gut zu allen Speisen passt und insbesondere optimal den K\u00e4se \u201eRobiola di Roccaverano Dop\u201c begleitet.<\/p>\n<p>&nbsp;<\/p>\n<h2>Weinbereitung<\/h2>\n<p><strong>Methode<\/strong>: 15-t\u00e4gige G\u00e4rung in Betonf\u00e4ssern mit t\u00e4glicher Luft-Remontage. Anschlie\u00dfende malolaktische G\u00e4rung und Ausbau.<br \/>\n<strong>Temperatur<\/strong>: 30\u00b0C<br \/>\n<strong>Dauer<\/strong>: 15 Tage<br \/>\n<strong>Malolaktische G\u00e4rung<\/strong>: ja<br \/>\n<strong>Mindestlagerzeit in Flasche<\/strong>: Flasche<\/p>\n<h2>Flasche<\/h2>\n<p><strong>Leergewicht der Flasche<\/strong>: 300 g<br \/>\n<strong>Reifungspotential<\/strong>: 3 Jahre<br \/>\n<strong>Korkengr\u00f6\u00dfe<\/strong>: 26\u00d740<br \/>\n<strong>Korkenmaterial<\/strong>: Kunststoff<br \/>\n<strong>Flaschentyp<\/strong>: Bordeaux<\/p>\n<h2>Weinberg<\/h2>\n<p><strong>% Trauben\/ Rebsorte<\/strong>: Dolcetto 100%<br \/>\n<strong>Boden<\/strong>: lehmig-kalkhaltig<br \/>\n<strong>Ausrichtung<\/strong>: s\u00fcd\u00f6stlich<br \/>\n<strong>Anbaumethode<\/strong>: konventionell<br \/>\n<strong>Anpflanzung<\/strong>: 2003<br \/>\n<strong>Art der Weinernte<\/strong>: per Hand<\/p>\n<div id=\"gtx-trans\" style=\"position: absolute; left: -24px; top: 169.719px;\">\n<div class=\"gtx-trans-icon\"><\/div>\n<\/div>\n","protected":false},"excerpt":{"rendered":"<ul>\n<li><strong>Name des Produkts<\/strong>: DAPEN<\/li>\n<li><strong>Rebsorte<\/strong>: Dolcetto<\/li>\n<li><strong>Ursprungsbezeichnung<\/strong>: Dolcetto d\u2019Asti<\/li>\n<li><strong>Klassifizierung<\/strong>: DOC<\/li>\n<li><strong>Farbe<\/strong>: rot<\/li>\n<li><strong>Typologie<\/strong>: still<\/li>\n<li><strong>Flasche<\/strong>: 75 cl<\/li>\n<li><strong>Ort\/Region\/Land<\/strong>: Nizza Monferrato\/ Piemont \/ Italien<\/li>\n<li><strong>Alkoholgehalt<\/strong>: 13%<\/li>\n<li><strong>Enth\u00e4lt Sulfite<\/strong><\/li>\n<\/ul>\n","protected":false},"featured_media":1812,"comment_status":"closed","ping_status":"closed","template":"","meta":{"_genesis_hide_title":false,"_genesis_hide_breadcrumbs":false,"_genesis_hide_singular_image":false,"_genesis_hide_footer_widgets":false,"_genesis_custom_body_class":"","_genesis_custom_post_class":"","_genesis_layout":""},"product_brand":[],"product_cat":[24,10],"product_tag":[],"class_list":{"0":"post-81","1":"product","2":"type-product","3":"status-publish","4":"has-post-thumbnail","6":"product_cat-all-wines","7":"product_cat-vini-rossi","8":"entry","10":"first","11":"instock","12":"featured","13":"taxable","14":"shipping-taxable","15":"product-type-simple"},"yoast_head":"<!-- This site is optimized with the Yoast SEO plugin v26.7 - https:\/\/yoast.com\/wordpress\/plugins\/seo\/ -->\n<title>Dolcetto d&#039;Asti DOC Dap\u00e9n, Italian Weine | Ivaldi Dario<\/title>\n<meta name=\"description\" content=\"ruby red color and purple hues; fragrance refined, vinous, intense, dry, warm; has good tannins with a sweet almond aftertaste which is typical of dolcetto\" \/>\n<meta name=\"robots\" content=\"index, follow, max-snippet:-1, max-image-preview:large, max-video-preview:-1\" \/>\n<link rel=\"canonical\" href=\"https:\/\/www.vinivaldi.com\/weine\/produkt\/dolcetto-asti-doc\/\" \/>\n<meta property=\"og:locale\" content=\"de_DE\" \/>\n<meta property=\"og:type\" content=\"article\" \/>\n<meta property=\"og:title\" content=\"Dolcetto d&#039;Asti DOC Dap\u00e9n, Italian Weine | Ivaldi Dario\" \/>\n<meta property=\"og:description\" content=\"ruby red color and purple hues; fragrance refined, vinous, intense, dry, warm; has good tannins with a sweet almond aftertaste which is typical of dolcetto\" \/>\n<meta property=\"og:url\" content=\"https:\/\/www.vinivaldi.com\/weine\/produkt\/dolcetto-asti-doc\/\" \/>\n<meta property=\"og:site_name\" content=\"Landwirtschaftlicher Betrieb Ivaldi Dario von Ivaldi Andrea\" \/>\n<meta property=\"article:publisher\" content=\"https:\/\/www.facebook.com\/vinidelmonferrato\/\" \/>\n<meta property=\"article:modified_time\" content=\"2025-11-13T16:34:30+00:00\" \/>\n<meta property=\"og:image\" content=\"https:\/\/www.vinivaldi.com\/weine\/wp-content\/uploads\/2020\/04\/Dapen-Dolcetto-monferrato-ivaldi-dario.jpg\" \/>\n\t<meta property=\"og:image:width\" content=\"890\" \/>\n\t<meta property=\"og:image:height\" content=\"890\" \/>\n\t<meta property=\"og:image:type\" content=\"image\/jpeg\" \/>\n<meta name=\"twitter:card\" content=\"summary_large_image\" \/>\n<meta name=\"twitter:label1\" content=\"Gesch\u00e4tzte Lesezeit\" \/>\n\t<meta name=\"twitter:data1\" content=\"1\u00a0Minute\" \/>\n<script type=\"application\/ld+json\" class=\"yoast-schema-graph\">{\"@context\":\"https:\/\/schema.org\",\"@graph\":[{\"@type\":\"WebPage\",\"@id\":\"https:\/\/www.vinivaldi.com\/weine\/produkt\/dolcetto-asti-doc\/\",\"url\":\"https:\/\/www.vinivaldi.com\/weine\/produkt\/dolcetto-asti-doc\/\",\"name\":\"Dolcetto d'Asti DOC Dap\u00e9n, Italian Weine | Ivaldi Dario\",\"isPartOf\":{\"@id\":\"https:\/\/www.vinivaldi.com\/weine\/#website\"},\"primaryImageOfPage\":{\"@id\":\"https:\/\/www.vinivaldi.com\/weine\/produkt\/dolcetto-asti-doc\/#primaryimage\"},\"image\":{\"@id\":\"https:\/\/www.vinivaldi.com\/weine\/produkt\/dolcetto-asti-doc\/#primaryimage\"},\"thumbnailUrl\":\"https:\/\/www.vinivaldi.com\/weine\/wp-content\/uploads\/2020\/04\/Dapen-Dolcetto-monferrato-ivaldi-dario.jpg\",\"datePublished\":\"2014-07-12T08:11:51+00:00\",\"dateModified\":\"2025-11-13T16:34:30+00:00\",\"description\":\"ruby red color and purple hues; fragrance refined, vinous, intense, dry, warm; has good tannins with a sweet almond aftertaste which is typical of dolcetto\",\"breadcrumb\":{\"@id\":\"https:\/\/www.vinivaldi.com\/weine\/produkt\/dolcetto-asti-doc\/#breadcrumb\"},\"inLanguage\":\"de\",\"potentialAction\":[{\"@type\":\"ReadAction\",\"target\":[\"https:\/\/www.vinivaldi.com\/weine\/produkt\/dolcetto-asti-doc\/\"]}]},{\"@type\":\"ImageObject\",\"inLanguage\":\"de\",\"@id\":\"https:\/\/www.vinivaldi.com\/weine\/produkt\/dolcetto-asti-doc\/#primaryimage\",\"url\":\"https:\/\/www.vinivaldi.com\/weine\/wp-content\/uploads\/2020\/04\/Dapen-Dolcetto-monferrato-ivaldi-dario.jpg\",\"contentUrl\":\"https:\/\/www.vinivaldi.com\/weine\/wp-content\/uploads\/2020\/04\/Dapen-Dolcetto-monferrato-ivaldi-dario.jpg\",\"width\":890,\"height\":890,\"caption\":\"Dapen-Dolcetto-monferrato-ivaldi-dario\"},{\"@type\":\"BreadcrumbList\",\"@id\":\"https:\/\/www.vinivaldi.com\/weine\/produkt\/dolcetto-asti-doc\/#breadcrumb\",\"itemListElement\":[{\"@type\":\"ListItem\",\"position\":1,\"name\":\"Home\",\"item\":\"https:\/\/www.vinivaldi.com\/weine\/\"},{\"@type\":\"ListItem\",\"position\":2,\"name\":\"Shop\",\"item\":\"https:\/\/www.vinivaldi.com\/weine\/negozio\/\"},{\"@type\":\"ListItem\",\"position\":3,\"name\":\"Dolcetto d&#8217;Asti DOC Dap\u00e9n\"}]},{\"@type\":\"WebSite\",\"@id\":\"https:\/\/www.vinivaldi.com\/weine\/#website\",\"url\":\"https:\/\/www.vinivaldi.com\/weine\/\",\"name\":\"Landwirtschaftlicher Betrieb Ivaldi Dario von Ivaldi Andrea\",\"description\":\"\",\"potentialAction\":[{\"@type\":\"SearchAction\",\"target\":{\"@type\":\"EntryPoint\",\"urlTemplate\":\"https:\/\/www.vinivaldi.com\/weine\/?s={search_term_string}\"},\"query-input\":{\"@type\":\"PropertyValueSpecification\",\"valueRequired\":true,\"valueName\":\"search_term_string\"}}],\"inLanguage\":\"de\"}]}<\/script>\n<!-- \/ Yoast SEO plugin. -->","yoast_head_json":{"title":"Dolcetto d'Asti DOC Dap\u00e9n, Italian Weine | Ivaldi Dario","description":"ruby red color and purple hues; fragrance refined, vinous, intense, dry, warm; has good tannins with a sweet almond aftertaste which is typical of dolcetto","robots":{"index":"index","follow":"follow","max-snippet":"max-snippet:-1","max-image-preview":"max-image-preview:large","max-video-preview":"max-video-preview:-1"},"canonical":"https:\/\/www.vinivaldi.com\/weine\/produkt\/dolcetto-asti-doc\/","og_locale":"de_DE","og_type":"article","og_title":"Dolcetto d'Asti DOC Dap\u00e9n, Italian Weine | Ivaldi Dario","og_description":"ruby red color and purple hues; fragrance refined, vinous, intense, dry, warm; has good tannins with a sweet almond aftertaste which is typical of dolcetto","og_url":"https:\/\/www.vinivaldi.com\/weine\/produkt\/dolcetto-asti-doc\/","og_site_name":"Landwirtschaftlicher Betrieb Ivaldi Dario von Ivaldi Andrea","article_publisher":"https:\/\/www.facebook.com\/vinidelmonferrato\/","article_modified_time":"2025-11-13T16:34:30+00:00","og_image":[{"width":890,"height":890,"url":"https:\/\/www.vinivaldi.com\/weine\/wp-content\/uploads\/2020\/04\/Dapen-Dolcetto-monferrato-ivaldi-dario.jpg","type":"image\/jpeg"}],"twitter_card":"summary_large_image","twitter_misc":{"Gesch\u00e4tzte Lesezeit":"1\u00a0Minute"},"schema":{"@context":"https:\/\/schema.org","@graph":[{"@type":"WebPage","@id":"https:\/\/www.vinivaldi.com\/weine\/produkt\/dolcetto-asti-doc\/","url":"https:\/\/www.vinivaldi.com\/weine\/produkt\/dolcetto-asti-doc\/","name":"Dolcetto d'Asti DOC Dap\u00e9n, Italian Weine | Ivaldi Dario","isPartOf":{"@id":"https:\/\/www.vinivaldi.com\/weine\/#website"},"primaryImageOfPage":{"@id":"https:\/\/www.vinivaldi.com\/weine\/produkt\/dolcetto-asti-doc\/#primaryimage"},"image":{"@id":"https:\/\/www.vinivaldi.com\/weine\/produkt\/dolcetto-asti-doc\/#primaryimage"},"thumbnailUrl":"https:\/\/www.vinivaldi.com\/weine\/wp-content\/uploads\/2020\/04\/Dapen-Dolcetto-monferrato-ivaldi-dario.jpg","datePublished":"2014-07-12T08:11:51+00:00","dateModified":"2025-11-13T16:34:30+00:00","description":"ruby red color and purple hues; fragrance refined, vinous, intense, dry, warm; has good tannins with a sweet almond aftertaste which is typical of dolcetto","breadcrumb":{"@id":"https:\/\/www.vinivaldi.com\/weine\/produkt\/dolcetto-asti-doc\/#breadcrumb"},"inLanguage":"de","potentialAction":[{"@type":"ReadAction","target":["https:\/\/www.vinivaldi.com\/weine\/produkt\/dolcetto-asti-doc\/"]}]},{"@type":"ImageObject","inLanguage":"de","@id":"https:\/\/www.vinivaldi.com\/weine\/produkt\/dolcetto-asti-doc\/#primaryimage","url":"https:\/\/www.vinivaldi.com\/weine\/wp-content\/uploads\/2020\/04\/Dapen-Dolcetto-monferrato-ivaldi-dario.jpg","contentUrl":"https:\/\/www.vinivaldi.com\/weine\/wp-content\/uploads\/2020\/04\/Dapen-Dolcetto-monferrato-ivaldi-dario.jpg","width":890,"height":890,"caption":"Dapen-Dolcetto-monferrato-ivaldi-dario"},{"@type":"BreadcrumbList","@id":"https:\/\/www.vinivaldi.com\/weine\/produkt\/dolcetto-asti-doc\/#breadcrumb","itemListElement":[{"@type":"ListItem","position":1,"name":"Home","item":"https:\/\/www.vinivaldi.com\/weine\/"},{"@type":"ListItem","position":2,"name":"Shop","item":"https:\/\/www.vinivaldi.com\/weine\/negozio\/"},{"@type":"ListItem","position":3,"name":"Dolcetto d&#8217;Asti DOC Dap\u00e9n"}]},{"@type":"WebSite","@id":"https:\/\/www.vinivaldi.com\/weine\/#website","url":"https:\/\/www.vinivaldi.com\/weine\/","name":"Landwirtschaftlicher Betrieb Ivaldi Dario von Ivaldi Andrea","description":"","potentialAction":[{"@type":"SearchAction","target":{"@type":"EntryPoint","urlTemplate":"https:\/\/www.vinivaldi.com\/weine\/?s={search_term_string}"},"query-input":{"@type":"PropertyValueSpecification","valueRequired":true,"valueName":"search_term_string"}}],"inLanguage":"de"}]}},"_links":{"self":[{"href":"https:\/\/www.vinivaldi.com\/weine\/wp-json\/wp\/v2\/product\/81","targetHints":{"allow":["GET"]}}],"collection":[{"href":"https:\/\/www.vinivaldi.com\/weine\/wp-json\/wp\/v2\/product"}],"about":[{"href":"https:\/\/www.vinivaldi.com\/weine\/wp-json\/wp\/v2\/types\/product"}],"replies":[{"embeddable":true,"href":"https:\/\/www.vinivaldi.com\/weine\/wp-json\/wp\/v2\/comments?post=81"}],"wp:featuredmedia":[{"embeddable":true,"href":"https:\/\/www.vinivaldi.com\/weine\/wp-json\/wp\/v2\/media\/1812"}],"wp:attachment":[{"href":"https:\/\/www.vinivaldi.com\/weine\/wp-json\/wp\/v2\/media?parent=81"}],"wp:term":[{"taxonomy":"product_brand","embeddable":true,"href":"https:\/\/www.vinivaldi.com\/weine\/wp-json\/wp\/v2\/product_brand?post=81"},{"taxonomy":"product_cat","embeddable":true,"href":"https:\/\/www.vinivaldi.com\/weine\/wp-json\/wp\/v2\/product_cat?post=81"},{"taxonomy":"product_tag","embeddable":true,"href":"https:\/\/www.vinivaldi.com\/weine\/wp-json\/wp\/v2\/product_tag?post=81"}],"curies":[{"name":"wp","href":"https:\/\/api.w.org\/{rel}","templated":true}]}}