{"id":89,"date":"2014-07-12T10:05:55","date_gmt":"2014-07-12T08:05:55","guid":{"rendered":"http:\/\/vinivaldi.langhe.net\/?post_type=product&#038;p=89"},"modified":"2025-11-13T17:34:16","modified_gmt":"2025-11-13T16:34:16","slug":"monferrato-bianco-doc","status":"publish","type":"product","link":"https:\/\/www.vinivaldi.com\/weine\/produkt\/monferrato-bianco-doc\/","title":{"rendered":"Monferrato Bianco DOC Vento"},"content":{"rendered":"<h2>Anmerkungen bei der Weinprobe<\/h2>\n<p>Erhalten aus der Kombination von Favorita und Chardonnay, ist es ein prickelnder Wein mit einer strohgelben Farbe und gr\u00fcnlichen Farbreflexen. Sein Aroma ist fein, intensiv und erinnert an wei\u00dfe Bl\u00fcten. Er ist vollmundig, weich, frisch und elegant.<\/p>\n<p>Der Wein wird als Aperitif und zu Fischgerichten gereicht. Er passt auch ideal zu Wurstplatten und ganz besonders zum \u201eFiletto baciato di Ponzone\u201c<span style=\"line-height: 1.5;\">.<\/span><\/p>\n<h2>Weinbereitung<\/h2>\n<p><strong>Herstellungsmethode<\/strong>: Pressen der Trauben mit anschlie\u00dfender G\u00e4rung, wobei die Fruchtmaische 10 Stunden lang im Traubensaft belassen wird. Danach darf der Most 12 bis 15 Tage lang bei niedriger Temperatur g\u00e4ren.<strong><br \/>\nTemperatur<\/strong>: 16\u00b0C<strong><br \/>\nDauer<\/strong>: 12\/15 Tage<strong><br \/>\nMalolaktische G\u00e4rung<\/strong>: nein<\/p>\n<h2>Flasche<\/h2>\n<p><strong>Leergewicht Flasche<\/strong>: 300 g<br \/>\n<strong>Reifungspotential<\/strong>: 2 Jahre<br \/>\n<strong>Gr\u00f6\u00dfe des Korkens<\/strong>: 26\u00d740<br \/>\n<strong>Material des Korkens<\/strong>: Kunststoff<br \/>\n<strong>Flaschentyp<\/strong>: Bordeaux<\/p>\n<h2>Weinberg<\/h2>\n<p><strong>Boden<\/strong>: lehmig-tonhaltig<br \/>\n<strong>Ausrichtung<\/strong>: \u00f6stlich<br \/>\n<strong>Anbaumethode<\/strong>: konventionell<br \/>\n<strong>Anpflanzung<\/strong>: 1993 \/ 2004<br \/>\n<strong>Art der Weinernte<\/strong>: per Hand<\/p>\n","protected":false},"excerpt":{"rendered":"<ul>\n<li><strong>Name des Produkts<\/strong>: VENTO<\/li>\n<li><strong>Rebsorten<\/strong>: Favorita 80% Chardonnay 20%<\/li>\n<li><strong>Ursprungsbezeichnung<\/strong>: Monferrato Bianco<\/li>\n<li><strong>Klassifizierung<\/strong>: DOC<\/li>\n<li><strong>Farbe<\/strong>: wei\u00df<\/li>\n<li><strong>Typologie<\/strong>: spritzig<\/li>\n<li><strong>Flasche<\/strong>: 75 cl<\/li>\n<li><strong>Ort\/Region\/Land<\/strong>: Nizza Monferrato\/ Piemont \/ Italien<\/li>\n<li><strong>Alkoholgehalt<\/strong>: 12%<\/li>\n<li><strong>Rests\u00fc\u00dfe<\/strong>: 2,8<\/li>\n<li><strong>Enth\u00e4lt Sulfite<\/strong><\/li>\n<\/ul>\n","protected":false},"featured_media":1822,"comment_status":"closed","ping_status":"closed","template":"","meta":{"_genesis_hide_title":false,"_genesis_hide_breadcrumbs":false,"_genesis_hide_singular_image":false,"_genesis_hide_footer_widgets":false,"_genesis_custom_body_class":"","_genesis_custom_post_class":"","_genesis_layout":""},"product_brand":[],"product_cat":[24,13],"product_tag":[],"class_list":{"0":"post-89","1":"product","2":"type-product","3":"status-publish","4":"has-post-thumbnail","6":"product_cat-all-wines","7":"product_cat-white-wines","8":"entry","10":"first","11":"instock","12":"featured","13":"taxable","14":"shipping-taxable","15":"product-type-simple"},"yoast_head":"<!-- This site is optimized with the Yoast SEO plugin v26.7 - https:\/\/yoast.com\/wordpress\/plugins\/seo\/ -->\n<title>Monferrato Bianco DOC Vento, Italian Weine | Ivaldi Dario<\/title>\n<meta name=\"robots\" content=\"index, follow, max-snippet:-1, max-image-preview:large, max-video-preview:-1\" \/>\n<link rel=\"canonical\" href=\"https:\/\/www.vinivaldi.com\/weine\/produkt\/monferrato-bianco-doc\/\" \/>\n<meta property=\"og:locale\" content=\"de_DE\" \/>\n<meta property=\"og:type\" content=\"article\" \/>\n<meta property=\"og:title\" content=\"Monferrato Bianco DOC Vento, Italian Weine | Ivaldi Dario\" \/>\n<meta property=\"og:description\" content=\"Name des Produkts: VENTO  Rebsorten: Favorita 80% Chardonnay 20%  Ursprungsbezeichnung: Monferrato Bianco  Klassifizierung: DOC  Farbe: wei\u00df  Typologie: spritzig  Flasche: 75 cl  Ort\/Region\/Land: Nizza Monferrato\/ Piemont \/ Italien  Alkoholgehalt: 12%  Rests\u00fc\u00dfe: 2,8  Enth\u00e4lt Sulfite\" \/>\n<meta property=\"og:url\" content=\"https:\/\/www.vinivaldi.com\/weine\/produkt\/monferrato-bianco-doc\/\" \/>\n<meta property=\"og:site_name\" content=\"Landwirtschaftlicher Betrieb Ivaldi Dario von Ivaldi Andrea\" \/>\n<meta property=\"article:publisher\" content=\"https:\/\/www.facebook.com\/vinidelmonferrato\/\" \/>\n<meta property=\"article:modified_time\" content=\"2025-11-13T16:34:16+00:00\" \/>\n<meta property=\"og:image\" content=\"https:\/\/www.vinivaldi.com\/weine\/wp-content\/uploads\/2020\/04\/Vento-Monferrato-Bianco-ivaldi-dario.jpg\" \/>\n\t<meta property=\"og:image:width\" content=\"890\" \/>\n\t<meta property=\"og:image:height\" content=\"890\" \/>\n\t<meta property=\"og:image:type\" content=\"image\/jpeg\" \/>\n<meta name=\"twitter:card\" content=\"summary_large_image\" \/>\n<meta name=\"twitter:label1\" content=\"Gesch\u00e4tzte Lesezeit\" \/>\n\t<meta name=\"twitter:data1\" content=\"1\u00a0Minute\" \/>\n<script type=\"application\/ld+json\" class=\"yoast-schema-graph\">{\"@context\":\"https:\/\/schema.org\",\"@graph\":[{\"@type\":\"WebPage\",\"@id\":\"https:\/\/www.vinivaldi.com\/weine\/produkt\/monferrato-bianco-doc\/\",\"url\":\"https:\/\/www.vinivaldi.com\/weine\/produkt\/monferrato-bianco-doc\/\",\"name\":\"Monferrato Bianco DOC Vento, Italian Weine | Ivaldi Dario\",\"isPartOf\":{\"@id\":\"https:\/\/www.vinivaldi.com\/weine\/#website\"},\"primaryImageOfPage\":{\"@id\":\"https:\/\/www.vinivaldi.com\/weine\/produkt\/monferrato-bianco-doc\/#primaryimage\"},\"image\":{\"@id\":\"https:\/\/www.vinivaldi.com\/weine\/produkt\/monferrato-bianco-doc\/#primaryimage\"},\"thumbnailUrl\":\"https:\/\/www.vinivaldi.com\/weine\/wp-content\/uploads\/2020\/04\/Vento-Monferrato-Bianco-ivaldi-dario.jpg\",\"datePublished\":\"2014-07-12T08:05:55+00:00\",\"dateModified\":\"2025-11-13T16:34:16+00:00\",\"breadcrumb\":{\"@id\":\"https:\/\/www.vinivaldi.com\/weine\/produkt\/monferrato-bianco-doc\/#breadcrumb\"},\"inLanguage\":\"de\",\"potentialAction\":[{\"@type\":\"ReadAction\",\"target\":[\"https:\/\/www.vinivaldi.com\/weine\/produkt\/monferrato-bianco-doc\/\"]}]},{\"@type\":\"ImageObject\",\"inLanguage\":\"de\",\"@id\":\"https:\/\/www.vinivaldi.com\/weine\/produkt\/monferrato-bianco-doc\/#primaryimage\",\"url\":\"https:\/\/www.vinivaldi.com\/weine\/wp-content\/uploads\/2020\/04\/Vento-Monferrato-Bianco-ivaldi-dario.jpg\",\"contentUrl\":\"https:\/\/www.vinivaldi.com\/weine\/wp-content\/uploads\/2020\/04\/Vento-Monferrato-Bianco-ivaldi-dario.jpg\",\"width\":890,\"height\":890,\"caption\":\"Vento-Monferrato-Bianco-ivaldi-dario\"},{\"@type\":\"BreadcrumbList\",\"@id\":\"https:\/\/www.vinivaldi.com\/weine\/produkt\/monferrato-bianco-doc\/#breadcrumb\",\"itemListElement\":[{\"@type\":\"ListItem\",\"position\":1,\"name\":\"Home\",\"item\":\"https:\/\/www.vinivaldi.com\/weine\/\"},{\"@type\":\"ListItem\",\"position\":2,\"name\":\"Shop\",\"item\":\"https:\/\/www.vinivaldi.com\/weine\/negozio\/\"},{\"@type\":\"ListItem\",\"position\":3,\"name\":\"Monferrato Bianco DOC Vento\"}]},{\"@type\":\"WebSite\",\"@id\":\"https:\/\/www.vinivaldi.com\/weine\/#website\",\"url\":\"https:\/\/www.vinivaldi.com\/weine\/\",\"name\":\"Landwirtschaftlicher Betrieb Ivaldi Dario von Ivaldi Andrea\",\"description\":\"\",\"potentialAction\":[{\"@type\":\"SearchAction\",\"target\":{\"@type\":\"EntryPoint\",\"urlTemplate\":\"https:\/\/www.vinivaldi.com\/weine\/?s={search_term_string}\"},\"query-input\":{\"@type\":\"PropertyValueSpecification\",\"valueRequired\":true,\"valueName\":\"search_term_string\"}}],\"inLanguage\":\"de\"}]}<\/script>\n<!-- \/ Yoast SEO plugin. -->","yoast_head_json":{"title":"Monferrato Bianco DOC Vento, Italian Weine | Ivaldi Dario","robots":{"index":"index","follow":"follow","max-snippet":"max-snippet:-1","max-image-preview":"max-image-preview:large","max-video-preview":"max-video-preview:-1"},"canonical":"https:\/\/www.vinivaldi.com\/weine\/produkt\/monferrato-bianco-doc\/","og_locale":"de_DE","og_type":"article","og_title":"Monferrato Bianco DOC Vento, Italian Weine | Ivaldi Dario","og_description":"Name des Produkts: VENTO  Rebsorten: Favorita 80% Chardonnay 20%  Ursprungsbezeichnung: Monferrato Bianco  Klassifizierung: DOC  Farbe: wei\u00df  Typologie: spritzig  Flasche: 75 cl  Ort\/Region\/Land: Nizza Monferrato\/ Piemont \/ Italien  Alkoholgehalt: 12%  Rests\u00fc\u00dfe: 2,8  Enth\u00e4lt Sulfite","og_url":"https:\/\/www.vinivaldi.com\/weine\/produkt\/monferrato-bianco-doc\/","og_site_name":"Landwirtschaftlicher Betrieb Ivaldi Dario von Ivaldi Andrea","article_publisher":"https:\/\/www.facebook.com\/vinidelmonferrato\/","article_modified_time":"2025-11-13T16:34:16+00:00","og_image":[{"width":890,"height":890,"url":"https:\/\/www.vinivaldi.com\/weine\/wp-content\/uploads\/2020\/04\/Vento-Monferrato-Bianco-ivaldi-dario.jpg","type":"image\/jpeg"}],"twitter_card":"summary_large_image","twitter_misc":{"Gesch\u00e4tzte Lesezeit":"1\u00a0Minute"},"schema":{"@context":"https:\/\/schema.org","@graph":[{"@type":"WebPage","@id":"https:\/\/www.vinivaldi.com\/weine\/produkt\/monferrato-bianco-doc\/","url":"https:\/\/www.vinivaldi.com\/weine\/produkt\/monferrato-bianco-doc\/","name":"Monferrato Bianco DOC Vento, Italian Weine | Ivaldi Dario","isPartOf":{"@id":"https:\/\/www.vinivaldi.com\/weine\/#website"},"primaryImageOfPage":{"@id":"https:\/\/www.vinivaldi.com\/weine\/produkt\/monferrato-bianco-doc\/#primaryimage"},"image":{"@id":"https:\/\/www.vinivaldi.com\/weine\/produkt\/monferrato-bianco-doc\/#primaryimage"},"thumbnailUrl":"https:\/\/www.vinivaldi.com\/weine\/wp-content\/uploads\/2020\/04\/Vento-Monferrato-Bianco-ivaldi-dario.jpg","datePublished":"2014-07-12T08:05:55+00:00","dateModified":"2025-11-13T16:34:16+00:00","breadcrumb":{"@id":"https:\/\/www.vinivaldi.com\/weine\/produkt\/monferrato-bianco-doc\/#breadcrumb"},"inLanguage":"de","potentialAction":[{"@type":"ReadAction","target":["https:\/\/www.vinivaldi.com\/weine\/produkt\/monferrato-bianco-doc\/"]}]},{"@type":"ImageObject","inLanguage":"de","@id":"https:\/\/www.vinivaldi.com\/weine\/produkt\/monferrato-bianco-doc\/#primaryimage","url":"https:\/\/www.vinivaldi.com\/weine\/wp-content\/uploads\/2020\/04\/Vento-Monferrato-Bianco-ivaldi-dario.jpg","contentUrl":"https:\/\/www.vinivaldi.com\/weine\/wp-content\/uploads\/2020\/04\/Vento-Monferrato-Bianco-ivaldi-dario.jpg","width":890,"height":890,"caption":"Vento-Monferrato-Bianco-ivaldi-dario"},{"@type":"BreadcrumbList","@id":"https:\/\/www.vinivaldi.com\/weine\/produkt\/monferrato-bianco-doc\/#breadcrumb","itemListElement":[{"@type":"ListItem","position":1,"name":"Home","item":"https:\/\/www.vinivaldi.com\/weine\/"},{"@type":"ListItem","position":2,"name":"Shop","item":"https:\/\/www.vinivaldi.com\/weine\/negozio\/"},{"@type":"ListItem","position":3,"name":"Monferrato Bianco DOC Vento"}]},{"@type":"WebSite","@id":"https:\/\/www.vinivaldi.com\/weine\/#website","url":"https:\/\/www.vinivaldi.com\/weine\/","name":"Landwirtschaftlicher Betrieb Ivaldi Dario von Ivaldi Andrea","description":"","potentialAction":[{"@type":"SearchAction","target":{"@type":"EntryPoint","urlTemplate":"https:\/\/www.vinivaldi.com\/weine\/?s={search_term_string}"},"query-input":{"@type":"PropertyValueSpecification","valueRequired":true,"valueName":"search_term_string"}}],"inLanguage":"de"}]}},"_links":{"self":[{"href":"https:\/\/www.vinivaldi.com\/weine\/wp-json\/wp\/v2\/product\/89","targetHints":{"allow":["GET"]}}],"collection":[{"href":"https:\/\/www.vinivaldi.com\/weine\/wp-json\/wp\/v2\/product"}],"about":[{"href":"https:\/\/www.vinivaldi.com\/weine\/wp-json\/wp\/v2\/types\/product"}],"replies":[{"embeddable":true,"href":"https:\/\/www.vinivaldi.com\/weine\/wp-json\/wp\/v2\/comments?post=89"}],"wp:featuredmedia":[{"embeddable":true,"href":"https:\/\/www.vinivaldi.com\/weine\/wp-json\/wp\/v2\/media\/1822"}],"wp:attachment":[{"href":"https:\/\/www.vinivaldi.com\/weine\/wp-json\/wp\/v2\/media?parent=89"}],"wp:term":[{"taxonomy":"product_brand","embeddable":true,"href":"https:\/\/www.vinivaldi.com\/weine\/wp-json\/wp\/v2\/product_brand?post=89"},{"taxonomy":"product_cat","embeddable":true,"href":"https:\/\/www.vinivaldi.com\/weine\/wp-json\/wp\/v2\/product_cat?post=89"},{"taxonomy":"product_tag","embeddable":true,"href":"https:\/\/www.vinivaldi.com\/weine\/wp-json\/wp\/v2\/product_tag?post=89"}],"curies":[{"name":"wp","href":"https:\/\/api.w.org\/{rel}","templated":true}]}}