{"id":97,"date":"2014-07-12T10:04:24","date_gmt":"2014-07-12T08:04:24","guid":{"rendered":"http:\/\/vinivaldi.langhe.net\/?post_type=product&#038;p=97"},"modified":"2025-11-13T17:34:12","modified_gmt":"2025-11-13T16:34:12","slug":"moscato-dasti-docg","status":"publish","type":"product","link":"https:\/\/www.vinivaldi.com\/weine\/produkt\/moscato-dasti-docg\/","title":{"rendered":"Moscato d&#8217;Asti DOCG Ros du Su"},"content":{"rendered":"<h2>Anmerkungen bei der Weinprobe<\/h2>\n<p>Ein aromatischer, s\u00fc\u00dfer Wein mit strohgelber Farbe und hellgoldenen Farbreflexen. Er hat ein intensives, wohlriechendes und delikates Muskatbukett, das an Honig, Akazien- und Lindenbl\u00fcten erinnert. Der Wein zeigt eine feine und lang anhaltende Perlage mit einem s\u00fc\u00dfen, frischen und ausgeglichenen Geschmack.<\/p>\n<p>Er passt ausgezeichnet zu Desserts und Pl\u00e4tzchen, ganz besonders zur \u201etorta di nocciola\u201c (Nusskuchen) und den \u201eAmaretti di Mombaruzzo\u201c.<\/p>\n<h2>Weinbereitung<\/h2>\n<p><strong>Methode<\/strong>: Die Muskateller-Trauben werden gepresst, von den Stielen getrennt und in eine Stahlwanne f\u00fcr eine 10-st\u00fcndige Maischeg\u00e4rung bei 10\u00b0 C gef\u00fcllt. Anschlie\u00dfend wird der Trester gepresst und gefiltert, danach wird der klare Most mit Enzymen versetzt. F\u00fcr die Schaumbildung darf der Wein dann bei niedriger Temperatur langsam g\u00e4ren, bevor er in Flaschen gef\u00fcllt wird.<br \/>\n<strong>Temperatur<\/strong>: 16\u00b0C<br \/>\n<strong>Dauer<\/strong>: 3 Tage<br \/>\n<strong>Malolaktische G\u00e4rung<\/strong>: nein<br \/>\n<strong>Veredelung<\/strong>: nein<br \/>\n<strong>Alter der F\u00e4sser<\/strong>: nein<br \/>\n<strong>Mindestlagerzeit in Flasche<\/strong>: 1 Monat<\/p>\n<h2>Flasche<\/h2>\n<p><strong>Leergewicht Flasche<\/strong>: 500 g<strong><br \/>\nReifungspotential<\/strong>: 2 Jahre<strong><br \/>\nKorkengr\u00f6\u00dfe<\/strong>: 26\u00d744<strong><br \/>\nKorkenmaterial<\/strong>: nat\u00fcrlicher Kork<strong><br \/>\nFlaschentyp<\/strong>: traditionelle Burgunderflasche<\/p>\n<h2>Weinberg<\/h2>\n<p><strong>% Trauben\/ Rebsorte<\/strong>: Muskateller 100%<strong><br \/>\nBoden<\/strong>: lehmig-tonhaltig<strong><br \/>\nAusrichtung<\/strong>: \u00f6stlich<strong><br \/>\nAnbaumethode<\/strong>: konventionell<strong><br \/>\nAnpflanzung<\/strong>: 1975<strong><br \/>\n<\/strong><strong>Art der Weinernte<\/strong>: per Hand<\/p>\n<div id=\"gtx-trans\" style=\"position: absolute; left: -107px; top: 169.719px;\">\n<div class=\"gtx-trans-icon\"><\/div>\n<\/div>\n","protected":false},"excerpt":{"rendered":"<ul>\n<li><strong>Name des Produkts<\/strong>: ROS DU SU<\/li>\n<li><strong>Rebsorte<\/strong>: Moscato<\/li>\n<li><strong>Ursprungsbezeichnung<\/strong>: Moscato d\u2019Asti<\/li>\n<li><strong>Klassifizierung<\/strong>: DOCG<\/li>\n<li><strong>Farbe<\/strong>: wei\u00df<\/li>\n<li><strong>Typologie<\/strong>: s\u00fc\u00df-prickelnd<\/li>\n<li><strong>Flasche<\/strong>: 75 cl<\/li>\n<li><strong>Ort\/Region\/Land<\/strong>: Piemont \/ Nizza Monferrato \/ Italien<\/li>\n<li><strong>Alkoholgehalt<\/strong>: 5%<\/li>\n<li><strong>Rests\u00fc\u00dfe<\/strong>: 135 g\/L<\/li>\n<li><strong>Enth\u00e4lt Sulfite<\/strong><\/li>\n<\/ul>\n","protected":false},"featured_media":1820,"comment_status":"closed","ping_status":"closed","template":"","meta":{"_genesis_hide_title":false,"_genesis_hide_breadcrumbs":false,"_genesis_hide_singular_image":false,"_genesis_hide_footer_widgets":false,"_genesis_custom_body_class":"","_genesis_custom_post_class":"","_genesis_layout":""},"product_brand":[],"product_cat":[24,14],"product_tag":[],"class_list":{"0":"post-97","1":"product","2":"type-product","3":"status-publish","4":"has-post-thumbnail","6":"product_cat-all-wines","7":"product_cat-sweet-wines","8":"entry","10":"first","11":"instock","12":"featured","13":"taxable","14":"shipping-taxable","15":"product-type-simple"},"yoast_head":"<!-- This site is optimized with the Yoast SEO plugin v26.7 - https:\/\/yoast.com\/wordpress\/plugins\/seo\/ -->\n<title>Moscato Asti DOCG Ros du Su, Italian Weine | Ivaldi Dario<\/title>\n<meta name=\"description\" content=\"wine with a straw-yellow color and golden hues and an intense musky scent that is fragrant and delicate reminiscent of honey, acacia flowers and lime.\" \/>\n<meta name=\"robots\" content=\"index, follow, max-snippet:-1, max-image-preview:large, max-video-preview:-1\" \/>\n<link rel=\"canonical\" href=\"https:\/\/www.vinivaldi.com\/weine\/produkt\/moscato-dasti-docg\/\" \/>\n<meta property=\"og:locale\" content=\"de_DE\" \/>\n<meta property=\"og:type\" content=\"article\" \/>\n<meta property=\"og:title\" content=\"Moscato Asti DOCG Ros du Su, Italian Weine | Ivaldi Dario\" \/>\n<meta property=\"og:description\" content=\"wine with a straw-yellow color and golden hues and an intense musky scent that is fragrant and delicate reminiscent of honey, acacia flowers and lime.\" \/>\n<meta property=\"og:url\" content=\"https:\/\/www.vinivaldi.com\/weine\/produkt\/moscato-dasti-docg\/\" \/>\n<meta property=\"og:site_name\" content=\"Landwirtschaftlicher Betrieb Ivaldi Dario von Ivaldi Andrea\" \/>\n<meta property=\"article:publisher\" content=\"https:\/\/www.facebook.com\/vinidelmonferrato\/\" \/>\n<meta property=\"article:modified_time\" content=\"2025-11-13T16:34:12+00:00\" \/>\n<meta property=\"og:image\" content=\"https:\/\/www.vinivaldi.com\/weine\/wp-content\/uploads\/2020\/04\/ros-du-su1.jpg\" \/>\n\t<meta property=\"og:image:width\" content=\"920\" \/>\n\t<meta property=\"og:image:height\" content=\"920\" \/>\n\t<meta property=\"og:image:type\" content=\"image\/jpeg\" \/>\n<meta name=\"twitter:card\" content=\"summary_large_image\" \/>\n<meta name=\"twitter:label1\" content=\"Gesch\u00e4tzte Lesezeit\" \/>\n\t<meta name=\"twitter:data1\" content=\"2\u00a0Minuten\" \/>\n<script type=\"application\/ld+json\" class=\"yoast-schema-graph\">{\"@context\":\"https:\/\/schema.org\",\"@graph\":[{\"@type\":\"WebPage\",\"@id\":\"https:\/\/www.vinivaldi.com\/weine\/produkt\/moscato-dasti-docg\/\",\"url\":\"https:\/\/www.vinivaldi.com\/weine\/produkt\/moscato-dasti-docg\/\",\"name\":\"Moscato Asti DOCG Ros du Su, Italian Weine | Ivaldi Dario\",\"isPartOf\":{\"@id\":\"https:\/\/www.vinivaldi.com\/weine\/#website\"},\"primaryImageOfPage\":{\"@id\":\"https:\/\/www.vinivaldi.com\/weine\/produkt\/moscato-dasti-docg\/#primaryimage\"},\"image\":{\"@id\":\"https:\/\/www.vinivaldi.com\/weine\/produkt\/moscato-dasti-docg\/#primaryimage\"},\"thumbnailUrl\":\"https:\/\/www.vinivaldi.com\/weine\/wp-content\/uploads\/2020\/04\/ros-du-su1.jpg\",\"datePublished\":\"2014-07-12T08:04:24+00:00\",\"dateModified\":\"2025-11-13T16:34:12+00:00\",\"description\":\"wine with a straw-yellow color and golden hues and an intense musky scent that is fragrant and delicate reminiscent of honey, acacia flowers and lime.\",\"breadcrumb\":{\"@id\":\"https:\/\/www.vinivaldi.com\/weine\/produkt\/moscato-dasti-docg\/#breadcrumb\"},\"inLanguage\":\"de\",\"potentialAction\":[{\"@type\":\"ReadAction\",\"target\":[\"https:\/\/www.vinivaldi.com\/weine\/produkt\/moscato-dasti-docg\/\"]}]},{\"@type\":\"ImageObject\",\"inLanguage\":\"de\",\"@id\":\"https:\/\/www.vinivaldi.com\/weine\/produkt\/moscato-dasti-docg\/#primaryimage\",\"url\":\"https:\/\/www.vinivaldi.com\/weine\/wp-content\/uploads\/2020\/04\/ros-du-su1.jpg\",\"contentUrl\":\"https:\/\/www.vinivaldi.com\/weine\/wp-content\/uploads\/2020\/04\/ros-du-su1.jpg\",\"width\":920,\"height\":920,\"caption\":\"MOSCATO ASTI ROS SU SUL\"},{\"@type\":\"BreadcrumbList\",\"@id\":\"https:\/\/www.vinivaldi.com\/weine\/produkt\/moscato-dasti-docg\/#breadcrumb\",\"itemListElement\":[{\"@type\":\"ListItem\",\"position\":1,\"name\":\"Home\",\"item\":\"https:\/\/www.vinivaldi.com\/weine\/\"},{\"@type\":\"ListItem\",\"position\":2,\"name\":\"Shop\",\"item\":\"https:\/\/www.vinivaldi.com\/weine\/negozio\/\"},{\"@type\":\"ListItem\",\"position\":3,\"name\":\"Moscato d&#8217;Asti DOCG Ros du Su\"}]},{\"@type\":\"WebSite\",\"@id\":\"https:\/\/www.vinivaldi.com\/weine\/#website\",\"url\":\"https:\/\/www.vinivaldi.com\/weine\/\",\"name\":\"Landwirtschaftlicher Betrieb Ivaldi Dario von Ivaldi Andrea\",\"description\":\"\",\"potentialAction\":[{\"@type\":\"SearchAction\",\"target\":{\"@type\":\"EntryPoint\",\"urlTemplate\":\"https:\/\/www.vinivaldi.com\/weine\/?s={search_term_string}\"},\"query-input\":{\"@type\":\"PropertyValueSpecification\",\"valueRequired\":true,\"valueName\":\"search_term_string\"}}],\"inLanguage\":\"de\"}]}<\/script>\n<!-- \/ Yoast SEO plugin. -->","yoast_head_json":{"title":"Moscato Asti DOCG Ros du Su, Italian Weine | Ivaldi Dario","description":"wine with a straw-yellow color and golden hues and an intense musky scent that is fragrant and delicate reminiscent of honey, acacia flowers and lime.","robots":{"index":"index","follow":"follow","max-snippet":"max-snippet:-1","max-image-preview":"max-image-preview:large","max-video-preview":"max-video-preview:-1"},"canonical":"https:\/\/www.vinivaldi.com\/weine\/produkt\/moscato-dasti-docg\/","og_locale":"de_DE","og_type":"article","og_title":"Moscato Asti DOCG Ros du Su, Italian Weine | Ivaldi Dario","og_description":"wine with a straw-yellow color and golden hues and an intense musky scent that is fragrant and delicate reminiscent of honey, acacia flowers and lime.","og_url":"https:\/\/www.vinivaldi.com\/weine\/produkt\/moscato-dasti-docg\/","og_site_name":"Landwirtschaftlicher Betrieb Ivaldi Dario von Ivaldi Andrea","article_publisher":"https:\/\/www.facebook.com\/vinidelmonferrato\/","article_modified_time":"2025-11-13T16:34:12+00:00","og_image":[{"width":920,"height":920,"url":"https:\/\/www.vinivaldi.com\/weine\/wp-content\/uploads\/2020\/04\/ros-du-su1.jpg","type":"image\/jpeg"}],"twitter_card":"summary_large_image","twitter_misc":{"Gesch\u00e4tzte Lesezeit":"2\u00a0Minuten"},"schema":{"@context":"https:\/\/schema.org","@graph":[{"@type":"WebPage","@id":"https:\/\/www.vinivaldi.com\/weine\/produkt\/moscato-dasti-docg\/","url":"https:\/\/www.vinivaldi.com\/weine\/produkt\/moscato-dasti-docg\/","name":"Moscato Asti DOCG Ros du Su, Italian Weine | Ivaldi Dario","isPartOf":{"@id":"https:\/\/www.vinivaldi.com\/weine\/#website"},"primaryImageOfPage":{"@id":"https:\/\/www.vinivaldi.com\/weine\/produkt\/moscato-dasti-docg\/#primaryimage"},"image":{"@id":"https:\/\/www.vinivaldi.com\/weine\/produkt\/moscato-dasti-docg\/#primaryimage"},"thumbnailUrl":"https:\/\/www.vinivaldi.com\/weine\/wp-content\/uploads\/2020\/04\/ros-du-su1.jpg","datePublished":"2014-07-12T08:04:24+00:00","dateModified":"2025-11-13T16:34:12+00:00","description":"wine with a straw-yellow color and golden hues and an intense musky scent that is fragrant and delicate reminiscent of honey, acacia flowers and lime.","breadcrumb":{"@id":"https:\/\/www.vinivaldi.com\/weine\/produkt\/moscato-dasti-docg\/#breadcrumb"},"inLanguage":"de","potentialAction":[{"@type":"ReadAction","target":["https:\/\/www.vinivaldi.com\/weine\/produkt\/moscato-dasti-docg\/"]}]},{"@type":"ImageObject","inLanguage":"de","@id":"https:\/\/www.vinivaldi.com\/weine\/produkt\/moscato-dasti-docg\/#primaryimage","url":"https:\/\/www.vinivaldi.com\/weine\/wp-content\/uploads\/2020\/04\/ros-du-su1.jpg","contentUrl":"https:\/\/www.vinivaldi.com\/weine\/wp-content\/uploads\/2020\/04\/ros-du-su1.jpg","width":920,"height":920,"caption":"MOSCATO ASTI ROS SU SUL"},{"@type":"BreadcrumbList","@id":"https:\/\/www.vinivaldi.com\/weine\/produkt\/moscato-dasti-docg\/#breadcrumb","itemListElement":[{"@type":"ListItem","position":1,"name":"Home","item":"https:\/\/www.vinivaldi.com\/weine\/"},{"@type":"ListItem","position":2,"name":"Shop","item":"https:\/\/www.vinivaldi.com\/weine\/negozio\/"},{"@type":"ListItem","position":3,"name":"Moscato d&#8217;Asti DOCG Ros du Su"}]},{"@type":"WebSite","@id":"https:\/\/www.vinivaldi.com\/weine\/#website","url":"https:\/\/www.vinivaldi.com\/weine\/","name":"Landwirtschaftlicher Betrieb Ivaldi Dario von Ivaldi Andrea","description":"","potentialAction":[{"@type":"SearchAction","target":{"@type":"EntryPoint","urlTemplate":"https:\/\/www.vinivaldi.com\/weine\/?s={search_term_string}"},"query-input":{"@type":"PropertyValueSpecification","valueRequired":true,"valueName":"search_term_string"}}],"inLanguage":"de"}]}},"_links":{"self":[{"href":"https:\/\/www.vinivaldi.com\/weine\/wp-json\/wp\/v2\/product\/97","targetHints":{"allow":["GET"]}}],"collection":[{"href":"https:\/\/www.vinivaldi.com\/weine\/wp-json\/wp\/v2\/product"}],"about":[{"href":"https:\/\/www.vinivaldi.com\/weine\/wp-json\/wp\/v2\/types\/product"}],"replies":[{"embeddable":true,"href":"https:\/\/www.vinivaldi.com\/weine\/wp-json\/wp\/v2\/comments?post=97"}],"wp:featuredmedia":[{"embeddable":true,"href":"https:\/\/www.vinivaldi.com\/weine\/wp-json\/wp\/v2\/media\/1820"}],"wp:attachment":[{"href":"https:\/\/www.vinivaldi.com\/weine\/wp-json\/wp\/v2\/media?parent=97"}],"wp:term":[{"taxonomy":"product_brand","embeddable":true,"href":"https:\/\/www.vinivaldi.com\/weine\/wp-json\/wp\/v2\/product_brand?post=97"},{"taxonomy":"product_cat","embeddable":true,"href":"https:\/\/www.vinivaldi.com\/weine\/wp-json\/wp\/v2\/product_cat?post=97"},{"taxonomy":"product_tag","embeddable":true,"href":"https:\/\/www.vinivaldi.com\/weine\/wp-json\/wp\/v2\/product_tag?post=97"}],"curies":[{"name":"wp","href":"https:\/\/api.w.org\/{rel}","templated":true}]}}